{"id":705745,"date":"2025-08-27T15:48:56","date_gmt":"2025-08-27T12:48:56","guid":{"rendered":"https:\/\/roveyayinevi.com.tr\/index.php\/urun\/triggers\/"},"modified":"2026-04-16T02:14:29","modified_gmt":"2026-04-15T23:14:29","slug":"triggers","status":"publish","type":"product","link":"https:\/\/roveyayinevi.com.tr\/index.php\/urun\/triggers\/","title":{"rendered":"Triggers"},"content":{"rendered":"<p>Triggers\u2019\u0131 okumak, Marshall\u2019la sohbet etmek gibi: Son derece a\u00e7\u0131k, pratik ve hayata ge\u00e7irilebilir tavsiyeler al\u0131yorsunuz.Ian Read, Pfizer, CEO <\/p>\n","protected":false},"excerpt":{"rendered":"<p>Triggers\u2019\u0131 okumak, Marshall\u2019la sohbet etmek gibi: Son derece a\u00e7\u0131k, pratik ve hayata ge\u00e7irilebilir tavsiyeler al\u0131yorsunuz.Ian Read, Pfizer, CEO<\/p>\n","protected":false},"featured_media":0,"template":"","meta":{"_monsterinsights_skip_tracking":false,"_monsterinsights_sitenote_active":false,"_monsterinsights_sitenote_note":"","_monsterinsights_sitenote_category":0},"product_brand":[],"product_cat":[13043,17647],"product_tag":[],"class_list":{"0":"post-705745","1":"product","2":"type-product","3":"status-publish","5":"product_cat-ekonomi","6":"product_cat-is-dunyasi","7":"pa_cilt-ciltsiz","8":"pa_tur-kitap","9":"pa_yayinevi-mediacat-kitaplari","10":"pa_yazar-mark-reiter","12":"first","13":"instock","14":"sale","15":"shipping-taxable","16":"purchasable","17":"product-type-simple"},"_links":{"self":[{"href":"https:\/\/roveyayinevi.com.tr\/index.php\/wp-json\/wp\/v2\/product\/705745","targetHints":{"allow":["GET"]}}],"collection":[{"href":"https:\/\/roveyayinevi.com.tr\/index.php\/wp-json\/wp\/v2\/product"}],"about":[{"href":"https:\/\/roveyayinevi.com.tr\/index.php\/wp-json\/wp\/v2\/types\/product"}],"wp:attachment":[{"href":"https:\/\/roveyayinevi.com.tr\/index.php\/wp-json\/wp\/v2\/media?parent=705745"}],"wp:term":[{"taxonomy":"product_brand","embeddable":true,"href":"https:\/\/roveyayinevi.com.tr\/index.php\/wp-json\/wp\/v2\/product_brand?post=705745"},{"taxonomy":"product_cat","embeddable":true,"href":"https:\/\/roveyayinevi.com.tr\/index.php\/wp-json\/wp\/v2\/product_cat?post=705745"},{"taxonomy":"product_tag","embeddable":true,"href":"https:\/\/roveyayinevi.com.tr\/index.php\/wp-json\/wp\/v2\/product_tag?post=705745"}],"curies":[{"name":"wp","href":"https:\/\/api.w.org\/{rel}","templated":true}]}}