{"id":705741,"date":"2025-08-27T15:48:54","date_gmt":"2025-08-27T12:48:54","guid":{"rendered":"https:\/\/roveyayinevi.com.tr\/index.php\/urun\/kirgiz-turkcesi-grameri\/"},"modified":"2026-04-16T02:14:29","modified_gmt":"2026-04-15T23:14:29","slug":"kirgiz-turkcesi-grameri","status":"publish","type":"product","link":"https:\/\/roveyayinevi.com.tr\/index.php\/urun\/kirgiz-turkcesi-grameri\/","title":{"rendered":"K\u0131rg\u0131z T\u00fcrk\u00e7esi Grameri"},"content":{"rendered":"<p>Elinizdeki K\u0131rg\u0131z T\u00fcrk\u00e7esi Grameri adl\u0131 bu eser, K\u0131rg\u0131zistan\u2019da K\u0131rg\u0131z T\u00fcrk\u00e7esi ile bas\u0131lan T\u00fcrkoloji kitaplar\u0131, ders kitaplar\u0131, halk \u015fiiri kitaplar\u0131 gibi eserler taranarak elde edilen malzemelere g\u00f6re yaz\u0131lm\u0131\u015ft\u0131r. Eserde verilen K\u0131rg\u0131zca dil malzemeleri T\u00fcrkiye T\u00fcrk\u00e7esi ile ayn\u0131 zamanda Eski T\u00fcrk\u00e7edeki bi\u00e7imleriyle de kar\u015f\u0131la\u015ft\u0131r\u0131larak dil birli\u011finin tarih\u00ee benzerli\u011fine de de\u011finilmi\u015ftir. Eserin baz\u0131 b\u00f6l\u00fcmlerine eklenen kar\u015f\u0131l\u0131kl\u0131 s\u00f6z varl\u0131\u011f\u0131 ile T\u00fcrkiye T\u00fcrk\u00e7esi-K\u0131rg\u0131z T\u00fcrk\u00e7esi s\u00f6zl\u00fc\u011f\u00fcne kaynak haz\u0131rlanm\u0131\u015ft\u0131r. T\u00fcrkiye \u00dcniversiteleri ile Manas \u00dcniversitesi\u2019nin \u201c\u00c7a\u011fda\u015f T\u00fcrk Leh\u00e7eleri B\u00f6l\u00fcmleri\u201dnde okuyan T\u00fcrk gen\u00e7lerine yararl\u0131 olmas\u0131 temennisiyle&#8230;  <\/p>\n","protected":false},"excerpt":{"rendered":"<p>Elinizdeki K\u0131rg\u0131z T\u00fcrk\u00e7esi Grameri adl\u0131 bu eser, K\u0131rg\u0131zistan\u2019da K\u0131rg\u0131z T\u00fcrk\u00e7esi ile bas\u0131lan T\u00fcrkoloji kitaplar\u0131, ders kitaplar\u0131, halk \u015fiiri kitaplar\u0131 gibi eserler taranarak elde edilen malzemelere g\u00f6re<span class=\"excerpt-hellip\"> [\u2026]<\/span><\/p>\n","protected":false},"featured_media":0,"template":"","meta":{"_monsterinsights_skip_tracking":false,"_monsterinsights_sitenote_active":false,"_monsterinsights_sitenote_note":"","_monsterinsights_sitenote_category":0},"product_brand":[],"product_cat":[13661,12291],"product_tag":[],"class_list":{"0":"post-705741","1":"product","2":"type-product","3":"status-publish","5":"product_cat-diger-ulke-edebiyatlari","6":"product_cat-edebiyat","7":"pa_cilt-ciltsiz","8":"pa_tur-kitap","9":"pa_yayinevi-bilge-kultur-sanat","10":"pa_yazar-tuncer-gulensoy","12":"first","13":"instock","14":"sale","15":"shipping-taxable","16":"purchasable","17":"product-type-simple"},"_links":{"self":[{"href":"https:\/\/roveyayinevi.com.tr\/index.php\/wp-json\/wp\/v2\/product\/705741","targetHints":{"allow":["GET"]}}],"collection":[{"href":"https:\/\/roveyayinevi.com.tr\/index.php\/wp-json\/wp\/v2\/product"}],"about":[{"href":"https:\/\/roveyayinevi.com.tr\/index.php\/wp-json\/wp\/v2\/types\/product"}],"wp:attachment":[{"href":"https:\/\/roveyayinevi.com.tr\/index.php\/wp-json\/wp\/v2\/media?parent=705741"}],"wp:term":[{"taxonomy":"product_brand","embeddable":true,"href":"https:\/\/roveyayinevi.com.tr\/index.php\/wp-json\/wp\/v2\/product_brand?post=705741"},{"taxonomy":"product_cat","embeddable":true,"href":"https:\/\/roveyayinevi.com.tr\/index.php\/wp-json\/wp\/v2\/product_cat?post=705741"},{"taxonomy":"product_tag","embeddable":true,"href":"https:\/\/roveyayinevi.com.tr\/index.php\/wp-json\/wp\/v2\/product_tag?post=705741"}],"curies":[{"name":"wp","href":"https:\/\/api.w.org\/{rel}","templated":true}]}}