{"id":705740,"date":"2025-08-27T15:48:53","date_gmt":"2025-08-27T12:48:53","guid":{"rendered":"https:\/\/roveyayinevi.com.tr\/index.php\/urun\/cennete-kadar-yolun-var\/"},"modified":"2026-04-16T02:14:29","modified_gmt":"2026-04-15T23:14:29","slug":"cennete-kadar-yolun-var","status":"publish","type":"product","link":"https:\/\/roveyayinevi.com.tr\/index.php\/urun\/cennete-kadar-yolun-var\/","title":{"rendered":"Cennete Kadar Yolun Var"},"content":{"rendered":"<p>Hayat\u0131n\u0131zda girece\u011finiz en \u00f6nemli s\u0131navlar\u0131 d\u00fc\u015f\u00fcn\u00fcn, haz\u0131rlan\u0131rken ilk yapaca\u011f\u0131n\u0131z \u015fey \u00e7\u0131km\u0131\u015f sorulara bakmakt\u0131r de\u011fil mi? Tabii ki. Soru tarzlar\u0131ndan ve konulardan yola \u00e7\u0131karak nas\u0131l \u00e7al\u0131\u015faca\u011f\u0131n\u0131z\u0131 anlayabilirsiniz.Ama bu s\u0131navlar\u0131n en kral\u0131 bile altm\u0131\u015f y\u0131l\u0131n\u0131z\u0131 etkiler.Gel gelelim s\u0131navdan sonra da rahat edemezsiniz zaten\u2026 Bu sefer emekli olmaya \u00e7al\u0131\u015f\u0131rs\u0131n\u0131z, ne yaz\u0131k ki onun \u00e7\u0131km\u0131\u015f sorular\u0131 da yoktur. Emekli oldu\u011funuzda da sudan \u00e7\u0131km\u0131\u015f bal\u0131k gibi ne yapaca\u011f\u0131n\u0131z\u0131 \u015fa\u015f\u0131r\u0131rs\u0131n\u0131z, hem haz\u0131rlanaca\u011f\u0131n\u0131z bir s\u0131nav da olmaz.\u201cYahu ahiret vard\u0131 galiba, \u00e7al\u0131\u015facak bir \u015fey de yok, ben ona \u00e7al\u0131\u015fay\u0131m bari\u2026\u201d dersiniz ve s\u0131nava \u00fc\u00e7 g\u00fcn kala bin d\u00f6rt y\u00fcz y\u0131l\u0131n konular\u0131n\u0131 g\u00f6zden ge\u00e7irmeye \u00e7al\u0131\u015f\u0131rs\u0131n\u0131z.Peki bu s\u0131navda ne kadar ba\u015far\u0131l\u0131 olabilirsiniz?Sadece bir g\u00fcnahla cennetteki yerinizi ka\u00e7\u0131rmak istemiyorsan\u0131z, s\u0131nava do\u011fru zamanlamayla, d\u00fczg\u00fcn programlarla, g\u00fcnl\u00fck \u00e7al\u0131\u015fman\u0131z \u015fartt\u0131r.\u201cTamam da can\u0131m, benim bu ders hakk\u0131nda hi\u00e7bir bilgim yok!\u201d diyorsan\u0131z m\u00fcjde!S\u0131navdaki sorular tek kitaptan soruluyor.Ve her s\u0131navda ayn\u0131 sorular&#8230;Kitapsa bin d\u00f6rt y\u00fcz y\u0131ld\u0131r yay\u0131nda&#8230;Peki siz h\u00e2l\u00e2 almad\u0131n\u0131z m\u0131? <\/p>\n","protected":false},"excerpt":{"rendered":"<p>Hayat\u0131n\u0131zda girece\u011finiz en \u00f6nemli s\u0131navlar\u0131 d\u00fc\u015f\u00fcn\u00fcn, haz\u0131rlan\u0131rken ilk yapaca\u011f\u0131n\u0131z \u015fey \u00e7\u0131km\u0131\u015f sorulara bakmakt\u0131r de\u011fil mi? Tabii ki. Soru tarzlar\u0131ndan ve konulardan yola \u00e7\u0131karak nas\u0131l \u00e7al\u0131\u015faca\u011f\u0131n\u0131z\u0131 anlayabilirsiniz.Ama<span class=\"excerpt-hellip\"> [\u2026]<\/span><\/p>\n","protected":false},"featured_media":0,"template":"","meta":{"_monsterinsights_skip_tracking":false,"_monsterinsights_sitenote_active":false,"_monsterinsights_sitenote_note":"","_monsterinsights_sitenote_category":0},"product_brand":[],"product_cat":[12291,15117],"product_tag":[],"class_list":{"0":"post-705740","1":"product","2":"type-product","3":"status-publish","5":"product_cat-edebiyat","6":"product_cat-genclik-edebiyati","7":"pa_cilt-ciltsiz","8":"pa_tur-kitap","9":"pa_yayinevi-nesil-genc","10":"pa_yazar-yunus-oran","12":"first","13":"instock","14":"sale","15":"shipping-taxable","16":"purchasable","17":"product-type-simple"},"_links":{"self":[{"href":"https:\/\/roveyayinevi.com.tr\/index.php\/wp-json\/wp\/v2\/product\/705740","targetHints":{"allow":["GET"]}}],"collection":[{"href":"https:\/\/roveyayinevi.com.tr\/index.php\/wp-json\/wp\/v2\/product"}],"about":[{"href":"https:\/\/roveyayinevi.com.tr\/index.php\/wp-json\/wp\/v2\/types\/product"}],"wp:attachment":[{"href":"https:\/\/roveyayinevi.com.tr\/index.php\/wp-json\/wp\/v2\/media?parent=705740"}],"wp:term":[{"taxonomy":"product_brand","embeddable":true,"href":"https:\/\/roveyayinevi.com.tr\/index.php\/wp-json\/wp\/v2\/product_brand?post=705740"},{"taxonomy":"product_cat","embeddable":true,"href":"https:\/\/roveyayinevi.com.tr\/index.php\/wp-json\/wp\/v2\/product_cat?post=705740"},{"taxonomy":"product_tag","embeddable":true,"href":"https:\/\/roveyayinevi.com.tr\/index.php\/wp-json\/wp\/v2\/product_tag?post=705740"}],"curies":[{"name":"wp","href":"https:\/\/api.w.org\/{rel}","templated":true}]}}