{"id":705733,"date":"2025-08-27T15:48:51","date_gmt":"2025-08-27T12:48:51","guid":{"rendered":"https:\/\/roveyayinevi.com.tr\/index.php\/urun\/yerlesmeler-icin-temsil-sorunlari-ve-strateji-onerileri\/"},"modified":"2026-04-16T02:14:29","modified_gmt":"2026-04-15T23:14:29","slug":"yerlesmeler-icin-temsil-sorunlari-ve-strateji-onerileri","status":"publish","type":"product","link":"https:\/\/roveyayinevi.com.tr\/index.php\/urun\/yerlesmeler-icin-temsil-sorunlari-ve-strateji-onerileri\/","title":{"rendered":"Yerle\u015fmeler \u0130\u00e7in Temsil Sorunlar\u0131 Ve Strateji \u00d6nerileri"},"content":{"rendered":"<p>Bu kitap, D\u00fcnya&#8217;da sanayile\u015fmi\u015f ulus devletler toplumundan, k\u00fcreselle\u015fmi\u015f bir bilgi toplumuna ge\u00e7i\u015fi ya\u015fayan g\u00fcn\u00fcm\u00fcz d\u00fcnyas\u0131nda ortaya \u00e7\u0131kan yeni yerle\u015fme yap\u0131s\u0131n\u0131 temsilde, ge\u00e7mi\u015fteki kent ve k\u0131r\u0131n kar\u015f\u0131tl\u0131\u011f\u0131na dayand\u0131r\u0131lan yerle\u015fme terminolojisinin yetersiz kalmas\u0131 kar\u015f\u0131s\u0131nda, d\u00fcnyan\u0131n yeni bir kavramsalla\u015ft\u0131rma aray\u0131\u015f\u0131na girdi\u011fi ve ge\u00e7mi\u015fteki kuramlar\u0131n\u0131 sorgulad\u0131\u011f\u0131 ve T\u00fcrkiye&#8217;de ise siyasal iktidar\u0131n abartt\u0131\u011f\u0131, emrivaki i\u00e7eri\u011fi y\u00fcksek bir kentsel d\u00f6n\u00fc\u015f\u00fcm faaliyetinin, toplumda yaratt\u0131\u011f\u0131 tepkilerin y\u00fckseldi\u011fi bir d\u00f6nemde yazd\u0131\u011f\u0131m yaz\u0131lar\u0131 bir araya getiriyor. Son be\u015f y\u0131l i\u00e7inde de\u011fi\u015fik vesilelerle yazd\u0131\u011f\u0131m bu yaz\u0131lar \u00fc\u00e7 grup i\u00e7inde toplanm\u0131\u015ft\u0131r.  Bunlar; -De\u011fi\u015fen yerle\u015fme yap\u0131s\u0131 kar\u015f\u0131s\u0131nda, kuram ve kavram aray\u0131\u015flar\u0131 ve ele\u015ftirel s\u00f6ylemler \u00fczerinde duruyor, -D\u00fcnya&#8217;da geli\u015fen \u00e7evrecilik hareketinin de\u011ferlendirilmesini yap\u0131yor ve olanakl\u0131 yerle\u015fme merkezli \u00e7evre stratejilerini ele al\u0131yor, -T\u00fcrkiye&#8217;nin uygulad\u0131\u011f\u0131 kentsel d\u00f6n\u00fc\u015f\u00fcm yakla\u015f\u0131m\u0131 ve uygulamalar\u0131 \u00fczerine de\u011ferlendirmeler, diye s\u0131ralanabilir. <\/p>\n","protected":false},"excerpt":{"rendered":"<p>Bu kitap, D\u00fcnya&#8217;da sanayile\u015fmi\u015f ulus devletler toplumundan, k\u00fcreselle\u015fmi\u015f bir bilgi toplumuna ge\u00e7i\u015fi ya\u015fayan g\u00fcn\u00fcm\u00fcz d\u00fcnyas\u0131nda ortaya \u00e7\u0131kan yeni yerle\u015fme yap\u0131s\u0131n\u0131 temsilde, ge\u00e7mi\u015fteki kent ve k\u0131r\u0131n kar\u015f\u0131tl\u0131\u011f\u0131na<span class=\"excerpt-hellip\"> [\u2026]<\/span><\/p>\n","protected":false},"featured_media":0,"template":"","meta":{"_monsterinsights_skip_tracking":false,"_monsterinsights_sitenote_active":false,"_monsterinsights_sitenote_note":"","_monsterinsights_sitenote_category":0},"product_brand":[],"product_cat":[12324],"product_tag":[],"class_list":{"0":"post-705733","1":"product","2":"type-product","3":"status-publish","5":"product_cat-sosyoloji","6":"pa_cilt-ciltsiz","7":"pa_tur-kitap","8":"pa_yayinevi-idealkent-yayincilik","9":"pa_yazar-ilhan-tekeli","11":"first","12":"instock","13":"sale","14":"shipping-taxable","15":"purchasable","16":"product-type-simple"},"_links":{"self":[{"href":"https:\/\/roveyayinevi.com.tr\/index.php\/wp-json\/wp\/v2\/product\/705733","targetHints":{"allow":["GET"]}}],"collection":[{"href":"https:\/\/roveyayinevi.com.tr\/index.php\/wp-json\/wp\/v2\/product"}],"about":[{"href":"https:\/\/roveyayinevi.com.tr\/index.php\/wp-json\/wp\/v2\/types\/product"}],"wp:attachment":[{"href":"https:\/\/roveyayinevi.com.tr\/index.php\/wp-json\/wp\/v2\/media?parent=705733"}],"wp:term":[{"taxonomy":"product_brand","embeddable":true,"href":"https:\/\/roveyayinevi.com.tr\/index.php\/wp-json\/wp\/v2\/product_brand?post=705733"},{"taxonomy":"product_cat","embeddable":true,"href":"https:\/\/roveyayinevi.com.tr\/index.php\/wp-json\/wp\/v2\/product_cat?post=705733"},{"taxonomy":"product_tag","embeddable":true,"href":"https:\/\/roveyayinevi.com.tr\/index.php\/wp-json\/wp\/v2\/product_tag?post=705733"}],"curies":[{"name":"wp","href":"https:\/\/api.w.org\/{rel}","templated":true}]}}