{"id":705731,"date":"2025-08-27T15:48:50","date_gmt":"2025-08-27T12:48:50","guid":{"rendered":"https:\/\/roveyayinevi.com.tr\/index.php\/urun\/lord-arthur-savilein-sucu\/"},"modified":"2026-04-16T02:14:29","modified_gmt":"2026-04-15T23:14:29","slug":"lord-arthur-savilein-sucu","status":"publish","type":"product","link":"https:\/\/roveyayinevi.com.tr\/index.php\/urun\/lord-arthur-savilein-sucu\/","title":{"rendered":"Lord Arthur Savile\u2019in Su\u00e7u"},"content":{"rendered":"<p>Alfonso Reyes\u2019in \u0130spanyolcaya \u00e7evirdi\u011fi Ciddi Olman\u0131n \u00d6nemi \u00dczerine adl\u0131 eseri gibi \u2018Lord Arthur Savile\u2019in Su\u00e7u\u2019 da \u0130yi ve K\u00f6t\u00fc\u2019n\u00fcn \u00f6tesinde bir yap\u0131t. Bir cinayetin \u00f6yk\u00fcs\u00fcn\u00fc anlat\u0131r; ama cinayet, u\u00e7ar\u0131l\u0131\u011f\u0131ndan dolay\u0131 Binbir Gece Masallar\u0131\u2019nda kasten yarat\u0131lan fantastik ortamdan daha az ger\u00e7ek olmayan bir d\u00fcnyada i\u015flenir. Bu benzerli\u011fi vurgulamak i\u00e7in Stevenson ve Chesterton\u2019\u0131nkilerle k\u0131yaslanabilecek d\u00fc\u015fsel bir Londra\u2019da ge\u00e7en \u00f6yk\u00fcye, \u0130slam dinine \u00f6zg\u00fc kader anlay\u0131\u015f\u0131n\u0131n h\u00e2kim oldu\u011funu eklemek gerek. D\u00fcnyevi komedyalar\u0131nda oldu\u011fu gibi bu \u00f6yk\u00fcde de Wilde kar\u015f\u0131m\u0131za aptal kahramanlar \u00e7\u0131kar\u0131r, ancak bu kahramanlar\u0131n aptall\u0131\u011f\u0131 i\u011fneleyicidir, \u00e7\u00fcnk\u00fc bunlar asl\u0131nda yazar\u0131n g\u00fcl\u00fcmseyen maskeleridir. <\/p>\n","protected":false},"excerpt":{"rendered":"<p>Alfonso Reyes\u2019in \u0130spanyolcaya \u00e7evirdi\u011fi Ciddi Olman\u0131n \u00d6nemi \u00dczerine adl\u0131 eseri gibi \u2018Lord Arthur Savile\u2019in Su\u00e7u\u2019 da \u0130yi ve K\u00f6t\u00fc\u2019n\u00fcn \u00f6tesinde bir yap\u0131t. Bir cinayetin \u00f6yk\u00fcs\u00fcn\u00fc anlat\u0131r;<span class=\"excerpt-hellip\"> [\u2026]<\/span><\/p>\n","protected":false},"featured_media":0,"template":"","meta":{"_monsterinsights_skip_tracking":false,"_monsterinsights_sitenote_active":false,"_monsterinsights_sitenote_note":"","_monsterinsights_sitenote_category":0},"product_brand":[],"product_cat":[12291,12711],"product_tag":[],"class_list":{"0":"post-705731","1":"product","2":"type-product","3":"status-publish","5":"product_cat-edebiyat","6":"product_cat-roman-oyku","7":"pa_tur-kitap","8":"pa_yayinevi-kirmizi-kedi-yayinevi","9":"pa_yazar-oscar-wilde","11":"first","12":"instock","13":"sale","14":"shipping-taxable","15":"purchasable","16":"product-type-simple"},"_links":{"self":[{"href":"https:\/\/roveyayinevi.com.tr\/index.php\/wp-json\/wp\/v2\/product\/705731","targetHints":{"allow":["GET"]}}],"collection":[{"href":"https:\/\/roveyayinevi.com.tr\/index.php\/wp-json\/wp\/v2\/product"}],"about":[{"href":"https:\/\/roveyayinevi.com.tr\/index.php\/wp-json\/wp\/v2\/types\/product"}],"wp:attachment":[{"href":"https:\/\/roveyayinevi.com.tr\/index.php\/wp-json\/wp\/v2\/media?parent=705731"}],"wp:term":[{"taxonomy":"product_brand","embeddable":true,"href":"https:\/\/roveyayinevi.com.tr\/index.php\/wp-json\/wp\/v2\/product_brand?post=705731"},{"taxonomy":"product_cat","embeddable":true,"href":"https:\/\/roveyayinevi.com.tr\/index.php\/wp-json\/wp\/v2\/product_cat?post=705731"},{"taxonomy":"product_tag","embeddable":true,"href":"https:\/\/roveyayinevi.com.tr\/index.php\/wp-json\/wp\/v2\/product_tag?post=705731"}],"curies":[{"name":"wp","href":"https:\/\/api.w.org\/{rel}","templated":true}]}}