{"id":705730,"date":"2025-08-27T15:48:49","date_gmt":"2025-08-27T12:48:49","guid":{"rendered":"https:\/\/roveyayinevi.com.tr\/index.php\/urun\/olumun-dostu\/"},"modified":"2026-04-16T02:14:29","modified_gmt":"2026-04-15T23:14:29","slug":"olumun-dostu","status":"publish","type":"product","link":"https:\/\/roveyayinevi.com.tr\/index.php\/urun\/olumun-dostu\/","title":{"rendered":"\u00d6l\u00fcm\u00fcn Dostu"},"content":{"rendered":"<p>\u201c\u2018Uzun Boylu Kad\u0131n\u2019 imgesinin Alarc\u00f3n\u2019un zihnini me\u015fgul etti\u011fi ku\u015fku g\u00f6t\u00fcrmez, ayn\u0131 kad\u0131n, \u2018\u00d6l\u00fcm\u00fcn Dostu\u2019nda, soylu k\u0131l\u0131nm\u0131\u015f ve \u015feytans\u0131 karakterinden ar\u0131nd\u0131r\u0131lm\u0131\u015f bir bi\u00e7im al\u0131r. Bu anlat\u0131, ilk yar\u0131s\u0131na kadar, bir dizi ba\u015f\u0131bozuk do\u011fa\u00e7lamadan olu\u015fmu\u015f gibi g\u00f6r\u00fcnme tehlikesi ta\u015f\u0131r; \u00f6yk\u00fc ilerledik\u00e7e, Dante\u2019vari sonuna dek, yap\u0131t\u0131n ilk sayfalar\u0131ndan itibaren her \u015feyin, iradi bi\u00e7imde \u00f6nceden tasarland\u0131\u011f\u0131n\u0131 g\u00f6r\u00fcr\u00fcz. Bu se\u00e7kide yer alan \u00f6yk\u00fclerden \u00e7ocuklu\u011fumda haberdar olmu\u015ftum; ge\u00e7en zaman, o g\u00fcnlerde duydu\u011fum esasl\u0131 deh\u015feti yok etmedi. Ya\u015f\u0131m y\u00fczy\u0131lla birlikte ilerliyor, \u015fimdilerde, \u00e7ocuk ya\u015f\u0131mdaki s\u0131cak kabul\u00fc g\u00f6steremesem de, ayn\u0131 g\u00f6n\u00fcl borcu ve benzer bir heyecanla onlar\u0131 tekrar okuyorum.\u201d <\/p>\n","protected":false},"excerpt":{"rendered":"<p>\u201c\u2018Uzun Boylu Kad\u0131n\u2019 imgesinin Alarc\u00f3n\u2019un zihnini me\u015fgul etti\u011fi ku\u015fku g\u00f6t\u00fcrmez, ayn\u0131 kad\u0131n, \u2018\u00d6l\u00fcm\u00fcn Dostu\u2019nda, soylu k\u0131l\u0131nm\u0131\u015f ve \u015feytans\u0131 karakterinden ar\u0131nd\u0131r\u0131lm\u0131\u015f bir bi\u00e7im al\u0131r. Bu anlat\u0131, ilk<span class=\"excerpt-hellip\"> [\u2026]<\/span><\/p>\n","protected":false},"featured_media":0,"template":"","meta":{"_monsterinsights_skip_tracking":false,"_monsterinsights_sitenote_active":false,"_monsterinsights_sitenote_note":"","_monsterinsights_sitenote_category":0},"product_brand":[],"product_cat":[12291,13113],"product_tag":[],"class_list":{"0":"post-705730","1":"product","2":"type-product","3":"status-publish","5":"product_cat-edebiyat","6":"product_cat-ispanyol-edebiyati","7":"pa_tur-kitap","8":"pa_yayinevi-kirmizi-kedi-yayinevi","9":"pa_yazar-pedro-antonio-de-alarcon","11":"first","12":"instock","13":"sale","14":"shipping-taxable","15":"purchasable","16":"product-type-simple"},"_links":{"self":[{"href":"https:\/\/roveyayinevi.com.tr\/index.php\/wp-json\/wp\/v2\/product\/705730","targetHints":{"allow":["GET"]}}],"collection":[{"href":"https:\/\/roveyayinevi.com.tr\/index.php\/wp-json\/wp\/v2\/product"}],"about":[{"href":"https:\/\/roveyayinevi.com.tr\/index.php\/wp-json\/wp\/v2\/types\/product"}],"wp:attachment":[{"href":"https:\/\/roveyayinevi.com.tr\/index.php\/wp-json\/wp\/v2\/media?parent=705730"}],"wp:term":[{"taxonomy":"product_brand","embeddable":true,"href":"https:\/\/roveyayinevi.com.tr\/index.php\/wp-json\/wp\/v2\/product_brand?post=705730"},{"taxonomy":"product_cat","embeddable":true,"href":"https:\/\/roveyayinevi.com.tr\/index.php\/wp-json\/wp\/v2\/product_cat?post=705730"},{"taxonomy":"product_tag","embeddable":true,"href":"https:\/\/roveyayinevi.com.tr\/index.php\/wp-json\/wp\/v2\/product_tag?post=705730"}],"curies":[{"name":"wp","href":"https:\/\/api.w.org\/{rel}","templated":true}]}}