{"id":705725,"date":"2025-08-27T15:48:47","date_gmt":"2025-08-27T12:48:47","guid":{"rendered":"https:\/\/roveyayinevi.com.tr\/index.php\/urun\/turkiyede-sinif-mucadeleleri\/"},"modified":"2026-04-16T02:14:28","modified_gmt":"2026-04-15T23:14:28","slug":"turkiyede-sinif-mucadeleleri","status":"publish","type":"product","link":"https:\/\/roveyayinevi.com.tr\/index.php\/urun\/turkiyede-sinif-mucadeleleri\/","title":{"rendered":"T\u00fcrkiye\u2019de S\u0131n\u0131f M\u00fccadeleleri"},"content":{"rendered":"<p>T\u00fcrkiye\u2019de sosyalist solda, \u00fclkenin modern d\u00f6nem tarihinin yorumunda iki d\u00fc\u015f\u00fcnce ak\u0131m\u0131 \u00f6nde oldu. \u0130ki ak\u0131mdan biri, sol Kemalizm, b\u00fct\u00fcn tarihi ayd\u0131nlanma, laiklik, cumhuriyet kategorilerine s\u0131k\u0131\u015ft\u0131r\u0131lm\u0131\u015f bir \u00e7er\u00e7evede kavrad\u0131, nesnel geli\u015fmeleri hep belirli toplumsal ya da siyasi akt\u00f6rlerin d\u00fc\u015f\u00fcncelerine ve ideolojik \u201cse\u00e7i\u015f\u201dlerine ba\u011flad\u0131. Sol Kemalizmin h\u00e2kimiyeti 1980\u2019e kadar devam etti. Ancak 12 Eyl\u00fcl darbesinin ard\u0131ndan, d\u00fcnya solundaki sivil toplumcu dalgan\u0131n da etkisiyle T\u00fcrkiye solunda Kemalizmin g\u00f6r\u00fcn\u00fc\u015fte toptan ele\u015ftirisini i\u00e7eren bir alternatif yakla\u015f\u0131m do\u011fdu. Sol liberalizm k\u0131sa s\u00fcre i\u00e7inde \u00f6nce T\u00fcrk, sonra K\u00fcrt solu i\u00e7inde b\u00fcy\u00fck mevziler kazand\u0131. Bu ideolojik ak\u0131m, b\u00fct\u00fcn tarihi bir devlet-sivil toplum m\u00fccadelesi olarak okuyor, burjuvaziyi, hatta din\u00ee hareketleri demokrasinin ba\u015f akt\u00f6rleri olarak kodluyordu. Sungur Savran\u2019\u0131n daha \u00f6nce d\u00f6rt bask\u0131 yapm\u0131\u015f olan bu kitab\u0131, soldaki iki ak\u0131m\u0131 k\u00f6kl\u00fc bi\u00e7imde kar\u015f\u0131s\u0131na alarak toplumun tarih\u00ee geli\u015fmesini esas olarak s\u0131n\u0131f m\u00fccadeleleri temelinde yorumluyor. B\u00f6ylece bir yandan 20. y\u00fczy\u0131l T\u00fcrkiye tarihini Marksist metodoloji merce\u011finden yorumlarken bir yandan da bu iki ideolojik ak\u0131ma sert darbeler vuruyor. Yazar\u0131n \u015fu s\u0131ralarda \u00fczerinde \u00e7al\u0131\u015fmakta oldu\u011fu ikinci cilt ise g\u00fcn\u00fcm\u00fcz T\u00fcrkiye\u2019sini s\u0131n\u0131f m\u00fccadeleleri temelinde analiz edecek. <\/p>\n","protected":false},"excerpt":{"rendered":"<p>T\u00fcrkiye\u2019de sosyalist solda, \u00fclkenin modern d\u00f6nem tarihinin yorumunda iki d\u00fc\u015f\u00fcnce ak\u0131m\u0131 \u00f6nde oldu. \u0130ki ak\u0131mdan biri, sol Kemalizm, b\u00fct\u00fcn tarihi ayd\u0131nlanma, laiklik, cumhuriyet kategorilerine s\u0131k\u0131\u015ft\u0131r\u0131lm\u0131\u015f bir<span class=\"excerpt-hellip\"> [\u2026]<\/span><\/p>\n","protected":false},"featured_media":0,"template":"","meta":{"_monsterinsights_skip_tracking":false,"_monsterinsights_sitenote_active":false,"_monsterinsights_sitenote_note":"","_monsterinsights_sitenote_category":0},"product_brand":[],"product_cat":[12351,12324],"product_tag":[],"class_list":{"0":"post-705725","1":"product","2":"type-product","3":"status-publish","5":"product_cat-siyaset-sosyolojisi","6":"product_cat-sosyoloji","7":"pa_cilt-ciltsiz","8":"pa_tur-kitap","9":"pa_yayinevi-yordam-kitap","10":"pa_yazar-sungur-savran","12":"first","13":"instock","14":"sale","15":"shipping-taxable","16":"purchasable","17":"product-type-simple"},"_links":{"self":[{"href":"https:\/\/roveyayinevi.com.tr\/index.php\/wp-json\/wp\/v2\/product\/705725","targetHints":{"allow":["GET"]}}],"collection":[{"href":"https:\/\/roveyayinevi.com.tr\/index.php\/wp-json\/wp\/v2\/product"}],"about":[{"href":"https:\/\/roveyayinevi.com.tr\/index.php\/wp-json\/wp\/v2\/types\/product"}],"wp:attachment":[{"href":"https:\/\/roveyayinevi.com.tr\/index.php\/wp-json\/wp\/v2\/media?parent=705725"}],"wp:term":[{"taxonomy":"product_brand","embeddable":true,"href":"https:\/\/roveyayinevi.com.tr\/index.php\/wp-json\/wp\/v2\/product_brand?post=705725"},{"taxonomy":"product_cat","embeddable":true,"href":"https:\/\/roveyayinevi.com.tr\/index.php\/wp-json\/wp\/v2\/product_cat?post=705725"},{"taxonomy":"product_tag","embeddable":true,"href":"https:\/\/roveyayinevi.com.tr\/index.php\/wp-json\/wp\/v2\/product_tag?post=705725"}],"curies":[{"name":"wp","href":"https:\/\/api.w.org\/{rel}","templated":true}]}}