{"id":705724,"date":"2025-08-27T15:48:46","date_gmt":"2025-08-27T12:48:46","guid":{"rendered":"https:\/\/roveyayinevi.com.tr\/index.php\/urun\/halkin-devlet-yonetimine-katilimi-uzerine\/"},"modified":"2026-04-16T02:14:28","modified_gmt":"2026-04-15T23:14:28","slug":"halkin-devlet-yonetimine-katilimi-uzerine","status":"publish","type":"product","link":"https:\/\/roveyayinevi.com.tr\/index.php\/urun\/halkin-devlet-yonetimine-katilimi-uzerine\/","title":{"rendered":"Halk\u0131n Devlet Y\u00f6netimine Kat\u0131l\u0131m\u0131 \u00dczerine"},"content":{"rendered":"<p>Marx ile Engels, \u201ci\u015f\u00e7i s\u0131n\u0131f\u0131n\u0131n kurtulu\u015fu i\u015f\u00e7i s\u0131n\u0131f\u0131n\u0131n kendi eseri olmak zorundad\u0131r\u201d diyordu. Peki ama nas\u0131l? Bu derleme, Lenin\u2019in, 1917 Ekim Devrimi\u2019nden k\u0131sa bir s\u00fcre \u00f6nce ve devrimi izleyen y\u0131llarda bu soruya verdi\u011fi cevaplar\u0131 bir araya getiriyor. \ufffcTan\u0131t\u0131m Metni<\/p>\n","protected":false},"excerpt":{"rendered":"<p>Marx ile Engels, \u201ci\u015f\u00e7i s\u0131n\u0131f\u0131n\u0131n kurtulu\u015fu i\u015f\u00e7i s\u0131n\u0131f\u0131n\u0131n kendi eseri olmak zorundad\u0131r\u201d diyordu. Peki ama nas\u0131l? Bu derleme, Lenin\u2019in, 1917 Ekim Devrimi\u2019nden k\u0131sa bir s\u00fcre \u00f6nce<span class=\"excerpt-hellip\"> [\u2026]<\/span><\/p>\n","protected":false},"featured_media":0,"template":"","meta":{"_monsterinsights_skip_tracking":false,"_monsterinsights_sitenote_active":false,"_monsterinsights_sitenote_note":"","_monsterinsights_sitenote_category":0},"product_brand":[],"product_cat":[12312,12304],"product_tag":[],"class_list":{"0":"post-705724","1":"product","2":"type-product","3":"status-publish","5":"product_cat-diger","6":"product_cat-tarih","7":"pa_cilt-ciltsiz","8":"pa_tur-kitap","9":"pa_yayinevi-yordam-kitap","10":"pa_yazar-vladimir-ilyic-lenin","12":"first","13":"instock","14":"sale","15":"shipping-taxable","16":"purchasable","17":"product-type-simple"},"_links":{"self":[{"href":"https:\/\/roveyayinevi.com.tr\/index.php\/wp-json\/wp\/v2\/product\/705724","targetHints":{"allow":["GET"]}}],"collection":[{"href":"https:\/\/roveyayinevi.com.tr\/index.php\/wp-json\/wp\/v2\/product"}],"about":[{"href":"https:\/\/roveyayinevi.com.tr\/index.php\/wp-json\/wp\/v2\/types\/product"}],"wp:attachment":[{"href":"https:\/\/roveyayinevi.com.tr\/index.php\/wp-json\/wp\/v2\/media?parent=705724"}],"wp:term":[{"taxonomy":"product_brand","embeddable":true,"href":"https:\/\/roveyayinevi.com.tr\/index.php\/wp-json\/wp\/v2\/product_brand?post=705724"},{"taxonomy":"product_cat","embeddable":true,"href":"https:\/\/roveyayinevi.com.tr\/index.php\/wp-json\/wp\/v2\/product_cat?post=705724"},{"taxonomy":"product_tag","embeddable":true,"href":"https:\/\/roveyayinevi.com.tr\/index.php\/wp-json\/wp\/v2\/product_tag?post=705724"}],"curies":[{"name":"wp","href":"https:\/\/api.w.org\/{rel}","templated":true}]}}