{"id":705719,"date":"2025-08-27T15:48:44","date_gmt":"2025-08-27T12:48:44","guid":{"rendered":"https:\/\/roveyayinevi.com.tr\/index.php\/urun\/alingan-sey\/"},"modified":"2026-04-16T02:14:28","modified_gmt":"2026-04-15T23:14:28","slug":"alingan-sey","status":"publish","type":"product","link":"https:\/\/roveyayinevi.com.tr\/index.php\/urun\/alingan-sey\/","title":{"rendered":"Al\u0131ngan \u015eey"},"content":{"rendered":"<p>Bu kitab\u0131 havada yemye\u015fil kar tanelerinin u\u00e7u\u015ftu\u011fu bir yaz g\u00fcn\u00fc, gergedanlarla dans ederken yazd\u0131m. Sa\u00e7ma m\u0131 geldi? \u0130nan bana hayatta \u00e7ok daha sa\u00e7ma\u015feyler var. Mesela u\u00e7an sincap atk\u0131lar\u0131&#8230; Al\u0131ngan \u015eey, b\u00fcy\u00fck ihtimalle hayat\u0131nda hi\u00e7 g\u00f6rmedi\u011fin ve g\u00f6remeyece\u011fin bir hayvan\u0131n hikayesi. D\u00fcnyan\u0131n en \u00e7irkin hayvan\u0131 olmaktan b\u0131km\u0131\u015f, on \u00fcst\u00fcn zekal\u0131 ay-ay bir araya geldi\u011finde ne yapar? Ate\u015f ad\u0131ndaki \u00e7ocu\u011fu, Kebuter Kar\u00e7ak ad\u0131ndaki ya\u015fl\u0131 kad\u0131n\u0131 ve Albert ad\u0131ndaki adam\u0131 birbirine ba\u011flayan s\u0131r ne? Cevaplar\u0131 \u00f6\u011frenmeye \u00e7ok yak\u0131ns\u0131n. \u0130lk sayfay\u0131 \u00e7evir ve taptaze fil \u00f6t\u00fc\u015flerinin tad\u0131n\u0131 \u00e7\u0131kar! <\/p>\n","protected":false},"excerpt":{"rendered":"<p>Bu kitab\u0131 havada yemye\u015fil kar tanelerinin u\u00e7u\u015ftu\u011fu bir yaz g\u00fcn\u00fc, gergedanlarla dans ederken yazd\u0131m. Sa\u00e7ma m\u0131 geldi? \u0130nan bana hayatta \u00e7ok daha sa\u00e7ma\u015feyler var. Mesela u\u00e7an<span class=\"excerpt-hellip\"> [\u2026]<\/span><\/p>\n","protected":false},"featured_media":0,"template":"","meta":{"_monsterinsights_skip_tracking":false,"_monsterinsights_sitenote_active":false,"_monsterinsights_sitenote_note":"","_monsterinsights_sitenote_category":0},"product_brand":[],"product_cat":[12274,12284],"product_tag":[],"class_list":{"0":"post-705719","1":"product","2":"type-product","3":"status-publish","5":"product_cat-cocuk-ve-genclik-kitaplari","6":"product_cat-hikayeler","7":"pa_cilt-ciltsiz","8":"pa_tur-kitap","9":"pa_yayinevi-altin-kitaplar-ozel-urun","10":"pa_yazar-hanzade-servi","12":"first","13":"instock","14":"sale","15":"shipping-taxable","16":"purchasable","17":"product-type-simple"},"_links":{"self":[{"href":"https:\/\/roveyayinevi.com.tr\/index.php\/wp-json\/wp\/v2\/product\/705719","targetHints":{"allow":["GET"]}}],"collection":[{"href":"https:\/\/roveyayinevi.com.tr\/index.php\/wp-json\/wp\/v2\/product"}],"about":[{"href":"https:\/\/roveyayinevi.com.tr\/index.php\/wp-json\/wp\/v2\/types\/product"}],"wp:attachment":[{"href":"https:\/\/roveyayinevi.com.tr\/index.php\/wp-json\/wp\/v2\/media?parent=705719"}],"wp:term":[{"taxonomy":"product_brand","embeddable":true,"href":"https:\/\/roveyayinevi.com.tr\/index.php\/wp-json\/wp\/v2\/product_brand?post=705719"},{"taxonomy":"product_cat","embeddable":true,"href":"https:\/\/roveyayinevi.com.tr\/index.php\/wp-json\/wp\/v2\/product_cat?post=705719"},{"taxonomy":"product_tag","embeddable":true,"href":"https:\/\/roveyayinevi.com.tr\/index.php\/wp-json\/wp\/v2\/product_tag?post=705719"}],"curies":[{"name":"wp","href":"https:\/\/api.w.org\/{rel}","templated":true}]}}