{"id":705717,"date":"2025-08-27T15:48:43","date_gmt":"2025-08-27T12:48:43","guid":{"rendered":"https:\/\/roveyayinevi.com.tr\/index.php\/urun\/modernite-demokrasi-ve-din\/"},"modified":"2026-04-12T02:17:22","modified_gmt":"2026-04-11T23:17:22","slug":"modernite-demokrasi-ve-din","status":"publish","type":"product","link":"https:\/\/roveyayinevi.com.tr\/index.php\/urun\/modernite-demokrasi-ve-din\/","title":{"rendered":"Modernite Demokrasi ve Din"},"content":{"rendered":"<p>Ba\u011f\u0131ml\u0131l\u0131k Okulu\u2019nun kurucular\u0131ndan \u00fcnl\u00fc sosyal bilimci Samir Amin, modernitenin krizini, postmodernizmin \u201ck\u00fclt\u00fcrel \u00f6zg\u00fcnl\u00fckler\u201d s\u00f6ylemini ve Avrupa-merkezci bak\u0131\u015f a\u00e7\u0131s\u0131n\u0131n k\u0131s\u0131tlar\u0131n\u0131, din ve demokrasi kavramlar\u0131 ekseninde sorguluyor. \u201cK\u00fclt\u00fcralizmlerin Ele\u015ftirisi\u201d alt ba\u015fl\u0131\u011f\u0131n\u0131 ta\u015f\u0131yan Modernite, Demokrasi ve Din, bir yandan politik \u0130slama, Arap d\u00fcnyas\u0131na ve Ortado\u011fu\u2019daki sosyal hareketlere, di\u011fer yandan Hardt ve Negri\u2019nin \u0130mparatorluk ve \u00c7okluk kitaplar\u0131n\u0131n ele\u015ftirisine ve k\u00fcreselle\u015fmi\u015f kapitalizme kar\u015f\u0131 Bamako \u00c7a\u011fr\u0131s\u0131\u2019n\u0131n somut \u00f6nerilerine uzan\u0131yor. Fikret Ba\u015fkaya, U\u011fur G\u00fcns\u00fcr ve G\u00fcven \u00d6zt\u00fcrk\u2019\u00fcn ortak \u00e7evirisiyle T\u00fcrk\u00e7eye kazand\u0131r\u0131lan bu \u00f6zg\u00fcn \u00e7al\u0131\u015fma, \u00f6zellikle i\u00e7inde bulundu\u011fumuz co\u011frafyan\u0131n \u00e7eli\u015fkilerle y\u00fckl\u00fc do\u011fas\u0131n\u0131 \u00e7\u00f6z\u00fcmleyebilmemiz i\u00e7in bize \u00f6nemli veriler sunuyor. Dinsel ak\u0131mlarla modernle\u015fme aras\u0131ndaki \u00e7etrefilli ili\u015fki, demokrasi i\u00e7in m\u00fccadelenin belirsizli\u011fi, politik \u0130slam\u0131n emperyalist yay\u0131lman\u0131n hizmetine girmesi, burjuva ideolojisinin evrenselci tutkular\u0131n\u0131 terk edip k\u00fclt\u00fcralizme ge\u00e7mesi ve benzeri konularda zihnimizi a\u00e7\u0131yor. D\u00fcnyada, Ortado\u011fu\u2019da ve \u00fclkemizde ya\u015fanan geli\u015fmeleri, g\u00fcncel ve  tarihsel planda daha berrak bir bi\u00e7imde kavrayabilmek ve bu kavray\u0131\u015f\u0131 toplumsal, siyasal m\u00fccadelelere katabilmek i\u00e7in\u2026 <\/p>\n","protected":false},"excerpt":{"rendered":"<p>Ba\u011f\u0131ml\u0131l\u0131k Okulu\u2019nun kurucular\u0131ndan \u00fcnl\u00fc sosyal bilimci Samir Amin, modernitenin krizini, postmodernizmin \u201ck\u00fclt\u00fcrel \u00f6zg\u00fcnl\u00fckler\u201d s\u00f6ylemini ve Avrupa-merkezci bak\u0131\u015f a\u00e7\u0131s\u0131n\u0131n k\u0131s\u0131tlar\u0131n\u0131, din ve demokrasi kavramlar\u0131 ekseninde sorguluyor. \u201cK\u00fclt\u00fcralizmlerin<span class=\"excerpt-hellip\"> [\u2026]<\/span><\/p>\n","protected":false},"featured_media":0,"template":"","meta":{"_monsterinsights_skip_tracking":false,"_monsterinsights_sitenote_active":false,"_monsterinsights_sitenote_note":"","_monsterinsights_sitenote_category":0},"product_brand":[],"product_cat":[20085,12337],"product_tag":[],"class_list":{"0":"post-705717","1":"product","2":"type-product","3":"status-publish","5":"product_cat-islam-ortadogu","6":"product_cat-politika-siyaset","7":"pa_cilt-ciltsiz","8":"pa_tur-kitap","9":"pa_yayinevi-yordam-kitap","10":"pa_yazar-samir-amin","12":"first","13":"instock","14":"sale","15":"shipping-taxable","16":"purchasable","17":"product-type-simple"},"_links":{"self":[{"href":"https:\/\/roveyayinevi.com.tr\/index.php\/wp-json\/wp\/v2\/product\/705717","targetHints":{"allow":["GET"]}}],"collection":[{"href":"https:\/\/roveyayinevi.com.tr\/index.php\/wp-json\/wp\/v2\/product"}],"about":[{"href":"https:\/\/roveyayinevi.com.tr\/index.php\/wp-json\/wp\/v2\/types\/product"}],"wp:attachment":[{"href":"https:\/\/roveyayinevi.com.tr\/index.php\/wp-json\/wp\/v2\/media?parent=705717"}],"wp:term":[{"taxonomy":"product_brand","embeddable":true,"href":"https:\/\/roveyayinevi.com.tr\/index.php\/wp-json\/wp\/v2\/product_brand?post=705717"},{"taxonomy":"product_cat","embeddable":true,"href":"https:\/\/roveyayinevi.com.tr\/index.php\/wp-json\/wp\/v2\/product_cat?post=705717"},{"taxonomy":"product_tag","embeddable":true,"href":"https:\/\/roveyayinevi.com.tr\/index.php\/wp-json\/wp\/v2\/product_tag?post=705717"}],"curies":[{"name":"wp","href":"https:\/\/api.w.org\/{rel}","templated":true}]}}