{"id":705716,"date":"2025-08-27T15:48:43","date_gmt":"2025-08-27T12:48:43","guid":{"rendered":"https:\/\/roveyayinevi.com.tr\/index.php\/urun\/tarih-turkiye-sosyalizm\/"},"modified":"2026-04-16T02:14:28","modified_gmt":"2026-04-15T23:14:28","slug":"tarih-turkiye-sosyalizm","status":"publish","type":"product","link":"https:\/\/roveyayinevi.com.tr\/index.php\/urun\/tarih-turkiye-sosyalizm\/","title":{"rendered":"Tarih T\u00fcrkiye Sosyalizm"},"content":{"rendered":"<p>Metin \u00c7ulhao\u011flu, Marksizmin belli \u201csorun alanlar\u0131\u201dna d\u00f6n\u00fck tart\u0131\u015fmalar\u0131 ve Marksist y\u00f6ntemi, T\u00fcrkiye topra\u011f\u0131na basarak ve \u00f6zg\u00fcn bir ba\u011flamda \u00e7er\u00e7evelendirerek okurlarla payla\u015fan yetkin ve \u00fcretken isimlerden biri. \u00c7ulhao\u011flu\u2019nun yakla\u015f\u0131k 30 y\u0131l \u00f6ncesine dayanan ilk \u00e7al\u0131\u015fmas\u0131 Tarih, T\u00fcrkiye, Sosyalizm, T\u00fcrkiye\u2019de Marksist teori alan\u0131ndaki klasik metinlerden biri olarak, zaman\u0131n zorlu s\u0131navlar\u0131n\u0131 ba\u015far\u0131yla ge\u00e7en, g\u00fcncelli\u011fini koruyan, d\u00fcn\u00fc ve g\u00fcn\u00fc birlikte tart\u0131\u015fan, gelece\u011fe uzanan bir yap\u0131t\u2026 \ufffcTan\u0131t\u0131m Metni<\/p>\n","protected":false},"excerpt":{"rendered":"<p>Metin \u00c7ulhao\u011flu, Marksizmin belli \u201csorun alanlar\u0131\u201dna d\u00f6n\u00fck tart\u0131\u015fmalar\u0131 ve Marksist y\u00f6ntemi, T\u00fcrkiye topra\u011f\u0131na basarak ve \u00f6zg\u00fcn bir ba\u011flamda \u00e7er\u00e7evelendirerek okurlarla payla\u015fan yetkin ve \u00fcretken isimlerden biri.<span class=\"excerpt-hellip\"> [\u2026]<\/span><\/p>\n","protected":false},"featured_media":0,"template":"","meta":{"_monsterinsights_skip_tracking":false,"_monsterinsights_sitenote_active":false,"_monsterinsights_sitenote_note":"","_monsterinsights_sitenote_category":0},"product_brand":[],"product_cat":[12351,12324],"product_tag":[],"class_list":{"0":"post-705716","1":"product","2":"type-product","3":"status-publish","5":"product_cat-siyaset-sosyolojisi","6":"product_cat-sosyoloji","7":"pa_cilt-ciltsiz","8":"pa_tur-kitap","9":"pa_yayinevi-yordam-kitap","10":"pa_yazar-metin-culhaoglu","12":"first","13":"instock","14":"sale","15":"shipping-taxable","16":"purchasable","17":"product-type-simple"},"_links":{"self":[{"href":"https:\/\/roveyayinevi.com.tr\/index.php\/wp-json\/wp\/v2\/product\/705716","targetHints":{"allow":["GET"]}}],"collection":[{"href":"https:\/\/roveyayinevi.com.tr\/index.php\/wp-json\/wp\/v2\/product"}],"about":[{"href":"https:\/\/roveyayinevi.com.tr\/index.php\/wp-json\/wp\/v2\/types\/product"}],"wp:attachment":[{"href":"https:\/\/roveyayinevi.com.tr\/index.php\/wp-json\/wp\/v2\/media?parent=705716"}],"wp:term":[{"taxonomy":"product_brand","embeddable":true,"href":"https:\/\/roveyayinevi.com.tr\/index.php\/wp-json\/wp\/v2\/product_brand?post=705716"},{"taxonomy":"product_cat","embeddable":true,"href":"https:\/\/roveyayinevi.com.tr\/index.php\/wp-json\/wp\/v2\/product_cat?post=705716"},{"taxonomy":"product_tag","embeddable":true,"href":"https:\/\/roveyayinevi.com.tr\/index.php\/wp-json\/wp\/v2\/product_tag?post=705716"}],"curies":[{"name":"wp","href":"https:\/\/api.w.org\/{rel}","templated":true}]}}