{"id":705715,"date":"2025-08-27T15:48:42","date_gmt":"2025-08-27T12:48:42","guid":{"rendered":"https:\/\/roveyayinevi.com.tr\/index.php\/urun\/seriattan-kissalar\/"},"modified":"2026-04-16T02:14:28","modified_gmt":"2026-04-15T23:14:28","slug":"seriattan-kissalar","status":"publish","type":"product","link":"https:\/\/roveyayinevi.com.tr\/index.php\/urun\/seriattan-kissalar\/","title":{"rendered":"\u015eeriat&#8217;tan K\u0131ssa&#8217;lar"},"content":{"rendered":"<p>Prof. Dr. \u0130lhan Arsel \u015eeriat\u2019tan K\u0131ssa\u2019lar\u2019da Kur\u2019an\u2019da yer alan \u201cK\u0131ssa\u201dlar\u0131 (masallar\u0131 ve hikayeleri), tarihsel k\u00f6kleriyle ele almaktad\u0131r. \u015eeriat\u2019ta yer alan K\u0131ssa\u2019lar\u0131n \u201cb\u00fcy\u00fck bir \u00e7o\u011funlukla Yahudi ve H\u0131ristiyan kaynaklar\u0131ndan, \u00f6zellikle Tevrat\u2019tan al\u0131nma\u201d oldu\u011funu savunan Arsel, onlar\u0131 Yahudi ve H\u0131ristiyan kaynaklar\u0131ndaki as\u0131llar\u0131yla kar\u015f\u0131la\u015ft\u0131rarak inceliyor. 90\u2019l\u0131 y\u0131llarda ilk kez yay\u0131mland\u0131\u011f\u0131nda b\u00fcy\u00fck tart\u0131\u015fmalara neden olan \u015eeriat\u2019tan K\u0131ssa\u2019lar\u2019\u0131, g\u00f6zden ge\u00e7irilmi\u015f yeni bask\u0131s\u0131yla okura sunuyoruz. \ufffcTan\u0131t\u0131m Metni<\/p>\n","protected":false},"excerpt":{"rendered":"<p>Prof. Dr. \u0130lhan Arsel \u015eeriat\u2019tan K\u0131ssa\u2019lar\u2019da Kur\u2019an\u2019da yer alan \u201cK\u0131ssa\u201dlar\u0131 (masallar\u0131 ve hikayeleri), tarihsel k\u00f6kleriyle ele almaktad\u0131r. \u015eeriat\u2019ta yer alan K\u0131ssa\u2019lar\u0131n \u201cb\u00fcy\u00fck bir \u00e7o\u011funlukla Yahudi ve<span class=\"excerpt-hellip\"> [\u2026]<\/span><\/p>\n","protected":false},"featured_media":0,"template":"","meta":{"_monsterinsights_skip_tracking":false,"_monsterinsights_sitenote_active":false,"_monsterinsights_sitenote_note":"","_monsterinsights_sitenote_category":0},"product_brand":[],"product_cat":[12718,12858],"product_tag":[],"class_list":{"0":"post-705715","1":"product","2":"type-product","3":"status-publish","5":"product_cat-din","6":"product_cat-mitolojiler","7":"pa_tur-kitap","8":"pa_yayinevi-kaynak-yayinlari","9":"pa_yazar-ilhan-arsel","11":"first","12":"instock","13":"sale","14":"shipping-taxable","15":"purchasable","16":"product-type-simple"},"_links":{"self":[{"href":"https:\/\/roveyayinevi.com.tr\/index.php\/wp-json\/wp\/v2\/product\/705715","targetHints":{"allow":["GET"]}}],"collection":[{"href":"https:\/\/roveyayinevi.com.tr\/index.php\/wp-json\/wp\/v2\/product"}],"about":[{"href":"https:\/\/roveyayinevi.com.tr\/index.php\/wp-json\/wp\/v2\/types\/product"}],"wp:attachment":[{"href":"https:\/\/roveyayinevi.com.tr\/index.php\/wp-json\/wp\/v2\/media?parent=705715"}],"wp:term":[{"taxonomy":"product_brand","embeddable":true,"href":"https:\/\/roveyayinevi.com.tr\/index.php\/wp-json\/wp\/v2\/product_brand?post=705715"},{"taxonomy":"product_cat","embeddable":true,"href":"https:\/\/roveyayinevi.com.tr\/index.php\/wp-json\/wp\/v2\/product_cat?post=705715"},{"taxonomy":"product_tag","embeddable":true,"href":"https:\/\/roveyayinevi.com.tr\/index.php\/wp-json\/wp\/v2\/product_tag?post=705715"}],"curies":[{"name":"wp","href":"https:\/\/api.w.org\/{rel}","templated":true}]}}