{"id":705714,"date":"2025-08-27T15:48:42","date_gmt":"2025-08-27T12:48:42","guid":{"rendered":"https:\/\/roveyayinevi.com.tr\/index.php\/urun\/istatistiksel-hipotez-testleri\/"},"modified":"2026-04-16T02:14:28","modified_gmt":"2026-04-15T23:14:28","slug":"istatistiksel-hipotez-testleri","status":"publish","type":"product","link":"https:\/\/roveyayinevi.com.tr\/index.php\/urun\/istatistiksel-hipotez-testleri\/","title":{"rendered":"\u0130statistiksel Hipotez Testleri"},"content":{"rendered":"<p>1-Temel kavramlar2-Normal da\u011f\u0131l\u0131m\u0131n ortalamas\u0131 i\u00e7in hipotez testleri3-Normal da\u011f\u0131l\u0131m\u0131n varyans\u0131 i\u00e7in hipotez testleri4-\u0130ki normal da\u011f\u0131l\u0131m\u0131n ortalamalar\u0131n\u0131n\u0131n kar\u015f\u0131la\u015ft\u0131r\u0131lmas\u01315-\u0130ki normal da\u011f\u0131l\u0131m\u0131n ortalamas\u0131n\u0131n kar\u015f\u0131la\u015ft\u0131r\u0131lmas\u01316-\u0130ki normal da\u011f\u0131l\u0131m\u0131n varyans oranlar\u0131na ili\u015fkin testler7-Bernolli da\u011f\u0131l\u0131m\u0131n\u0131n p parametresi i\u00e7in teorik hipotez testleri8-Poisson da\u011f\u0131l\u0131m\u0131n\u0131n parametresi i\u00e7in teorik hipotez testleri9-Oran parametresi i\u00e7in uygulamada kulan\u0131lan hipotezler10-\u0130ki oran aras\u0131ndaki fark\u0131n \u00f6nemli kontrol\u00fc 11-Ba\u011f\u0131ms\u0131z gruplar i\u00e7in oran kar\u015f\u0131la\u015ft\u0131rmas\u013112-iki ve k ba\u011f\u0131ml\u0131 grup i\u00e7in oran kar\u015f\u0131la\u015ft\u0131rmas\u0131 <\/p>\n","protected":false},"excerpt":{"rendered":"<p>1-Temel kavramlar2-Normal da\u011f\u0131l\u0131m\u0131n ortalamas\u0131 i\u00e7in hipotez testleri3-Normal da\u011f\u0131l\u0131m\u0131n varyans\u0131 i\u00e7in hipotez testleri4-\u0130ki normal da\u011f\u0131l\u0131m\u0131n ortalamalar\u0131n\u0131n\u0131n kar\u015f\u0131la\u015ft\u0131r\u0131lmas\u01315-\u0130ki normal da\u011f\u0131l\u0131m\u0131n ortalamas\u0131n\u0131n kar\u015f\u0131la\u015ft\u0131r\u0131lmas\u01316-\u0130ki normal da\u011f\u0131l\u0131m\u0131n varyans oranlar\u0131na ili\u015fkin testler7-Bernolli<span class=\"excerpt-hellip\"> [\u2026]<\/span><\/p>\n","protected":false},"featured_media":0,"template":"","meta":{"_monsterinsights_skip_tracking":false,"_monsterinsights_sitenote_active":false,"_monsterinsights_sitenote_note":"","_monsterinsights_sitenote_category":0},"product_brand":[],"product_cat":[12573,12566],"product_tag":[],"class_list":{"0":"post-705714","1":"product","2":"type-product","3":"status-publish","5":"product_cat-akademik-kitaplar","6":"product_cat-egitim","7":"pa_cilt-ciltsiz","8":"pa_tur-kitap","9":"pa_yayinevi-gazi-kitabevi","10":"pa_yazar-suleyman-gunay","12":"first","13":"instock","14":"sale","15":"shipping-taxable","16":"purchasable","17":"product-type-simple"},"_links":{"self":[{"href":"https:\/\/roveyayinevi.com.tr\/index.php\/wp-json\/wp\/v2\/product\/705714","targetHints":{"allow":["GET"]}}],"collection":[{"href":"https:\/\/roveyayinevi.com.tr\/index.php\/wp-json\/wp\/v2\/product"}],"about":[{"href":"https:\/\/roveyayinevi.com.tr\/index.php\/wp-json\/wp\/v2\/types\/product"}],"wp:attachment":[{"href":"https:\/\/roveyayinevi.com.tr\/index.php\/wp-json\/wp\/v2\/media?parent=705714"}],"wp:term":[{"taxonomy":"product_brand","embeddable":true,"href":"https:\/\/roveyayinevi.com.tr\/index.php\/wp-json\/wp\/v2\/product_brand?post=705714"},{"taxonomy":"product_cat","embeddable":true,"href":"https:\/\/roveyayinevi.com.tr\/index.php\/wp-json\/wp\/v2\/product_cat?post=705714"},{"taxonomy":"product_tag","embeddable":true,"href":"https:\/\/roveyayinevi.com.tr\/index.php\/wp-json\/wp\/v2\/product_tag?post=705714"}],"curies":[{"name":"wp","href":"https:\/\/api.w.org\/{rel}","templated":true}]}}