{"id":705709,"date":"2025-08-27T15:48:40","date_gmt":"2025-08-27T12:48:40","guid":{"rendered":"https:\/\/roveyayinevi.com.tr\/index.php\/urun\/garip-ama-gercek-3\/"},"modified":"2026-04-16T02:14:28","modified_gmt":"2026-04-15T23:14:28","slug":"garip-ama-gercek-3","status":"publish","type":"product","link":"https:\/\/roveyayinevi.com.tr\/index.php\/urun\/garip-ama-gercek-3\/","title":{"rendered":"Garip Ama Ger\u00e7ek 3"},"content":{"rendered":"<p>Birbirinden \u015fa\u015f\u0131rt\u0131c\u0131 ger\u00e7eklerle dolu Garip Ama Ger\u00e7ek! serisinin en sevilen kitaplar\u0131ndanGarip Ama Ger\u00e7ek 3, 50 yepyeni ger\u00e7ek, yenilenen tasar\u0131m\u0131 ve \u00e7ok daha haval\u0131 foto\u011fraflar ve g\u00f6rsellerle merakl\u0131 \u00e7ocuklar kadar yeti\u015fkinleri de sayfalar\u0131n\u0131n aras\u0131na, yeni ger\u00e7eklerle y\u00fczle\u015fmeye \u00e7a\u011f\u0131r\u0131yor. NationalGeographic Kids imzas\u0131n\u0131 ta\u015f\u0131yan Garip Ama Ger\u00e7ek! serisi e\u011flence dolu bir genel k\u00fclt\u00fcr hazinesi. Elinizden b\u0131rakamayacaks\u0131n\u0131z&#8230; Z\u00fcrafalarla ayn\u0131 say\u0131da boyun kemi\u011fine sahip oldu\u011funuzu, \u00e7\u00fcr\u00fck yumurtan\u0131n suda y\u00fczd\u00fc\u011f\u00fcn\u00fc, Everest Da\u011f\u0131\u2019n\u0131n Eyfel Kulesi\u2019nden 27 kat daha y\u00fcksek oldu\u011funu, karanl\u0131kta parlayan mantarlar\u0131ve s\u0131\u00e7anlar\u0131n hi\u00e7 ge\u011firmedi\u011fini biliyor musunuz? <\/p>\n","protected":false},"excerpt":{"rendered":"<p>Birbirinden \u015fa\u015f\u0131rt\u0131c\u0131 ger\u00e7eklerle dolu Garip Ama Ger\u00e7ek! serisinin en sevilen kitaplar\u0131ndanGarip Ama Ger\u00e7ek 3, 50 yepyeni ger\u00e7ek, yenilenen tasar\u0131m\u0131 ve \u00e7ok daha haval\u0131 foto\u011fraflar ve g\u00f6rsellerle<span class=\"excerpt-hellip\"> [\u2026]<\/span><\/p>\n","protected":false},"featured_media":0,"template":"","meta":{"_monsterinsights_skip_tracking":false,"_monsterinsights_sitenote_active":false,"_monsterinsights_sitenote_note":"","_monsterinsights_sitenote_category":0},"product_brand":[],"product_cat":[12274,24599],"product_tag":[],"class_list":{"0":"post-705709","1":"product","2":"type-product","3":"status-publish","5":"product_cat-cocuk-ve-genclik-kitaplari","6":"product_cat-zeka-gelisimi","7":"pa_cilt-ciltsiz","8":"pa_tur-kitap","9":"pa_yayinevi-beta-kids","10":"pa_yazar-kolektif","12":"first","13":"instock","14":"sale","15":"shipping-taxable","16":"purchasable","17":"product-type-simple"},"_links":{"self":[{"href":"https:\/\/roveyayinevi.com.tr\/index.php\/wp-json\/wp\/v2\/product\/705709","targetHints":{"allow":["GET"]}}],"collection":[{"href":"https:\/\/roveyayinevi.com.tr\/index.php\/wp-json\/wp\/v2\/product"}],"about":[{"href":"https:\/\/roveyayinevi.com.tr\/index.php\/wp-json\/wp\/v2\/types\/product"}],"wp:attachment":[{"href":"https:\/\/roveyayinevi.com.tr\/index.php\/wp-json\/wp\/v2\/media?parent=705709"}],"wp:term":[{"taxonomy":"product_brand","embeddable":true,"href":"https:\/\/roveyayinevi.com.tr\/index.php\/wp-json\/wp\/v2\/product_brand?post=705709"},{"taxonomy":"product_cat","embeddable":true,"href":"https:\/\/roveyayinevi.com.tr\/index.php\/wp-json\/wp\/v2\/product_cat?post=705709"},{"taxonomy":"product_tag","embeddable":true,"href":"https:\/\/roveyayinevi.com.tr\/index.php\/wp-json\/wp\/v2\/product_tag?post=705709"}],"curies":[{"name":"wp","href":"https:\/\/api.w.org\/{rel}","templated":true}]}}