{"id":705708,"date":"2025-08-27T15:48:39","date_gmt":"2025-08-27T12:48:39","guid":{"rendered":"https:\/\/roveyayinevi.com.tr\/index.php\/urun\/pompa-teorisi\/"},"modified":"2026-04-16T02:14:28","modified_gmt":"2026-04-15T23:14:28","slug":"pompa-teorisi","status":"publish","type":"product","link":"https:\/\/roveyayinevi.com.tr\/index.php\/urun\/pompa-teorisi\/","title":{"rendered":"Pompa Teorisi"},"content":{"rendered":"<p>Arkada\u015flar bu kitab\u0131 mahalle bask\u0131s\u0131 yapan amca, teyze ve k\u00fc\u00e7\u00fck esnaf\u0131n yak\u0131nlar\u0131na b\u0131rak\u0131n sonra gerisini kitap halleder\u2026Buradaki pompa kelimesi, pompan\u0131n argodaki anlam\u0131 olan sevi\u015fmek anlam\u0131nda bir kelime olmay\u0131p kalbin pompalad\u0131\u011f\u0131 kan manas\u0131ndad\u0131r. D\u0131\u015far\u0131dan bak\u0131ld\u0131\u011f\u0131nda bir seks kitab\u0131 gibi g\u00f6r\u00fcnse de kapa\u011f\u0131n\u0131 \u00e7evirip okumaya ba\u015flad\u0131\u011f\u0131n\u0131zda, durumun b\u00f6yle olmad\u0131\u011f\u0131n\u0131 anlaman\u0131z uzun s\u00fcrmeyecektir. Yeri geldi\u011finde g\u00fclmekten g\u00f6z\u00fcn\u00fczden ya\u015f getirecek, yeri geldi\u011finde ise sizi uzun uzun d\u00fc\u015f\u00fcnd\u00fcrecektir.\u00d6n yarg\u0131lar\u0131n ne kadar k\u00f6t\u00fc bir \u015fey oldu\u011funu sayfalar akarken bir daha g\u00f6receksiniz ve \u00f6nce \u2018fikirlerin sevi\u015fmesi\u2019 s\u00f6z\u00fcn\u00fcn ne anlama geldi\u011fini anlayacaks\u0131n\u0131z. Bununla birlikte, son sayfay\u0131 okuyup da kitab\u0131 kapatt\u0131\u011f\u0131n\u0131zda art\u0131k ili\u015fkilerinizdeki siz, \u2018eski siz\u2019 olmayacaks\u0131n\u0131z.Hadi o zaman, gelin! \u0130li\u015fkilerinizi daha do\u011fru ya\u015famak, do\u011fru insan\u0131 bulmak ve buna minik bir ad\u0131mla ba\u015flamak istiyorsan\u0131z, o minno\u015f ad\u0131m \u015fu an tam da elinizde\u2026 <\/p>\n","protected":false},"excerpt":{"rendered":"<p>Arkada\u015flar bu kitab\u0131 mahalle bask\u0131s\u0131 yapan amca, teyze ve k\u00fc\u00e7\u00fck esnaf\u0131n yak\u0131nlar\u0131na b\u0131rak\u0131n sonra gerisini kitap halleder\u2026Buradaki pompa kelimesi, pompan\u0131n argodaki anlam\u0131 olan sevi\u015fmek anlam\u0131nda bir<span class=\"excerpt-hellip\"> [\u2026]<\/span><\/p>\n","protected":false},"featured_media":0,"template":"","meta":{"_monsterinsights_skip_tracking":false,"_monsterinsights_sitenote_active":false,"_monsterinsights_sitenote_note":"","_monsterinsights_sitenote_category":0},"product_brand":[],"product_cat":[12291,14825],"product_tag":[],"class_list":{"0":"post-705708","1":"product","2":"type-product","3":"status-publish","5":"product_cat-edebiyat","6":"product_cat-mizah","7":"pa_cilt-ciltsiz","8":"pa_tur-kitap","9":"pa_yayinevi-dokuz-yayinlari","10":"pa_yazar-fatih-altinagac","12":"first","13":"instock","14":"sale","15":"shipping-taxable","16":"purchasable","17":"product-type-simple"},"_links":{"self":[{"href":"https:\/\/roveyayinevi.com.tr\/index.php\/wp-json\/wp\/v2\/product\/705708","targetHints":{"allow":["GET"]}}],"collection":[{"href":"https:\/\/roveyayinevi.com.tr\/index.php\/wp-json\/wp\/v2\/product"}],"about":[{"href":"https:\/\/roveyayinevi.com.tr\/index.php\/wp-json\/wp\/v2\/types\/product"}],"wp:attachment":[{"href":"https:\/\/roveyayinevi.com.tr\/index.php\/wp-json\/wp\/v2\/media?parent=705708"}],"wp:term":[{"taxonomy":"product_brand","embeddable":true,"href":"https:\/\/roveyayinevi.com.tr\/index.php\/wp-json\/wp\/v2\/product_brand?post=705708"},{"taxonomy":"product_cat","embeddable":true,"href":"https:\/\/roveyayinevi.com.tr\/index.php\/wp-json\/wp\/v2\/product_cat?post=705708"},{"taxonomy":"product_tag","embeddable":true,"href":"https:\/\/roveyayinevi.com.tr\/index.php\/wp-json\/wp\/v2\/product_tag?post=705708"}],"curies":[{"name":"wp","href":"https:\/\/api.w.org\/{rel}","templated":true}]}}