{"id":705707,"date":"2025-08-27T15:48:39","date_gmt":"2025-08-27T12:48:39","guid":{"rendered":"https:\/\/roveyayinevi.com.tr\/index.php\/urun\/anlambilim\/"},"modified":"2026-04-16T02:14:28","modified_gmt":"2026-04-15T23:14:28","slug":"anlambilim","status":"publish","type":"product","link":"https:\/\/roveyayinevi.com.tr\/index.php\/urun\/anlambilim\/","title":{"rendered":"Anlambilim"},"content":{"rendered":"<p>Dil, s\u00f6zl\u00fc ve yaz\u0131l\u0131 olarak ileti\u015fimde kulland\u0131\u011f\u0131m\u0131z, do\u011fdu\u011fumuzda haz\u0131r bularak edinmeye ba\u015flad\u0131\u011f\u0131m\u0131z, do\u011frudan do\u011fruya insana \u00f6zg\u00fc, \u00e7ok g\u00fc\u00e7l\u00fc, b\u00fcy\u00fcl\u00fc bir d\u00fczendir; d\u00fc\u015f\u00fcnme ve d\u00fc\u015f\u00fcn\u00fcleni aktarma dizgesidir. T\u0131pk\u0131 beynin yap\u0131s\u0131 gibi bug\u00fcn bile bir\u00e7ok \u00f6zellikleri ayd\u0131nlat\u0131lamam\u0131\u015f olan bu dizge bize, s\u0131n\u0131rl\u0131 say\u0131daki \u00f6\u011felerle say\u0131s\u0131z anlat\u0131m olanaklar\u0131 sa\u011flamakta, bir do\u011fal dili, d\u00fc\u015f\u00fcn\u00fclen her \u015feyi anlatabilen bir niteli\u011fe kavu\u015fturmaktad\u0131r. \ufffc<\/p>\n","protected":false},"excerpt":{"rendered":"<p>Dil, s\u00f6zl\u00fc ve yaz\u0131l\u0131 olarak ileti\u015fimde kulland\u0131\u011f\u0131m\u0131z, do\u011fdu\u011fumuzda haz\u0131r bularak edinmeye ba\u015flad\u0131\u011f\u0131m\u0131z, do\u011frudan do\u011fruya insana \u00f6zg\u00fc, \u00e7ok g\u00fc\u00e7l\u00fc, b\u00fcy\u00fcl\u00fc bir d\u00fczendir; d\u00fc\u015f\u00fcnme ve d\u00fc\u015f\u00fcn\u00fcleni aktarma dizgesidir.<span class=\"excerpt-hellip\"> [\u2026]<\/span><\/p>\n","protected":false},"featured_media":0,"template":"","meta":{"_monsterinsights_skip_tracking":false,"_monsterinsights_sitenote_active":false,"_monsterinsights_sitenote_note":"","_monsterinsights_sitenote_category":0},"product_brand":[],"product_cat":[20225,12291],"product_tag":[],"class_list":{"0":"post-705707","1":"product","2":"type-product","3":"status-publish","5":"product_cat-dil-bilim","6":"product_cat-edebiyat","7":"pa_cilt-ciltsiz","8":"pa_tur-kitap","9":"pa_yayinevi-bilgi-yayinevi","10":"pa_yazar-dogan-aksan","12":"first","13":"instock","14":"sale","15":"shipping-taxable","16":"purchasable","17":"product-type-simple"},"_links":{"self":[{"href":"https:\/\/roveyayinevi.com.tr\/index.php\/wp-json\/wp\/v2\/product\/705707","targetHints":{"allow":["GET"]}}],"collection":[{"href":"https:\/\/roveyayinevi.com.tr\/index.php\/wp-json\/wp\/v2\/product"}],"about":[{"href":"https:\/\/roveyayinevi.com.tr\/index.php\/wp-json\/wp\/v2\/types\/product"}],"wp:attachment":[{"href":"https:\/\/roveyayinevi.com.tr\/index.php\/wp-json\/wp\/v2\/media?parent=705707"}],"wp:term":[{"taxonomy":"product_brand","embeddable":true,"href":"https:\/\/roveyayinevi.com.tr\/index.php\/wp-json\/wp\/v2\/product_brand?post=705707"},{"taxonomy":"product_cat","embeddable":true,"href":"https:\/\/roveyayinevi.com.tr\/index.php\/wp-json\/wp\/v2\/product_cat?post=705707"},{"taxonomy":"product_tag","embeddable":true,"href":"https:\/\/roveyayinevi.com.tr\/index.php\/wp-json\/wp\/v2\/product_tag?post=705707"}],"curies":[{"name":"wp","href":"https:\/\/api.w.org\/{rel}","templated":true}]}}