{"id":705704,"date":"2025-08-27T15:48:38","date_gmt":"2025-08-27T12:48:38","guid":{"rendered":"https:\/\/roveyayinevi.com.tr\/index.php\/urun\/sufiligin-zirvesi-hz-mevlanayi-anlamak\/"},"modified":"2026-04-16T02:14:28","modified_gmt":"2026-04-15T23:14:28","slug":"sufiligin-zirvesi-hz-mevlanayi-anlamak","status":"publish","type":"product","link":"https:\/\/roveyayinevi.com.tr\/index.php\/urun\/sufiligin-zirvesi-hz-mevlanayi-anlamak\/","title":{"rendered":"Sufili\u011fin Zirvesi: Hz. Mevlana&#8217;y\u0131 Anlamak"},"content":{"rendered":"<p>\u0130slam tasavvufunun se\u00e7kin isimlerinden Hz. Mevlana, eserlerindeki hakikate dair manalardan herkesin faydalanmas\u0131n\u0131 arzulamaktad\u0131r. Ancak pratikte olan, kutsal kitaplar d\u00e2hil bir metni herkesin kendi seviyesine uygun yorumlad\u0131\u011f\u0131d\u0131r. <\/p>\n","protected":false},"excerpt":{"rendered":"<p>\u0130slam tasavvufunun se\u00e7kin isimlerinden Hz. Mevlana, eserlerindeki hakikate dair manalardan herkesin faydalanmas\u0131n\u0131 arzulamaktad\u0131r. Ancak pratikte olan, kutsal kitaplar d\u00e2hil bir metni herkesin kendi seviyesine uygun yorumlad\u0131\u011f\u0131d\u0131r.<\/p>\n","protected":false},"featured_media":0,"template":"","meta":{"_monsterinsights_skip_tracking":false,"_monsterinsights_sitenote_active":false,"_monsterinsights_sitenote_note":"","_monsterinsights_sitenote_category":0},"product_brand":[],"product_cat":[18094,12718,12719],"product_tag":[],"class_list":{"0":"post-705704","1":"product","2":"type-product","3":"status-publish","5":"product_cat-biyografi-otobiyografi-islam","6":"product_cat-din","7":"product_cat-islam","8":"pa_tur-kitap","9":"pa_yayinevi-nefes-yayincilik","10":"pa_yazar-osman-nuri-kucuk","12":"first","13":"instock","14":"sale","15":"shipping-taxable","16":"purchasable","17":"product-type-simple"},"_links":{"self":[{"href":"https:\/\/roveyayinevi.com.tr\/index.php\/wp-json\/wp\/v2\/product\/705704","targetHints":{"allow":["GET"]}}],"collection":[{"href":"https:\/\/roveyayinevi.com.tr\/index.php\/wp-json\/wp\/v2\/product"}],"about":[{"href":"https:\/\/roveyayinevi.com.tr\/index.php\/wp-json\/wp\/v2\/types\/product"}],"wp:attachment":[{"href":"https:\/\/roveyayinevi.com.tr\/index.php\/wp-json\/wp\/v2\/media?parent=705704"}],"wp:term":[{"taxonomy":"product_brand","embeddable":true,"href":"https:\/\/roveyayinevi.com.tr\/index.php\/wp-json\/wp\/v2\/product_brand?post=705704"},{"taxonomy":"product_cat","embeddable":true,"href":"https:\/\/roveyayinevi.com.tr\/index.php\/wp-json\/wp\/v2\/product_cat?post=705704"},{"taxonomy":"product_tag","embeddable":true,"href":"https:\/\/roveyayinevi.com.tr\/index.php\/wp-json\/wp\/v2\/product_tag?post=705704"}],"curies":[{"name":"wp","href":"https:\/\/api.w.org\/{rel}","templated":true}]}}