{"id":705703,"date":"2025-08-27T15:48:37","date_gmt":"2025-08-27T12:48:37","guid":{"rendered":"https:\/\/roveyayinevi.com.tr\/index.php\/urun\/felsefenin-ogeleri\/"},"modified":"2026-04-16T02:14:28","modified_gmt":"2026-04-15T23:14:28","slug":"felsefenin-ogeleri","status":"publish","type":"product","link":"https:\/\/roveyayinevi.com.tr\/index.php\/urun\/felsefenin-ogeleri\/","title":{"rendered":"Felsefenin \u00d6\u011feleri"},"content":{"rendered":"<p>Ayd\u0131nlanma Felsefesi\u2019nin u\u00e7beyleri \u201cAnsiklopediciler\u201d ile \u201cFilozoflar\u201d\u0131n \u00f6nde gelen \u00fcyelerinden biri olan d\u2019Alembert\u2019in ad\u0131, en \u00e7ok d\u00f6nemin medar\u0131 iftihar\u0131 Ansiklopedi ya da Bilimler, Sanatlar ve Zanaatlar A\u00e7\u0131klamal\u0131 S\u00f6zl\u00fc\u011f\u00fc\u2019n\u00fcn kotar\u0131lmas\u0131nda Diderot ile birlikte ba\u015f\u0131 \u00e7ekmesiyle an\u0131l\u0131r. Bu e\u015fsiz yap\u0131t\u0131n ba\u015f\u0131na yazd\u0131\u011f\u0131 me\u015fhur \u201cA\u00e7\u0131l\u0131\u015f S\u00f6ylevi\u201dyle de felsefe tarihindeki yerini sa\u011flama al\u0131r d\u2019Alembert. Felsefenin \u00d6\u011feleri ya da \u0130nsan Bilgilerinin \u0130lkeleri \u00dcst\u00fcne Deneme adl\u0131 elinizdeki yap\u0131t\u0131 ise insan bilgilerinin soya\u011fac\u0131n\u0131 \u00e7\u0131karmay\u0131 g\u00f6rev bilerek, bilimlerin sanatlardan ayr\u0131 d\u00fc\u015fmeyece\u011fi bir felsefe \u00e7at\u0131s\u0131 kurmaya soyunuyor. Bu kitab\u0131nda d\u2019Alembert, her t\u00fcrl\u00fc dogmatizmden sak\u0131narak, insan akl\u0131n\u0131 ve deneyimini \u00f6ne \u00e7\u0131kararak d\u00fc\u015f\u00fcncesini \u201cfelsefenin \u00f6\u011feleri\u201dne yo\u011funla\u015ft\u0131r\u0131p de\u011fme bir \u201cfelsefe b\u00f6l\u00fcmlemesi\u201d in\u015fas\u0131 i\u00e7in \u00e7aba harc\u0131yor.\u201cFelsefe, \u00fcst\u00fcnde d\u00fc\u015f\u00fcn\u00fclen farkl\u0131 konulara akl\u0131n uygulan\u0131\u015f\u0131ndan ba\u015fka bir \u015fey de\u011fildir. Felsefenin \u00f6\u011feleri ise, t\u00fcm insan bilgilerinin belli ba\u015fl\u0131 duraklar\u0131n\u0131 i\u00e7ermek zorundad\u0131r&#8230;\u201d <\/p>\n","protected":false},"excerpt":{"rendered":"<p>Ayd\u0131nlanma Felsefesi\u2019nin u\u00e7beyleri \u201cAnsiklopediciler\u201d ile \u201cFilozoflar\u201d\u0131n \u00f6nde gelen \u00fcyelerinden biri olan d\u2019Alembert\u2019in ad\u0131, en \u00e7ok d\u00f6nemin medar\u0131 iftihar\u0131 Ansiklopedi ya da Bilimler, Sanatlar ve Zanaatlar A\u00e7\u0131klamal\u0131<span class=\"excerpt-hellip\"> [\u2026]<\/span><\/p>\n","protected":false},"featured_media":0,"template":"","meta":{"_monsterinsights_skip_tracking":false,"_monsterinsights_sitenote_active":false,"_monsterinsights_sitenote_note":"","_monsterinsights_sitenote_category":0},"product_brand":[],"product_cat":[12389,12388],"product_tag":[],"class_list":{"0":"post-705703","1":"product","2":"type-product","3":"status-publish","5":"product_cat-diger-felsefe","6":"product_cat-felsefe","7":"pa_cilt-ciltsiz","8":"pa_tur-kitap","9":"pa_yayinevi-pharmakon-kitap","10":"pa_yazar-jean-le-rond-dalembert","12":"first","13":"instock","14":"sale","15":"shipping-taxable","16":"purchasable","17":"product-type-simple"},"_links":{"self":[{"href":"https:\/\/roveyayinevi.com.tr\/index.php\/wp-json\/wp\/v2\/product\/705703","targetHints":{"allow":["GET"]}}],"collection":[{"href":"https:\/\/roveyayinevi.com.tr\/index.php\/wp-json\/wp\/v2\/product"}],"about":[{"href":"https:\/\/roveyayinevi.com.tr\/index.php\/wp-json\/wp\/v2\/types\/product"}],"wp:attachment":[{"href":"https:\/\/roveyayinevi.com.tr\/index.php\/wp-json\/wp\/v2\/media?parent=705703"}],"wp:term":[{"taxonomy":"product_brand","embeddable":true,"href":"https:\/\/roveyayinevi.com.tr\/index.php\/wp-json\/wp\/v2\/product_brand?post=705703"},{"taxonomy":"product_cat","embeddable":true,"href":"https:\/\/roveyayinevi.com.tr\/index.php\/wp-json\/wp\/v2\/product_cat?post=705703"},{"taxonomy":"product_tag","embeddable":true,"href":"https:\/\/roveyayinevi.com.tr\/index.php\/wp-json\/wp\/v2\/product_tag?post=705703"}],"curies":[{"name":"wp","href":"https:\/\/api.w.org\/{rel}","templated":true}]}}