{"id":705702,"date":"2025-08-27T15:48:37","date_gmt":"2025-08-27T12:48:37","guid":{"rendered":"https:\/\/roveyayinevi.com.tr\/index.php\/urun\/ilma-dunahin-terazisi\/"},"modified":"2026-04-16T02:14:28","modified_gmt":"2026-04-15T23:14:28","slug":"ilma-dunahin-terazisi","status":"publish","type":"product","link":"https:\/\/roveyayinevi.com.tr\/index.php\/urun\/ilma-dunahin-terazisi\/","title":{"rendered":"\u0130lma &#8211; Dunah&#8217;\u0131n Terazisi"},"content":{"rendered":"<p>Lav dolu yar\u0131\u011f\u0131n ba\u015f\u0131nda \u00e7aresizce bekliyordu Tar. Atlayan sevdi\u011fi kad\u0131n Meysa&#8217;yd\u0131 ama lavlar\u0131n aras\u0131na kar\u0131\u015fan oydu sanki. Ve \u015fimdi s\u0131zlayan y\u00fcre\u011fine ra\u011fmen ilk defa tam anlam\u0131yla kendini Son Ni\u015fanl\u0131 olarak hissediyordu! <\/p>\n","protected":false},"excerpt":{"rendered":"<p>Lav dolu yar\u0131\u011f\u0131n ba\u015f\u0131nda \u00e7aresizce bekliyordu Tar. Atlayan sevdi\u011fi kad\u0131n Meysa&#8217;yd\u0131 ama lavlar\u0131n aras\u0131na kar\u0131\u015fan oydu sanki. Ve \u015fimdi s\u0131zlayan y\u00fcre\u011fine ra\u011fmen ilk defa tam anlam\u0131yla<span class=\"excerpt-hellip\"> [\u2026]<\/span><\/p>\n","protected":false},"featured_media":0,"template":"","meta":{"_monsterinsights_skip_tracking":false,"_monsterinsights_sitenote_active":false,"_monsterinsights_sitenote_note":"","_monsterinsights_sitenote_category":0},"product_brand":[],"product_cat":[12291,12711],"product_tag":[],"class_list":{"0":"post-705702","1":"product","2":"type-product","3":"status-publish","5":"product_cat-edebiyat","6":"product_cat-roman-oyku","7":"pa_tur-kitap","8":"pa_yayinevi-timas-yayinlari","9":"pa_yazar-a-s-durmaz","11":"first","12":"instock","13":"sale","14":"shipping-taxable","15":"purchasable","16":"product-type-simple"},"_links":{"self":[{"href":"https:\/\/roveyayinevi.com.tr\/index.php\/wp-json\/wp\/v2\/product\/705702","targetHints":{"allow":["GET"]}}],"collection":[{"href":"https:\/\/roveyayinevi.com.tr\/index.php\/wp-json\/wp\/v2\/product"}],"about":[{"href":"https:\/\/roveyayinevi.com.tr\/index.php\/wp-json\/wp\/v2\/types\/product"}],"wp:attachment":[{"href":"https:\/\/roveyayinevi.com.tr\/index.php\/wp-json\/wp\/v2\/media?parent=705702"}],"wp:term":[{"taxonomy":"product_brand","embeddable":true,"href":"https:\/\/roveyayinevi.com.tr\/index.php\/wp-json\/wp\/v2\/product_brand?post=705702"},{"taxonomy":"product_cat","embeddable":true,"href":"https:\/\/roveyayinevi.com.tr\/index.php\/wp-json\/wp\/v2\/product_cat?post=705702"},{"taxonomy":"product_tag","embeddable":true,"href":"https:\/\/roveyayinevi.com.tr\/index.php\/wp-json\/wp\/v2\/product_tag?post=705702"}],"curies":[{"name":"wp","href":"https:\/\/api.w.org\/{rel}","templated":true}]}}