{"id":705698,"date":"2025-08-27T15:48:36","date_gmt":"2025-08-27T12:48:36","guid":{"rendered":"https:\/\/roveyayinevi.com.tr\/index.php\/urun\/sanat-dunyasinin-senaryolari\/"},"modified":"2026-04-16T02:14:28","modified_gmt":"2026-04-15T23:14:28","slug":"sanat-dunyasinin-senaryolari","status":"publish","type":"product","link":"https:\/\/roveyayinevi.com.tr\/index.php\/urun\/sanat-dunyasinin-senaryolari\/","title":{"rendered":"Sanat D\u00fcnyas\u0131n\u0131n Senaryolar\u0131"},"content":{"rendered":"<p>Sanat D\u00fcnyas\u0131n\u0131n Senaryolar\u0131, Burak Delier\u2019in 2005-2014 y\u0131llar\u0131 aras\u0131nda kaleme ald\u0131\u011f\u0131 yaz\u0131lar\u0131 ve kendi i\u015fleri \u00fczerine yapt\u0131\u011f\u0131 s\u00f6yle\u015fileri kaps\u0131yor. Delier\u2019in sanat ve siyaset ili\u015fkisini somut \u00f6rnek ve durumlar i\u00e7inden ele almak amac\u0131yla y\u00fcr\u00fctt\u00fc\u011f\u00fc tart\u0131\u015fma, sorunlara yan\u0131tlar \u00fcretmekten \u00e7ok, belirli ba\u011flamlarda etkinle\u015fen sanatsal, ele\u015ftirel, siyasal konu\u015fma edimlerinin bi\u00e7im ve siyasetlerini sorgulamay\u0131 hedefliyor. <\/p>\n","protected":false},"excerpt":{"rendered":"<p>Sanat D\u00fcnyas\u0131n\u0131n Senaryolar\u0131, Burak Delier\u2019in 2005-2014 y\u0131llar\u0131 aras\u0131nda kaleme ald\u0131\u011f\u0131 yaz\u0131lar\u0131 ve kendi i\u015fleri \u00fczerine yapt\u0131\u011f\u0131 s\u00f6yle\u015fileri kaps\u0131yor. Delier\u2019in sanat ve siyaset ili\u015fkisini somut \u00f6rnek ve<span class=\"excerpt-hellip\"> [\u2026]<\/span><\/p>\n","protected":false},"featured_media":0,"template":"","meta":{"_monsterinsights_skip_tracking":false,"_monsterinsights_sitenote_active":false,"_monsterinsights_sitenote_note":"","_monsterinsights_sitenote_category":0},"product_brand":[],"product_cat":[12408],"product_tag":[],"class_list":{"0":"post-705698","1":"product","2":"type-product","3":"status-publish","5":"product_cat-sanat","6":"pa_tur-kitap","7":"pa_yayinevi-koc-universitesi-yayinlari","8":"pa_yazar-burak-demir","10":"first","11":"instock","12":"sale","13":"shipping-taxable","14":"purchasable","15":"product-type-simple"},"_links":{"self":[{"href":"https:\/\/roveyayinevi.com.tr\/index.php\/wp-json\/wp\/v2\/product\/705698","targetHints":{"allow":["GET"]}}],"collection":[{"href":"https:\/\/roveyayinevi.com.tr\/index.php\/wp-json\/wp\/v2\/product"}],"about":[{"href":"https:\/\/roveyayinevi.com.tr\/index.php\/wp-json\/wp\/v2\/types\/product"}],"wp:attachment":[{"href":"https:\/\/roveyayinevi.com.tr\/index.php\/wp-json\/wp\/v2\/media?parent=705698"}],"wp:term":[{"taxonomy":"product_brand","embeddable":true,"href":"https:\/\/roveyayinevi.com.tr\/index.php\/wp-json\/wp\/v2\/product_brand?post=705698"},{"taxonomy":"product_cat","embeddable":true,"href":"https:\/\/roveyayinevi.com.tr\/index.php\/wp-json\/wp\/v2\/product_cat?post=705698"},{"taxonomy":"product_tag","embeddable":true,"href":"https:\/\/roveyayinevi.com.tr\/index.php\/wp-json\/wp\/v2\/product_tag?post=705698"}],"curies":[{"name":"wp","href":"https:\/\/api.w.org\/{rel}","templated":true}]}}