{"id":705695,"date":"2025-08-27T15:48:34","date_gmt":"2025-08-27T12:48:34","guid":{"rendered":"https:\/\/roveyayinevi.com.tr\/index.php\/urun\/dusler-ulkesi\/"},"modified":"2026-04-16T02:14:28","modified_gmt":"2026-04-15T23:14:28","slug":"dusler-ulkesi","status":"publish","type":"product","link":"https:\/\/roveyayinevi.com.tr\/index.php\/urun\/dusler-ulkesi\/","title":{"rendered":"D\u00fc\u015fler \u00dclkesi"},"content":{"rendered":"<p>Gecenin Gizemli Oyunu\u2019nda heyecan devam ediyor! Di\u011fer kahramanlar gibi sen de Paradokya\u2019ya ne zaman girece\u011fini merakla bekliyor olmal\u0131s\u0131n. D\u00fc\u015fler \u00dclkesi\u2019nin gizemi, bilin\u00e7alt\u0131ndaki \u00e2lemin kap\u0131s\u0131n\u0131 ard\u0131na kadar a\u00e7m\u0131\u015f durumda. Paradokslarla \u00e7evrili yolculu\u011fun, uykuya dald\u0131\u011f\u0131n her an ba\u015flayabilir.A\u00e7t\u0131\u011f\u0131n her kap\u0131 ayn\u0131 yere \u00e7\u0131k\u0131yorsa, geldi\u011fin yer ba\u015flad\u0131\u011f\u0131n noktaysa, etraf\u0131nda ger\u00e7ekten g\u00fcvenece\u011fin biri yoksa, bir k\u0131s\u0131rd\u00f6ng\u00fcn\u00fcn i\u00e7ine hapsolduysan oyunundan nas\u0131l \u00e7\u0131kacaks\u0131n? Zaman h\u0131zla ak\u0131yor. Oyundan \u00e7\u0131kmak ve yeni maceralara ko\u015fmak i\u00e7in fazla vaktin yok.Paradokya\u2019da a\u00e7\u0131lan yeni kap\u0131lar, yepyeni maceralar\u0131n habercisi! D\u00fc\u015fler \u00dclkesi\u2019ne ho\u015f geldin! <\/p>\n","protected":false},"excerpt":{"rendered":"<p>Gecenin Gizemli Oyunu\u2019nda heyecan devam ediyor! Di\u011fer kahramanlar gibi sen de Paradokya\u2019ya ne zaman girece\u011fini merakla bekliyor olmal\u0131s\u0131n. D\u00fc\u015fler \u00dclkesi\u2019nin gizemi, bilin\u00e7alt\u0131ndaki \u00e2lemin kap\u0131s\u0131n\u0131 ard\u0131na kadar<span class=\"excerpt-hellip\"> [\u2026]<\/span><\/p>\n","protected":false},"featured_media":0,"template":"","meta":{"_monsterinsights_skip_tracking":false,"_monsterinsights_sitenote_active":false,"_monsterinsights_sitenote_note":"","_monsterinsights_sitenote_category":0},"product_brand":[],"product_cat":[12291,14777],"product_tag":[],"class_list":{"0":"post-705695","1":"product","2":"type-product","3":"status-publish","5":"product_cat-edebiyat","6":"product_cat-fantastik","7":"pa_cilt-ciltsiz","8":"pa_tur-kitap","9":"pa_yayinevi-timas-yayinlari","10":"pa_yazar-cem-gulbent","12":"first","13":"instock","14":"sale","15":"shipping-taxable","16":"purchasable","17":"product-type-simple"},"_links":{"self":[{"href":"https:\/\/roveyayinevi.com.tr\/index.php\/wp-json\/wp\/v2\/product\/705695","targetHints":{"allow":["GET"]}}],"collection":[{"href":"https:\/\/roveyayinevi.com.tr\/index.php\/wp-json\/wp\/v2\/product"}],"about":[{"href":"https:\/\/roveyayinevi.com.tr\/index.php\/wp-json\/wp\/v2\/types\/product"}],"wp:attachment":[{"href":"https:\/\/roveyayinevi.com.tr\/index.php\/wp-json\/wp\/v2\/media?parent=705695"}],"wp:term":[{"taxonomy":"product_brand","embeddable":true,"href":"https:\/\/roveyayinevi.com.tr\/index.php\/wp-json\/wp\/v2\/product_brand?post=705695"},{"taxonomy":"product_cat","embeddable":true,"href":"https:\/\/roveyayinevi.com.tr\/index.php\/wp-json\/wp\/v2\/product_cat?post=705695"},{"taxonomy":"product_tag","embeddable":true,"href":"https:\/\/roveyayinevi.com.tr\/index.php\/wp-json\/wp\/v2\/product_tag?post=705695"}],"curies":[{"name":"wp","href":"https:\/\/api.w.org\/{rel}","templated":true}]}}