{"id":705693,"date":"2025-08-27T15:48:33","date_gmt":"2025-08-27T12:48:33","guid":{"rendered":"https:\/\/roveyayinevi.com.tr\/index.php\/urun\/maskeli-balo-2\/"},"modified":"2026-04-16T02:14:28","modified_gmt":"2026-04-15T23:14:28","slug":"maskeli-balo-2","status":"publish","type":"product","link":"https:\/\/roveyayinevi.com.tr\/index.php\/urun\/maskeli-balo-2\/","title":{"rendered":"Maskeli Balo"},"content":{"rendered":"<p>Umudun varken beklemek g\u00fczel ama \u00f6l\u00fcm \u00f6yle bir ac\u0131 ki geride ne umut b\u0131rak\u0131yor ne de hayal. \u0130\u00e7im par\u00e7a par\u00e7a, kelimelerim k\u0131r\u0131k d\u00f6k\u00fck, konu\u015fmaya mecalim yok. Sussam h\u00fczn\u00fcm\u00fcn kanad\u0131 k\u0131r\u0131l\u0131r. \u015eimdi g\u00f6klerden bir nefes gelsin, bir r\u00fczg\u00e2r essin, bir ya\u011fmur ya\u011fs\u0131n, bir ses, bir ses bozsun \u015fu sessizli\u011fi. \u0130\u00e7imde kabaran yang\u0131n s\u00f6ns\u00fcn istiyorum.Yirmi be\u015f ya\u015f\u0131nda \u00f6l\u00fcp gitmek istemiyorum. Sadece biraz daha zaman, \u00e7ok de\u011fil birka\u00e7 y\u0131l\u2026 Eksikleri tamamlamak ve yar\u0131m bir \u00f6yk\u00fc b\u0131rakmamak i\u00e7in. \u015eark\u0131 bitmedi, kalem h\u00e2l\u00e2 yaz\u0131yor. \u015eark\u0131 bitmeden, hen\u00fcz vakit bitmeden t\u00fcm umutlar\u0131m\u0131z ger\u00e7ek olsun.G\u00fclten Gencer\u2019in di\u011fer ad\u0131yla \u201cMavi Kelebek\u201din ilk ve son roman\u0131nda ya\u015fad\u0131klar\u0131n\u0131 okuyucuyla payla\u015f\u0131yor ve okuyucular\u0131ndan empati kurmalar\u0131n\u0131 istiyor.\u201cSize sesleniyoruz; bize, maskeyle g\u00f6rd\u00fckleri zaman bilinmeyen bir cisim gibi ve ac\u0131yan g\u00f6zlerle bakanlar, bizler kanser hastas\u0131y\u0131z ve iyile\u015fece\u011fiz.\u201dMaskeli Balo, kimi zaman h\u00fcz\u00fcnl\u00fc bir g\u00fcl\u00fcmsemeyle, kimi zaman da g\u00f6zya\u015flar\u0131 i\u00e7inde okuyaca\u011f\u0131n\u0131z yar\u0131da kalan bir hayat\u0131n hik\u00e2yesini anlat\u0131yor. Uzun s\u00fcre roman\u0131n etkisinde kalacak ve kansere kar\u015f\u0131 zorlu bir m\u00fccadele veren insanlara daha farkl\u0131 bir g\u00f6zle bakacaks\u0131n\u0131z. Unutmay\u0131n, \u201cac\u0131mas\u0131z olan kanser de\u011fil ac\u0131mas\u0131z olan insanlar\u0131n bu yarg\u0131lar\u0131.\u201d diyor G\u00fclten Gencer.Maskeli Balo, unutamayaca\u011f\u0131n\u0131z bir roman. <\/p>\n","protected":false},"excerpt":{"rendered":"<p>Umudun varken beklemek g\u00fczel ama \u00f6l\u00fcm \u00f6yle bir ac\u0131 ki geride ne umut b\u0131rak\u0131yor ne de hayal. \u0130\u00e7im par\u00e7a par\u00e7a, kelimelerim k\u0131r\u0131k d\u00f6k\u00fck, konu\u015fmaya mecalim yok.<span class=\"excerpt-hellip\"> [\u2026]<\/span><\/p>\n","protected":false},"featured_media":0,"template":"","meta":{"_monsterinsights_skip_tracking":false,"_monsterinsights_sitenote_active":false,"_monsterinsights_sitenote_note":"","_monsterinsights_sitenote_category":0},"product_brand":[],"product_cat":[12291,12711],"product_tag":[],"class_list":{"0":"post-705693","1":"product","2":"type-product","3":"status-publish","5":"product_cat-edebiyat","6":"product_cat-roman-oyku","7":"pa_tur-kitap","8":"pa_yayinevi-akil-celen-kitaplar","9":"pa_yazar-gulten-gencer","11":"first","12":"instock","13":"sale","14":"shipping-taxable","15":"purchasable","16":"product-type-simple"},"_links":{"self":[{"href":"https:\/\/roveyayinevi.com.tr\/index.php\/wp-json\/wp\/v2\/product\/705693","targetHints":{"allow":["GET"]}}],"collection":[{"href":"https:\/\/roveyayinevi.com.tr\/index.php\/wp-json\/wp\/v2\/product"}],"about":[{"href":"https:\/\/roveyayinevi.com.tr\/index.php\/wp-json\/wp\/v2\/types\/product"}],"wp:attachment":[{"href":"https:\/\/roveyayinevi.com.tr\/index.php\/wp-json\/wp\/v2\/media?parent=705693"}],"wp:term":[{"taxonomy":"product_brand","embeddable":true,"href":"https:\/\/roveyayinevi.com.tr\/index.php\/wp-json\/wp\/v2\/product_brand?post=705693"},{"taxonomy":"product_cat","embeddable":true,"href":"https:\/\/roveyayinevi.com.tr\/index.php\/wp-json\/wp\/v2\/product_cat?post=705693"},{"taxonomy":"product_tag","embeddable":true,"href":"https:\/\/roveyayinevi.com.tr\/index.php\/wp-json\/wp\/v2\/product_tag?post=705693"}],"curies":[{"name":"wp","href":"https:\/\/api.w.org\/{rel}","templated":true}]}}