{"id":705690,"date":"2025-08-27T15:48:32","date_gmt":"2025-08-27T12:48:32","guid":{"rendered":"https:\/\/roveyayinevi.com.tr\/index.php\/urun\/aydinlanmanin-neferleri\/"},"modified":"2026-04-16T02:14:28","modified_gmt":"2026-04-15T23:14:28","slug":"aydinlanmanin-neferleri","status":"publish","type":"product","link":"https:\/\/roveyayinevi.com.tr\/index.php\/urun\/aydinlanmanin-neferleri\/","title":{"rendered":"Ayd\u0131nlanman\u0131n Neferleri"},"content":{"rendered":"<p>Cumhuriyet\u2019in en b\u00fcy\u00fck e\u011fitim projesi olan k\u00f6y enstit\u00fcleri, ayn\u0131 zamanda Kemalist Devrimin d\u00fcnya e\u011fitim tarihine \u00f6zg\u00fcn bir katk\u0131s\u0131d\u0131r. <\/p>\n","protected":false},"excerpt":{"rendered":"<p>Cumhuriyet\u2019in en b\u00fcy\u00fck e\u011fitim projesi olan k\u00f6y enstit\u00fcleri, ayn\u0131 zamanda Kemalist Devrimin d\u00fcnya e\u011fitim tarihine \u00f6zg\u00fcn bir katk\u0131s\u0131d\u0131r.<\/p>\n","protected":false},"featured_media":0,"template":"","meta":{"_monsterinsights_skip_tracking":false,"_monsterinsights_sitenote_active":false,"_monsterinsights_sitenote_note":"","_monsterinsights_sitenote_category":0},"product_brand":[],"product_cat":[12312,12304],"product_tag":[],"class_list":{"0":"post-705690","1":"product","2":"type-product","3":"status-publish","5":"product_cat-diger","6":"product_cat-tarih","7":"pa_tur-kitap","8":"pa_yayinevi-kaynak-yayinlari","9":"pa_yazar-gulten-basol","11":"first","12":"instock","13":"sale","14":"shipping-taxable","15":"purchasable","16":"product-type-simple"},"_links":{"self":[{"href":"https:\/\/roveyayinevi.com.tr\/index.php\/wp-json\/wp\/v2\/product\/705690","targetHints":{"allow":["GET"]}}],"collection":[{"href":"https:\/\/roveyayinevi.com.tr\/index.php\/wp-json\/wp\/v2\/product"}],"about":[{"href":"https:\/\/roveyayinevi.com.tr\/index.php\/wp-json\/wp\/v2\/types\/product"}],"wp:attachment":[{"href":"https:\/\/roveyayinevi.com.tr\/index.php\/wp-json\/wp\/v2\/media?parent=705690"}],"wp:term":[{"taxonomy":"product_brand","embeddable":true,"href":"https:\/\/roveyayinevi.com.tr\/index.php\/wp-json\/wp\/v2\/product_brand?post=705690"},{"taxonomy":"product_cat","embeddable":true,"href":"https:\/\/roveyayinevi.com.tr\/index.php\/wp-json\/wp\/v2\/product_cat?post=705690"},{"taxonomy":"product_tag","embeddable":true,"href":"https:\/\/roveyayinevi.com.tr\/index.php\/wp-json\/wp\/v2\/product_tag?post=705690"}],"curies":[{"name":"wp","href":"https:\/\/api.w.org\/{rel}","templated":true}]}}