{"id":705689,"date":"2025-08-27T15:48:32","date_gmt":"2025-08-27T12:48:32","guid":{"rendered":"https:\/\/roveyayinevi.com.tr\/index.php\/urun\/iletisim-aglarinin-ekonomisi\/"},"modified":"2026-01-29T02:25:54","modified_gmt":"2026-01-28T23:25:54","slug":"iletisim-aglarinin-ekonomisi","status":"publish","type":"product","link":"https:\/\/roveyayinevi.com.tr\/index.php\/urun\/iletisim-aglarinin-ekonomisi\/","title":{"rendered":"\u0130leti\u015fim A\u011flar\u0131n\u0131n Ekonomisi"},"content":{"rendered":"<p>\u00dclkemizde ve ba\u015fka \u00fclkelerde toplumsal alana ili\u015fkin \u00e7ok \u00f6nemli politika kararlar\u0131nda neo-klasik iktisad\u0131 belli bir y\u00f6nde bi\u00e7imlendiren anaak\u0131m iktisat s\u00f6yleminin a\u011f\u0131rl\u0131\u011f\u0131n\u0131 koruyor. E\u011fitim, sa\u011fl\u0131k, sosyal g\u00fcvenlik ve ileti\u015fim alanlar\u0131nda da yeniden yap\u0131lanma politikalar\u0131n\u0131n me\u015frula\u015ft\u0131r\u0131lmas\u0131nda \u201cverimlilik\u201d, \u201cserbest piyasa\u201d, \u201cparas\u0131n\u0131 \u00f6deyene hizmet\u201d, t\u00fcketici yarar\u0131\u201d ve benzeri kavramlar yo\u011fun olarak kullan\u0131l\u0131yor. Bu kitapta bir b\u00f6l\u00fcm\u00fc ekonomi-politik yakla\u015f\u0131mlar ise anaak\u0131m iktisat yerine, bir anlama \u00e7abas\u0131 olarak \u201ciktisat\u201d\u0131n di\u011fer alanlarla al\u0131\u015fveri\u015f i\u00e7inde olan bir toplumsal bilim olmaya y\u00f6nelebilece\u011fini g\u00f6steriyor. \u00d6te yandan \u00fclkemizdeki ileti\u015fim ara\u015ft\u0131rmalar\u0131n durumu da pek parlak g\u00f6z\u00fckm\u00fcyor. Ara\u015ft\u0131rmalar\u0131n say\u0131s\u0131 bir yana, kapsad\u0131\u011f\u0131 alanlar\u0131n da yeteri kadar \u00e7e\u015fitlenmi\u015f olmad\u0131\u011f\u0131n\u0131 s\u00f6ylemek m\u00fcmk\u00fcn. \u0130leti\u015fim ara\u00e7lar\u0131n\u0131n \u00e7\u0131kt\u0131lar\u0131na (i\u00e7erik) ve ger\u00e7eklikten kopar\u0131lm\u0131\u015f abart\u0131l\u0131 bir \u201ck\u00fclt\u00fcr\u00fcn \u00f6nceli\u011fi\u201d yakla\u015f\u0131m\u0131yla kimlik siyasetine odakland\u0131\u011f\u0131 g\u00fcn\u00fcm\u00fczde, \u00e7ok-disiplinli yakla\u015f\u0131mlar her zamankinden daha fazla \u00f6nem ta\u015f\u0131yor. Elinizdeki kitap alt\u0131 ara\u015ft\u0131rmac\u0131n\u0131n birbirini tamamlayan 13 ara\u015ft\u0131rma makalesinden olu\u015fuyor. Bu makalelerin bir b\u00f6l\u00fcm\u00fc hem neo-klasik iktisad\u0131n hem de di\u011fer ekonomi-politik yakla\u015f\u0131mlar\u0131n ileti\u015fim a\u011flar\u0131na ili\u015fkin kavramlar\u0131n\u0131 tan\u0131t\u0131yor. \u0130leti\u015fim a\u011flar\u0131, kitle ileti\u015fim ara\u00e7lar\u0131 ve etkile\u015fimli yeni medyalar\u0131n (telekom\u00fcnikasyon, bilgisayar a\u011flar\u0131 gibi) y\u00f6nde\u015fmesi ba\u011flam\u0131nda \u201cgeleneksel\u201d ve \u201cyeni medyay\u0131\u201d kapsamaktad\u0131r. Makalelerin bir b\u00f6l\u00fcm\u00fc de bu kavramlarla D\u00fcnya\u2019daki ve \u00fclkemizdeki somut g\u00f6rg\u00fcl malzeme aras\u0131nda ba\u011f kurmaya \u00e7al\u0131\u015f\u0131yor. Hi\u00e7 ku\u015fkusuz ileti\u015fim a\u011flar\u0131 dedi\u011fimiz zaman bu kavram\u0131n i\u00e7ine giren t\u00fcm unsurlar kitapta kapsanm\u0131yor. \u00d6rne\u011fin, ileti\u015fim a\u011flar\u0131n\u0131 m\u00fcmk\u00fcn k\u0131lan donan\u0131m sekt\u00f6rlerinin bir b\u00f6l\u00fcm\u00fc kitab\u0131n i\u00e7inde yok. Bas\u0131l\u0131 medya ve sinema filmlerinin olmad\u0131\u011f\u0131 gibi&#8230; Bo\u015flukta kalan alanlar ara\u015ft\u0131rmac\u0131lar\u0131n\u0131 bekliyor. <\/p>\n","protected":false},"excerpt":{"rendered":"<p>\u00dclkemizde ve ba\u015fka \u00fclkelerde toplumsal alana ili\u015fkin \u00e7ok \u00f6nemli politika kararlar\u0131nda neo-klasik iktisad\u0131 belli bir y\u00f6nde bi\u00e7imlendiren anaak\u0131m iktisat s\u00f6yleminin a\u011f\u0131rl\u0131\u011f\u0131n\u0131 koruyor. E\u011fitim, sa\u011fl\u0131k, sosyal g\u00fcvenlik<span class=\"excerpt-hellip\"> [\u2026]<\/span><\/p>\n","protected":false},"featured_media":0,"template":"","meta":{"_monsterinsights_skip_tracking":false,"_monsterinsights_sitenote_active":false,"_monsterinsights_sitenote_note":"","_monsterinsights_sitenote_category":0},"product_brand":[],"product_cat":[13488],"product_tag":[],"class_list":{"0":"post-705689","1":"product","2":"type-product","3":"status-publish","5":"product_cat-toplum-ve-insan","6":"pa_cilt-ciltsiz","7":"pa_tur-kitap","8":"pa_yayinevi-utopya-yayinevi","9":"pa_yazar-funda-basaran","11":"first","12":"instock","13":"sale","14":"shipping-taxable","15":"purchasable","16":"product-type-simple"},"_links":{"self":[{"href":"https:\/\/roveyayinevi.com.tr\/index.php\/wp-json\/wp\/v2\/product\/705689","targetHints":{"allow":["GET"]}}],"collection":[{"href":"https:\/\/roveyayinevi.com.tr\/index.php\/wp-json\/wp\/v2\/product"}],"about":[{"href":"https:\/\/roveyayinevi.com.tr\/index.php\/wp-json\/wp\/v2\/types\/product"}],"wp:attachment":[{"href":"https:\/\/roveyayinevi.com.tr\/index.php\/wp-json\/wp\/v2\/media?parent=705689"}],"wp:term":[{"taxonomy":"product_brand","embeddable":true,"href":"https:\/\/roveyayinevi.com.tr\/index.php\/wp-json\/wp\/v2\/product_brand?post=705689"},{"taxonomy":"product_cat","embeddable":true,"href":"https:\/\/roveyayinevi.com.tr\/index.php\/wp-json\/wp\/v2\/product_cat?post=705689"},{"taxonomy":"product_tag","embeddable":true,"href":"https:\/\/roveyayinevi.com.tr\/index.php\/wp-json\/wp\/v2\/product_tag?post=705689"}],"curies":[{"name":"wp","href":"https:\/\/api.w.org\/{rel}","templated":true}]}}