{"id":705686,"date":"2025-08-27T15:48:31","date_gmt":"2025-08-27T12:48:31","guid":{"rendered":"https:\/\/roveyayinevi.com.tr\/index.php\/urun\/suriye-ve-filistin-mektuplari\/"},"modified":"2026-04-16T02:14:28","modified_gmt":"2026-04-15T23:14:28","slug":"suriye-ve-filistin-mektuplari","status":"publish","type":"product","link":"https:\/\/roveyayinevi.com.tr\/index.php\/urun\/suriye-ve-filistin-mektuplari\/","title":{"rendered":"Suriye ve Filistin Mektuplar\u0131"},"content":{"rendered":"<p>Yusuf Ak\u00e7ura, 1913\u2019te Suriye ve Filistin\u2019i gezdikten sonra Hicaz\u2019a giderek hac\u0131 olmu\u015ftur. Ak\u00e7ura\u2019n\u0131n 1913\u2019te \u00e7\u0131kt\u0131\u011f\u0131 Hicaz yolculu\u011fundan Orenburg\u2019daki Vakit gazetesine g\u00f6nderdi\u011fi mektuplar, Nisan ve Ekim aylar\u0131 aras\u0131ndaki \u00e7e\u015fitli say\u0131larda ne\u015fredilmi\u015ftir. T\u00fcrk fikir hayat\u0131n\u0131n \u00f6nde gelen \u015fahsiyetlerinden Yusuf Ak\u00e7ura\u2019n\u0131n Kazan Muhbiri, Ahbar, Vakit, Terc\u00fcman gazetelerinde ve \u015eura dergisinde \u00e7ok say\u0131da makalesi ne\u015fredilmi\u015f, ancak bu dergi ve gazetelerin n\u00fcshalar\u0131 T\u00fcrkiye\u2019deki k\u00fct\u00fcphanelerde bulunmad\u0131\u011f\u0131ndan, Ak\u00e7ura\u2019n\u0131n bu makaleleri \u015fimdiye kadar ara\u015ft\u0131rmac\u0131lar taraf\u0131ndan g\u00f6r\u00fclememi\u015fti. Y\u00fcz y\u0131ld\u0131r hala g\u00fcndemde olan Suriye ve Filistin\u2019in \u00e2deta 1913\u2019teki foto\u011fraf\u0131n\u0131 \u00e7eken bu yaz\u0131lar, dikkatli bir g\u00f6zle okunmay\u0131 hak ediyor, zira Ak\u00e7ura\u2019n\u0131n o g\u00fcn dile getirdikleri, bug\u00fcn bu co\u011frafyada ya\u015fananlar\u0131 daha iyi anlamam\u0131z i\u00e7in b\u00fcy\u00fck bir \u00f6nem arz ediyor. Suriye ve Filistin Mektuplar\u0131, co\u011frafyay\u0131 vatan k\u0131lacak unsurlar\u0131n neler oldu\u011funa temas etmesi bak\u0131m\u0131ndan da Yusuf Ak\u00e7ura\u2019n\u0131n b\u00fct\u00fcn eserleri i\u00e7erisinde m\u00fcstesna bir yerde duruyor. <\/p>\n","protected":false},"excerpt":{"rendered":"<p>Yusuf Ak\u00e7ura, 1913\u2019te Suriye ve Filistin\u2019i gezdikten sonra Hicaz\u2019a giderek hac\u0131 olmu\u015ftur. Ak\u00e7ura\u2019n\u0131n 1913\u2019te \u00e7\u0131kt\u0131\u011f\u0131 Hicaz yolculu\u011fundan Orenburg\u2019daki Vakit gazetesine g\u00f6nderdi\u011fi mektuplar, Nisan ve Ekim aylar\u0131<span class=\"excerpt-hellip\"> [\u2026]<\/span><\/p>\n","protected":false},"featured_media":0,"template":"","meta":{"_monsterinsights_skip_tracking":false,"_monsterinsights_sitenote_active":false,"_monsterinsights_sitenote_note":"","_monsterinsights_sitenote_category":0},"product_brand":[],"product_cat":[13633,12324],"product_tag":[],"class_list":{"0":"post-705686","1":"product","2":"type-product","3":"status-publish","5":"product_cat-kultur-ve-bilim","6":"product_cat-sosyoloji","7":"pa_cilt-ciltsiz","8":"pa_tur-kitap","9":"pa_yayinevi-otuken-nesriyat","10":"pa_yazar-yusuf-akcura","12":"first","13":"instock","14":"sale","15":"shipping-taxable","16":"purchasable","17":"product-type-simple"},"_links":{"self":[{"href":"https:\/\/roveyayinevi.com.tr\/index.php\/wp-json\/wp\/v2\/product\/705686","targetHints":{"allow":["GET"]}}],"collection":[{"href":"https:\/\/roveyayinevi.com.tr\/index.php\/wp-json\/wp\/v2\/product"}],"about":[{"href":"https:\/\/roveyayinevi.com.tr\/index.php\/wp-json\/wp\/v2\/types\/product"}],"wp:attachment":[{"href":"https:\/\/roveyayinevi.com.tr\/index.php\/wp-json\/wp\/v2\/media?parent=705686"}],"wp:term":[{"taxonomy":"product_brand","embeddable":true,"href":"https:\/\/roveyayinevi.com.tr\/index.php\/wp-json\/wp\/v2\/product_brand?post=705686"},{"taxonomy":"product_cat","embeddable":true,"href":"https:\/\/roveyayinevi.com.tr\/index.php\/wp-json\/wp\/v2\/product_cat?post=705686"},{"taxonomy":"product_tag","embeddable":true,"href":"https:\/\/roveyayinevi.com.tr\/index.php\/wp-json\/wp\/v2\/product_tag?post=705686"}],"curies":[{"name":"wp","href":"https:\/\/api.w.org\/{rel}","templated":true}]}}