{"id":705685,"date":"2025-08-27T15:48:31","date_gmt":"2025-08-27T12:48:31","guid":{"rendered":"https:\/\/roveyayinevi.com.tr\/index.php\/urun\/sukran-kaymakla-cay-saati\/"},"modified":"2026-04-16T02:14:28","modified_gmt":"2026-04-15T23:14:28","slug":"sukran-kaymakla-cay-saati","status":"publish","type":"product","link":"https:\/\/roveyayinevi.com.tr\/index.php\/urun\/sukran-kaymakla-cay-saati\/","title":{"rendered":"\u015e\u00fckran Kaymak&#8217;la \u00c7ay Saati"},"content":{"rendered":"<p>Lezzet garantili do\u011fru tarifleriyle dikkatleri \u00fczerine \u00e7eken, Instagram\u2019da iki milyona yakla\u015fan takip\u00e7i say\u0131s\u0131yla fenomen olan \u015e\u00fckran Kaymak yanarda\u011f pastas\u0131, s\u00fcrprizli kakaolu kek, malaga, elmas kurabiye gibi \u00e7ok be\u011fenilen, en lezzetli tariflerini sizin i\u00e7in \u015e\u00fckran Kaymak\u2019la \u00c7ay Saati\u2019nde bir araya getirdi. \ufffcTan\u0131t\u0131m Metni<\/p>\n","protected":false},"excerpt":{"rendered":"<p>Lezzet garantili do\u011fru tarifleriyle dikkatleri \u00fczerine \u00e7eken, Instagram\u2019da iki milyona yakla\u015fan takip\u00e7i say\u0131s\u0131yla fenomen olan \u015e\u00fckran Kaymak yanarda\u011f pastas\u0131, s\u00fcrprizli kakaolu kek, malaga, elmas kurabiye gibi<span class=\"excerpt-hellip\"> [\u2026]<\/span><\/p>\n","protected":false},"featured_media":0,"template":"","meta":{"_monsterinsights_skip_tracking":false,"_monsterinsights_sitenote_active":false,"_monsterinsights_sitenote_note":"","_monsterinsights_sitenote_category":0},"product_brand":[],"product_cat":[12458,12457],"product_tag":[],"class_list":{"0":"post-705685","1":"product","2":"type-product","3":"status-publish","5":"product_cat-turk-mutfagi","6":"product_cat-yemek-kitaplari","7":"pa_cilt-ciltsiz","8":"pa_tur-kitap","9":"pa_yayinevi-inkilap-kitabevi","10":"pa_yazar-sukran-kaymak","12":"first","13":"instock","14":"sale","15":"shipping-taxable","16":"purchasable","17":"product-type-simple"},"_links":{"self":[{"href":"https:\/\/roveyayinevi.com.tr\/index.php\/wp-json\/wp\/v2\/product\/705685","targetHints":{"allow":["GET"]}}],"collection":[{"href":"https:\/\/roveyayinevi.com.tr\/index.php\/wp-json\/wp\/v2\/product"}],"about":[{"href":"https:\/\/roveyayinevi.com.tr\/index.php\/wp-json\/wp\/v2\/types\/product"}],"wp:attachment":[{"href":"https:\/\/roveyayinevi.com.tr\/index.php\/wp-json\/wp\/v2\/media?parent=705685"}],"wp:term":[{"taxonomy":"product_brand","embeddable":true,"href":"https:\/\/roveyayinevi.com.tr\/index.php\/wp-json\/wp\/v2\/product_brand?post=705685"},{"taxonomy":"product_cat","embeddable":true,"href":"https:\/\/roveyayinevi.com.tr\/index.php\/wp-json\/wp\/v2\/product_cat?post=705685"},{"taxonomy":"product_tag","embeddable":true,"href":"https:\/\/roveyayinevi.com.tr\/index.php\/wp-json\/wp\/v2\/product_tag?post=705685"}],"curies":[{"name":"wp","href":"https:\/\/api.w.org\/{rel}","templated":true}]}}