{"id":705684,"date":"2025-08-27T15:48:30","date_gmt":"2025-08-27T12:48:30","guid":{"rendered":"https:\/\/roveyayinevi.com.tr\/index.php\/urun\/soz-ver\/"},"modified":"2025-10-08T11:22:45","modified_gmt":"2025-10-08T08:22:45","slug":"soz-ver","status":"publish","type":"product","link":"https:\/\/roveyayinevi.com.tr\/index.php\/urun\/soz-ver\/","title":{"rendered":"S\u00f6z Ver!"},"content":{"rendered":"<p>Ne mi var bu kitapta Akl\u0131n ve duygunun ayn\u0131 ruhta harmanland\u0131\u011f\u0131 bir ya\u015fam. Hayal k\u0131r\u0131kl\u0131klar\u0131n\u0131n getirdi\u011fi umutsuzlu\u011fa kar\u015f\u0131 y\u00fcre\u011fe d\u00fc\u015fen g\u00fcne\u015ften bir damla. Dolu dolu ge\u00e7en bir \u00f6mr\u00fcn getirdi\u011fi tecr\u00fcbeyi payla\u015fma heyecan\u0131. Co\u015fkuyla akan bir \u0131rma\u011f\u0131n beraberinde getirdi\u011fi s\u00fcrpriz hediyeler. Abart\u0131l\u0131 m\u0131 geldi size okuyun o zaman.- Yazar \u015eair Murat Akba\u015fG\u00fczel an\u0131larla, tesad\u00fcflerle, fark\u0131ndal\u0131klarla dolu bir hayata \u0131\u015f\u0131k tutmaya var m\u0131s\u0131n? Bak\u0131\u015f\u0131n\u0131 \u00e7evirmeye, Yeni kararlar almaya, yeni yollar \u00e7izmeye? Kitab\u0131n ba\u015f\u0131ndaki sen ile sonundaki sen ayn\u0131 olmayacaks\u0131n. &#8230; S\u00f6z ver&#8230;- Ecz. Nehir Ya\u011fmur \u00c7akmakYa\u015fama dair ne varsa size dokunan, nefesini daraltan, g\u00fcld\u00fcren, a\u011flatan, y\u00fcre\u011fini k\u0131p\u0131r k\u0131p\u0131r eden, hepsi bu kitapta var&#8230; S\u00f6z ver&#8230; Sadece &#8220;S\u00f6z Ver&#8221; yeter&#8230;- Yazar \/ Y\u00f6netim Dan\u0131\u015fman\u0131 &#8211; Faruk Nalbanto\u011flu <\/p>\n","protected":false},"excerpt":{"rendered":"<p>Ne mi var bu kitapta Akl\u0131n ve duygunun ayn\u0131 ruhta harmanland\u0131\u011f\u0131 bir ya\u015fam. Hayal k\u0131r\u0131kl\u0131klar\u0131n\u0131n getirdi\u011fi umutsuzlu\u011fa kar\u015f\u0131 y\u00fcre\u011fe d\u00fc\u015fen g\u00fcne\u015ften bir damla. Dolu dolu ge\u00e7en<span class=\"excerpt-hellip\"> [\u2026]<\/span><\/p>\n","protected":false},"featured_media":0,"template":"","meta":{"_monsterinsights_skip_tracking":false,"_monsterinsights_sitenote_active":false,"_monsterinsights_sitenote_note":"","_monsterinsights_sitenote_category":0},"product_brand":[],"product_cat":[12364,12376],"product_tag":[],"class_list":{"0":"post-705684","1":"product","2":"type-product","3":"status-publish","5":"product_cat-genel-konular","6":"product_cat-kisisel-gelisim","7":"pa_cilt-ciltsiz","8":"pa_tur-kitap","9":"pa_yayinevi-arti-farma","10":"pa_yazar-leyla-mine-tandag","12":"first","13":"instock","14":"sale","15":"shipping-taxable","16":"purchasable","17":"product-type-simple"},"_links":{"self":[{"href":"https:\/\/roveyayinevi.com.tr\/index.php\/wp-json\/wp\/v2\/product\/705684","targetHints":{"allow":["GET"]}}],"collection":[{"href":"https:\/\/roveyayinevi.com.tr\/index.php\/wp-json\/wp\/v2\/product"}],"about":[{"href":"https:\/\/roveyayinevi.com.tr\/index.php\/wp-json\/wp\/v2\/types\/product"}],"wp:attachment":[{"href":"https:\/\/roveyayinevi.com.tr\/index.php\/wp-json\/wp\/v2\/media?parent=705684"}],"wp:term":[{"taxonomy":"product_brand","embeddable":true,"href":"https:\/\/roveyayinevi.com.tr\/index.php\/wp-json\/wp\/v2\/product_brand?post=705684"},{"taxonomy":"product_cat","embeddable":true,"href":"https:\/\/roveyayinevi.com.tr\/index.php\/wp-json\/wp\/v2\/product_cat?post=705684"},{"taxonomy":"product_tag","embeddable":true,"href":"https:\/\/roveyayinevi.com.tr\/index.php\/wp-json\/wp\/v2\/product_tag?post=705684"}],"curies":[{"name":"wp","href":"https:\/\/api.w.org\/{rel}","templated":true}]}}