{"id":705683,"date":"2025-08-27T15:48:30","date_gmt":"2025-08-27T12:48:30","guid":{"rendered":"https:\/\/roveyayinevi.com.tr\/index.php\/urun\/siyaset-psikolojisi\/"},"modified":"2026-04-16T02:14:28","modified_gmt":"2026-04-15T23:14:28","slug":"siyaset-psikolojisi","status":"publish","type":"product","link":"https:\/\/roveyayinevi.com.tr\/index.php\/urun\/siyaset-psikolojisi\/","title":{"rendered":"Siyaset Psikolojisi"},"content":{"rendered":"<p>G\u00fcn\u00fcm\u00fczde siyasetin alg\u0131lar \u00fczerinden yap\u0131lmakta oldu\u011fu ger\u00e7e\u011finden hareketle siyaset u\u011fra\u015f\u0131na dair en isabetli tan\u0131m\u0131n &#8216;alg\u0131 y\u00f6netimi sanat\u0131&#8217; olmas\u0131 muhtemeldir. Nitekim \u00e7a\u011f\u0131m\u0131zda pek \u00e7ok ulusal ve uluslararas\u0131 \u00e7at\u0131\u015fma alan\u0131na siyasal bir \u00e7\u00f6z\u00fcm aran\u0131rken s\u0131k s\u0131k alg\u0131 operasyonlar\u0131na m\u00fcracaat edilir. \u00d6te yandan siyasetin olaylar, olgular, akt\u00f6rler ve s\u00fcre\u00e7ler \u00fczerinden analiz edildi\u011fi d\u00fc\u015f\u00fcn\u00fcld\u00fc\u011f\u00fcnde psikolojinin her safhada ne denli \u00f6nemli oldu\u011fu kolayca anla\u015f\u0131lacakt\u0131r. Siyaset yap\u0131c\u0131y\u0131 karar alma s\u00fcre\u00e7lerinde etkileyen unsurlar, al\u0131nan kararlar\u0131n toplumlara\/y\u00f6netilenlere yans\u0131mas\u0131, yaz\u0131l\u0131-g\u00f6rsel ve sanal medyan\u0131n siyaset cihetinde manip\u00fclasyonu, asimetrik sava\u015flar, dezenformasyona yol a\u00e7an istihbarat hamleleri, bir ad\u0131m sonras\u0131n\u0131 \u015fekillendirmeyi ama\u00e7layan taktik ve stratejiler en ba\u015fta psikoloji disiplini \u00fczerinden irdelenmelidir. Ya\u015fad\u0131\u011f\u0131m\u0131z d\u00f6nemde zaten olduk\u00e7a karma\u015f\u0131k olan d\u00fcnyay\u0131, \u00f6nceden belirlenmi\u015f birtak\u0131m \u00f6n kabullere dayal\u0131 alg\u0131 se\u00e7icili\u011fi ile \u00e7\u00f6z\u00fcmlemeye \u00e7al\u0131\u015fan siyasal ideolojiler de psikolojiyle do\u011frudan alakal\u0131d\u0131r. \u00d6yle ki son y\u00fczy\u0131lda \u015fahit oldu\u011fumuz 11 Eyl\u00fcl 2001 ter\u00f6rist sald\u0131r\u0131lar\u0131, Afganistan ve Irak&#8217;\u0131n Amerikan i\u015fgaline u\u011framas\u0131, Taliban, el-Kaide ve I\u015e\u0130D gibi ter\u00f6r \u00f6rg\u00fctlerinin ortaya \u00e7\u0131k\u0131\u015f\u0131 ve Arap Bahar\u0131\/Uyan\u0131\u015f\u0131 diye adland\u0131r\u0131lan sosyal ve siyasal hareketler hep psikolojik unsurlar g\u00f6zetilerek haz\u0131rlanm\u0131\u015f ve sunulmu\u015f projeler olarak kar\u015f\u0131m\u0131za \u00e7\u0131km\u0131\u015flard\u0131r. Ne var ki siyasetle psikolojinin bu kabil i\u00e7 i\u00e7e ge\u00e7mi\u015f oldu\u011funu g\u00f6steren pek \u00e7ok \u00f6rne\u011fe ve duruma ra\u011fmen, bu iki disiplini birle\u015ftiren siyaset psikolojisi alan\u0131nda yaz\u0131lm\u0131\u015f eser adedi yok denecek kadar azd\u0131r. Elinizdeki kitap bir yandan siyaset psikolojisi disiplininin teorik ve tarihsel arka plan\u0131na dair doyurucu bir bilgi birikimi sunarken, \u00f6te yandan g\u00fcncel uluslararas\u0131 siyasal geli\u015fmelerin pek de dikkat \u00e7ekmeyen psikolojik boyutunu okuyucuyu s\u00fcr\u00fckleyen ak\u0131c\u0131 bir \u00fcslupla g\u00f6zler \u00f6n\u00fcne sermektedir.<\/p>\n","protected":false},"excerpt":{"rendered":"<p>G\u00fcn\u00fcm\u00fczde siyasetin alg\u0131lar \u00fczerinden yap\u0131lmakta oldu\u011fu ger\u00e7e\u011finden hareketle siyaset u\u011fra\u015f\u0131na dair en isabetli tan\u0131m\u0131n &#8216;alg\u0131 y\u00f6netimi sanat\u0131&#8217; olmas\u0131 muhtemeldir. Nitekim \u00e7a\u011f\u0131m\u0131zda pek \u00e7ok ulusal ve uluslararas\u0131<span class=\"excerpt-hellip\"> [\u2026]<\/span><\/p>\n","protected":false},"featured_media":0,"template":"","meta":{"_monsterinsights_skip_tracking":false,"_monsterinsights_sitenote_active":false,"_monsterinsights_sitenote_note":"","_monsterinsights_sitenote_category":0},"product_brand":[],"product_cat":[12337,14706],"product_tag":[],"class_list":{"0":"post-705683","1":"product","2":"type-product","3":"status-publish","5":"product_cat-politika-siyaset","6":"product_cat-siyaset-bilimi","7":"pa_cilt-ciltsiz","8":"pa_tur-kitap","9":"pa_yayinevi-bilge-kultur-sanat","10":"pa_yazar-david-patrick-houghton","12":"first","13":"instock","14":"sale","15":"shipping-taxable","16":"purchasable","17":"product-type-simple"},"_links":{"self":[{"href":"https:\/\/roveyayinevi.com.tr\/index.php\/wp-json\/wp\/v2\/product\/705683","targetHints":{"allow":["GET"]}}],"collection":[{"href":"https:\/\/roveyayinevi.com.tr\/index.php\/wp-json\/wp\/v2\/product"}],"about":[{"href":"https:\/\/roveyayinevi.com.tr\/index.php\/wp-json\/wp\/v2\/types\/product"}],"wp:attachment":[{"href":"https:\/\/roveyayinevi.com.tr\/index.php\/wp-json\/wp\/v2\/media?parent=705683"}],"wp:term":[{"taxonomy":"product_brand","embeddable":true,"href":"https:\/\/roveyayinevi.com.tr\/index.php\/wp-json\/wp\/v2\/product_brand?post=705683"},{"taxonomy":"product_cat","embeddable":true,"href":"https:\/\/roveyayinevi.com.tr\/index.php\/wp-json\/wp\/v2\/product_cat?post=705683"},{"taxonomy":"product_tag","embeddable":true,"href":"https:\/\/roveyayinevi.com.tr\/index.php\/wp-json\/wp\/v2\/product_tag?post=705683"}],"curies":[{"name":"wp","href":"https:\/\/api.w.org\/{rel}","templated":true}]}}