{"id":705682,"date":"2025-08-27T15:48:30","date_gmt":"2025-08-27T12:48:30","guid":{"rendered":"https:\/\/roveyayinevi.com.tr\/index.php\/urun\/osmanli-gercekleri\/"},"modified":"2026-04-16T02:14:27","modified_gmt":"2026-04-15T23:14:27","slug":"osmanli-gercekleri","status":"publish","type":"product","link":"https:\/\/roveyayinevi.com.tr\/index.php\/urun\/osmanli-gercekleri\/","title":{"rendered":"Osmanl\u0131 Ger\u00e7ekleri"},"content":{"rendered":"<p>Kay\u0131 serisi ile 7&#8217;den 70&#8217;e herkese ula\u015fan Prof. Dr. Ahmet \u015eim\u015firgil, \u015fimdi de Osmanl\u0131 Ger\u00e7ekleri ba\u015fl\u0131kl\u0131 yepyeni bir seriyi okuyucular\u0131n\u0131n be\u011fenisine sunuyor. \u015eim\u015firgil, bu seriyle Osmanl\u0131&#8217;n\u0131n kurulu\u015fundan y\u0131k\u0131l\u0131\u015f\u0131na kadarki d\u00f6nemle alakal\u0131 herkesin akl\u0131na tak\u0131lan bir\u00e7ok soruya yine ak\u0131c\u0131 \u00fcslubu, temel kaynak referanslarla cevap verecek\u2026<\/p>\n","protected":false},"excerpt":{"rendered":"<p>Kay\u0131 serisi ile 7&#8217;den 70&#8217;e herkese ula\u015fan Prof. Dr. Ahmet \u015eim\u015firgil, \u015fimdi de Osmanl\u0131 Ger\u00e7ekleri ba\u015fl\u0131kl\u0131 yepyeni bir seriyi okuyucular\u0131n\u0131n be\u011fenisine sunuyor. \u015eim\u015firgil, bu seriyle Osmanl\u0131&#8217;n\u0131n<span class=\"excerpt-hellip\"> [\u2026]<\/span><\/p>\n","protected":false},"featured_media":0,"template":"","meta":{"_monsterinsights_skip_tracking":false,"_monsterinsights_sitenote_active":false,"_monsterinsights_sitenote_note":"","_monsterinsights_sitenote_category":0},"product_brand":[],"product_cat":[13517,12304],"product_tag":[],"class_list":{"0":"post-705682","1":"product","2":"type-product","3":"status-publish","5":"product_cat-osmanli-tarihi","6":"product_cat-tarih","7":"pa_cilt-ciltsiz","8":"pa_tur-kitap","9":"pa_yayinevi-timas-yayinlari","10":"pa_yazar-ahmet-simsirgil","12":"first","13":"instock","14":"sale","15":"shipping-taxable","16":"purchasable","17":"product-type-simple"},"_links":{"self":[{"href":"https:\/\/roveyayinevi.com.tr\/index.php\/wp-json\/wp\/v2\/product\/705682","targetHints":{"allow":["GET"]}}],"collection":[{"href":"https:\/\/roveyayinevi.com.tr\/index.php\/wp-json\/wp\/v2\/product"}],"about":[{"href":"https:\/\/roveyayinevi.com.tr\/index.php\/wp-json\/wp\/v2\/types\/product"}],"wp:attachment":[{"href":"https:\/\/roveyayinevi.com.tr\/index.php\/wp-json\/wp\/v2\/media?parent=705682"}],"wp:term":[{"taxonomy":"product_brand","embeddable":true,"href":"https:\/\/roveyayinevi.com.tr\/index.php\/wp-json\/wp\/v2\/product_brand?post=705682"},{"taxonomy":"product_cat","embeddable":true,"href":"https:\/\/roveyayinevi.com.tr\/index.php\/wp-json\/wp\/v2\/product_cat?post=705682"},{"taxonomy":"product_tag","embeddable":true,"href":"https:\/\/roveyayinevi.com.tr\/index.php\/wp-json\/wp\/v2\/product_tag?post=705682"}],"curies":[{"name":"wp","href":"https:\/\/api.w.org\/{rel}","templated":true}]}}