{"id":705681,"date":"2025-08-27T15:48:29","date_gmt":"2025-08-27T12:48:29","guid":{"rendered":"https:\/\/roveyayinevi.com.tr\/index.php\/urun\/sinavlarda-neler-yapmali-ve-dunyayi-nasil-degistirmeli\/"},"modified":"2026-04-16T02:14:27","modified_gmt":"2026-04-15T23:14:27","slug":"sinavlarda-neler-yapmali-ve-dunyayi-nasil-degistirmeli","status":"publish","type":"product","link":"https:\/\/roveyayinevi.com.tr\/index.php\/urun\/sinavlarda-neler-yapmali-ve-dunyayi-nasil-degistirmeli\/","title":{"rendered":"S\u0131navlarda Neler Yapmal\u0131\u00a0ve D\u00fcnyay\u0131 Nas\u0131l De\u011fi\u015ftirmeli"},"content":{"rendered":"<p>S\u0131navlar\u0131n bir matemati\u011fi oldu\u011funu biliyor musunuz? Matemati\u011fi varsa form\u00fcle de edilemez mi? O h\u00e2lde t\u00fcm s\u0131navlarda kullan\u0131labilecek bir alt\u0131n anahtar bulunabilir? Elinizdeki kitap, size bu alt\u0131n anahtar\u0131 sunuyor. S\u0131nav sistemini a\u00e7\u0131klar\u0131n\u0131 g\u00f6stererek tan\u0131t\u0131yor ve ba\u015far\u0131l\u0131 olman\u0131z\u0131 sa\u011flayacak ipu\u00e7lar\u0131n\u0131 veriyor. Kitab\u0131 bitirdi\u011finizde t\u00fcm bu t\u00fcyolar\u0131 edinmenin yan\u0131 s\u0131ra, neden bu kadar \u00e7ok s\u0131nava tabi tutuldu\u011funuzu \u00f6\u011frenecek, kapitalist sistemin b\u00fct\u00fcn\u00fcne dair fikir edinecek ve s\u0131navlar\u0131n, istedi\u011finiz hayatla aran\u0131zdaki k\u00f6pr\u00fc de\u011fil, sadece sopan\u0131za ba\u011flanm\u0131\u015f birer havu\u00e7 oldu\u011funu g\u00f6receksiniz. S\u0131navlarda Neler Yapmal\u0131 ve D\u00fcnyay\u0131 Nas\u0131l Nas\u0131l De\u011fi\u015ftirmeli?, en az Zen ve Motosiklet Bak\u0131m Sanat\u0131 kadar etkili, hayat\u0131n b\u00fct\u00fcn\u00fcne dair ipu\u00e7lar\u0131 sunan bir kitap. Ne var ki, bu kitab\u0131n \u00f6z\u00fcnde yatan d\u00fc\u015f\u00fcnce \u015fu: Boyun e\u011fmek korkun\u00e7 bir \u015feydir. \u201cMeslek s\u0131rlar\u0131n\u0131 if\u015fa eden \u00fcnl\u00fc bir profes\u00f6r\u00fcn kaleme ald\u0131\u011f\u0131 bu kitap olmaks\u0131z\u0131n hi\u00e7bir \u00f6\u011frenci ba\u015far\u0131l\u0131 olamaz. Sistemin \u2013yani hem s\u0131nav sisteminin hem de siyasal sistemin\u2013 nas\u0131l alt edilece\u011fini \u00f6\u011frenmek istiyorsan\u0131z, bu kitab\u0131 ka\u00e7\u0131rmay\u0131n.\u201d Prof. James O\u2019Connor, Capitalism, Nature, Socialism dergisi edit\u00f6r\u00fc \u201cOllman\u2019\u0131n s\u0131navlara dair verdi\u011fi ipu\u00e7lar\u0131 kusursuz&#8230; Ekonomi politik hakk\u0131nda sergiledi\u011fi bilgelik, sistematik bir analizden ziyade anekdotlar ve \u00f6rneklerle aktar\u0131l\u0131yor.\u201d Prof. Andrew Ross, Social Text dergisi edit\u00f6r\u00fc \u201cOllman bu e\u015fsiz \u00e7al\u0131\u015fma i\u00e7in radikal bir bilim ile muhte\u015fem bir mizah duygusunu bir araya getirmi\u015f. S\u0131navlarla ve kapitalizmle ba\u015f etmek \u00fczerine anla\u015f\u0131l\u0131r, esprili ve ele\u015ftirel bir temel metin.\u201d Prof. Ira Shor, New York \u015eehir \u00dcniversitesi, \u0130ngiliz dili profes\u00f6r\u00fc. S\u0131navlar\u0131n bir matemati\u011fi oldu\u011funu biliyor musunuz? Matemati\u011fi varsa form\u00fcle de edilemez mi? O h\u00e2lde t\u00fcm s\u0131navlarda kullan\u0131labilecek bir alt\u0131n anahtar bulunabilir? Elinizdeki kitap, size bu alt\u0131n anahtar\u0131 sunuyor. S\u0131nav sistemini a\u00e7\u0131klar\u0131n\u0131 g\u00f6stererek tan\u0131t\u0131yor ve ba\u015far\u0131l\u0131 olman\u0131z\u0131 sa\u011flayacak ipu\u00e7lar\u0131n\u0131 veriyor. Kitab\u0131 bitirdi\u011finizde t\u00fcm bu t\u00fcyolar\u0131 edinmenin yan\u0131 s\u0131ra, neden bu kadar \u00e7ok s\u0131nava tabi tutuldu\u011funuzu \u00f6\u011frenecek, kapitalist sistemin b\u00fct\u00fcn\u00fcne dair fikir edinecek ve s\u0131navlar\u0131n, istedi\u011finiz hayatla aran\u0131zdaki k\u00f6pr\u00fc de\u011fil, sadece sopan\u0131za ba\u011flanm\u0131\u015f birer havu\u00e7 oldu\u011funu g\u00f6receksiniz. S\u0131navlarda Neler Yapmal\u0131 ve D\u00fcnyay\u0131 Nas\u0131l Nas\u0131l De\u011fi\u015ftirmeli?, en az Zen ve Motosiklet Bak\u0131m Sanat\u0131 kadar etkili, hayat\u0131n b\u00fct\u00fcn\u00fcne dair ipu\u00e7lar\u0131 sunan bir kitap. Ne var ki, bu kitab\u0131n \u00f6z\u00fcnde yatan d\u00fc\u015f\u00fcnce \u015fu: Boyun e\u011fmek korkun\u00e7 bir \u015feydir. \u201cMeslek s\u0131rlar\u0131n\u0131 if\u015fa eden \u00fcnl\u00fc bir profes\u00f6r\u00fcn kaleme ald\u0131\u011f\u0131 bu kitap olmaks\u0131z\u0131n hi\u00e7bir \u00f6\u011frenci ba\u015far\u0131l\u0131 olamaz. Sistemin \u2013yani hem s\u0131nav sisteminin hem de siyasal sistemin\u2013 nas\u0131l alt edilece\u011fini \u00f6\u011frenmek istiyorsan\u0131z, bu kitab\u0131 ka\u00e7\u0131rmay\u0131n.\u201d Prof. James O\u2019Connor, Capitalism, Nature, Socialism dergisi edit\u00f6r\u00fc \u201cOllman\u2019\u0131n s\u0131navlara dair verdi\u011fi ipu\u00e7lar\u0131 kusursuz&#8230; Ekonomi politik hakk\u0131nda sergiledi\u011fi bilgelik, sistematik bir analizden ziyade anekdotlar ve \u00f6rneklerle aktar\u0131l\u0131yor.\u201d Prof. Andrew Ross, Social Text dergisi edit\u00f6r\u00fc \u201cOllman bu e\u015fsiz \u00e7al\u0131\u015fma i\u00e7in radikal bir bilim ile muhte\u015fem bir mizah duygusunu bir araya getirmi\u015f. S\u0131navlarla ve kapitalizmle ba\u015f etmek \u00fczerine anla\u015f\u0131l\u0131r, esprili ve ele\u015ftirel bir temel metin.\u201d Prof. Ira Shor, New York \u015eehir \u00dcniversitesi, \u0130ngiliz dili profes\u00f6r\u00fc. <\/p>\n","protected":false},"excerpt":{"rendered":"<p>S\u0131navlar\u0131n bir matemati\u011fi oldu\u011funu biliyor musunuz? Matemati\u011fi varsa form\u00fcle de edilemez mi? O h\u00e2lde t\u00fcm s\u0131navlarda kullan\u0131labilecek bir alt\u0131n anahtar bulunabilir? Elinizdeki kitap, size bu alt\u0131n<span class=\"excerpt-hellip\"> [\u2026]<\/span><\/p>\n","protected":false},"featured_media":0,"template":"","meta":{"_monsterinsights_skip_tracking":false,"_monsterinsights_sitenote_active":false,"_monsterinsights_sitenote_note":"","_monsterinsights_sitenote_category":0},"product_brand":[],"product_cat":[12291,14825],"product_tag":[],"class_list":{"0":"post-705681","1":"product","2":"type-product","3":"status-publish","5":"product_cat-edebiyat","6":"product_cat-mizah","7":"pa_cilt-ciltsiz","8":"pa_tur-kitap","9":"pa_yayinevi-yordam-kitap","10":"pa_yazar-bertell-ollman","12":"first","13":"instock","14":"sale","15":"shipping-taxable","16":"purchasable","17":"product-type-simple"},"_links":{"self":[{"href":"https:\/\/roveyayinevi.com.tr\/index.php\/wp-json\/wp\/v2\/product\/705681","targetHints":{"allow":["GET"]}}],"collection":[{"href":"https:\/\/roveyayinevi.com.tr\/index.php\/wp-json\/wp\/v2\/product"}],"about":[{"href":"https:\/\/roveyayinevi.com.tr\/index.php\/wp-json\/wp\/v2\/types\/product"}],"wp:attachment":[{"href":"https:\/\/roveyayinevi.com.tr\/index.php\/wp-json\/wp\/v2\/media?parent=705681"}],"wp:term":[{"taxonomy":"product_brand","embeddable":true,"href":"https:\/\/roveyayinevi.com.tr\/index.php\/wp-json\/wp\/v2\/product_brand?post=705681"},{"taxonomy":"product_cat","embeddable":true,"href":"https:\/\/roveyayinevi.com.tr\/index.php\/wp-json\/wp\/v2\/product_cat?post=705681"},{"taxonomy":"product_tag","embeddable":true,"href":"https:\/\/roveyayinevi.com.tr\/index.php\/wp-json\/wp\/v2\/product_tag?post=705681"}],"curies":[{"name":"wp","href":"https:\/\/api.w.org\/{rel}","templated":true}]}}