{"id":705678,"date":"2025-08-27T15:48:28","date_gmt":"2025-08-27T12:48:28","guid":{"rendered":"https:\/\/roveyayinevi.com.tr\/index.php\/urun\/turklerde-ziraat-kulturu\/"},"modified":"2026-04-16T02:14:27","modified_gmt":"2026-04-15T23:14:27","slug":"turklerde-ziraat-kulturu","status":"publish","type":"product","link":"https:\/\/roveyayinevi.com.tr\/index.php\/urun\/turklerde-ziraat-kulturu\/","title":{"rendered":"T\u00fcrklerde Ziraat K\u00fclt\u00fcr\u00fc"},"content":{"rendered":"<p>T\u00fcrk k\u00fclt\u00fcr\u00fcn\u00fcn o engin semas\u0131nda adeta tek ba\u015f\u0131na bir y\u0131ld\u0131z gibi parlayan Cevat R\u00fc\u015ft\u00fc\u2019n\u00fcn daha \u00f6nce T\u00fcrk \u00c7i\u00e7ek K\u00fclt\u00fcr\u00fc \u00dczerine Cevat R\u00fc\u015ft\u00fc\u2019den Bir G\u00fcldeste kitab\u0131 okuyucuyla bulu\u015fmu\u015f, ancak ziraat k\u00fclt\u00fcr\u00fc ile ilgili yaz\u0131lar\u0131 ayr\u0131 bir cilt olarak bas\u0131lmak \u00fczere d\u0131\u015far\u0131da b\u0131rak\u0131lm\u0131\u015ft\u0131. Bu durum dikkate al\u0131narak, yazar\u0131n ziraat k\u00fclt\u00fcr\u00fcyle ilgili kucaklar dolusu yaz\u0131lar\u0131ndan birka\u00e7\u0131 daha ilave edilerek Prof. Dr. N\u00e2z\u0131m Hkmet Polat\u2019\u0131n titiz \u00e7al\u0131\u015fmas\u0131yla elinizdeki T\u00fcrklerde Ziraat K\u00fclt\u00fcr\u00fc ortaya \u00e7\u0131kar\u0131ld\u0131. Cevat R\u00fc\u015ft\u00fc\u2019n\u00fcn yazd\u0131klar\u0131 aras\u0131nda ancak botanik\u00e7ilerin ilgilenece\u011fi hususlar var; ancak ziraat\u00e7\u0131lar\u0131n zihninde yer alabilecek bilgiler de var. Baz\u0131 yaz\u0131lar\u0131, klasik edebiyat\u0131m\u0131z \u00fczerinde ihtisas gerektirecek derecede bir gayretin bereketli ve tad\u0131na doyulmaz meyveleri&#8230; \u00c7evre m\u00fchendisli\u011finden yazma kitap merak\u0131na, siyasetten bilim tarihine var\u0131ncaya kadar, daha pek \u00e7ok konu Cevat R\u00fc\u015ft\u00fc\u2019n\u00fcn kaleminden nasiplenmi\u015ftir. \u00d6yle ise b\u00fct\u00fcn bu yaz\u0131lar\u0131n okuyucu kitlesi, homojen de\u011fildir\/olamaz. Ancak, bu okuyucu kitlesinin ortak bir \u00f6zelli\u011finden rahatl\u0131kla bahsedebiliriz: K\u00fclt\u00fcr seviyesi itibar\u0131yla vasat\u0131n (ortalaman\u0131n) \u00fcst\u00fcnde olmak. Di\u011fer bir \u00f6zellik tabi\u00ee ki ziraat k\u00fclt\u00fcr\u00fc ve zevkinin y\u00f6nlendirdi\u011fi ara\u015ft\u0131r\u0131c\u0131 ruh&#8230; <\/p>\n","protected":false},"excerpt":{"rendered":"<p>T\u00fcrk k\u00fclt\u00fcr\u00fcn\u00fcn o engin semas\u0131nda adeta tek ba\u015f\u0131na bir y\u0131ld\u0131z gibi parlayan Cevat R\u00fc\u015ft\u00fc\u2019n\u00fcn daha \u00f6nce T\u00fcrk \u00c7i\u00e7ek K\u00fclt\u00fcr\u00fc \u00dczerine Cevat R\u00fc\u015ft\u00fc\u2019den Bir G\u00fcldeste kitab\u0131 okuyucuyla<span class=\"excerpt-hellip\"> [\u2026]<\/span><\/p>\n","protected":false},"featured_media":0,"template":"","meta":{"_monsterinsights_skip_tracking":false,"_monsterinsights_sitenote_active":false,"_monsterinsights_sitenote_note":"","_monsterinsights_sitenote_category":0},"product_brand":[],"product_cat":[13633,12324],"product_tag":[],"class_list":{"0":"post-705678","1":"product","2":"type-product","3":"status-publish","5":"product_cat-kultur-ve-bilim","6":"product_cat-sosyoloji","7":"pa_tur-kitap","8":"pa_yayinevi-otuken-nesriyat","9":"pa_yazar-cevat-rustu","11":"first","12":"instock","13":"sale","14":"shipping-taxable","15":"purchasable","16":"product-type-simple"},"_links":{"self":[{"href":"https:\/\/roveyayinevi.com.tr\/index.php\/wp-json\/wp\/v2\/product\/705678","targetHints":{"allow":["GET"]}}],"collection":[{"href":"https:\/\/roveyayinevi.com.tr\/index.php\/wp-json\/wp\/v2\/product"}],"about":[{"href":"https:\/\/roveyayinevi.com.tr\/index.php\/wp-json\/wp\/v2\/types\/product"}],"wp:attachment":[{"href":"https:\/\/roveyayinevi.com.tr\/index.php\/wp-json\/wp\/v2\/media?parent=705678"}],"wp:term":[{"taxonomy":"product_brand","embeddable":true,"href":"https:\/\/roveyayinevi.com.tr\/index.php\/wp-json\/wp\/v2\/product_brand?post=705678"},{"taxonomy":"product_cat","embeddable":true,"href":"https:\/\/roveyayinevi.com.tr\/index.php\/wp-json\/wp\/v2\/product_cat?post=705678"},{"taxonomy":"product_tag","embeddable":true,"href":"https:\/\/roveyayinevi.com.tr\/index.php\/wp-json\/wp\/v2\/product_tag?post=705678"}],"curies":[{"name":"wp","href":"https:\/\/api.w.org\/{rel}","templated":true}]}}