{"id":705672,"date":"2025-08-27T15:48:26","date_gmt":"2025-08-27T12:48:26","guid":{"rendered":"https:\/\/roveyayinevi.com.tr\/index.php\/urun\/dunyanin-en-acayip-hayvani\/"},"modified":"2026-04-16T02:14:27","modified_gmt":"2026-04-15T23:14:27","slug":"dunyanin-en-acayip-hayvani","status":"publish","type":"product","link":"https:\/\/roveyayinevi.com.tr\/index.php\/urun\/dunyanin-en-acayip-hayvani\/","title":{"rendered":"D\u00fcnyan\u0131n En Acayip Hayvan\u0131"},"content":{"rendered":"<p>Aran\u0131zda d\u00fcnyan\u0131n en acayip hayvan\u0131n\u0131 g\u00f6ren var m\u0131?O sabah, meydanda sar\u0131 mavi \u00e7izgili koca bir \u00e7ad\u0131r kurulmu\u015ftur. \u015eehrin sakinleri aras\u0131nda merak uyand\u0131ran bu \u00e7ad\u0131rda \u201cd\u00fcnyan\u0131n en acayip hayvan\u0131\u201d sergilenmektedir. Neredeyse \u015fehrin tamam\u0131 heyecanla s\u0131rada beklemektedir, tabii Miriam d\u0131\u015f\u0131nda. Ne yaz\u0131k ki Miriam\u2019\u0131n bu g\u00f6steriye yetecek paras\u0131 yoktur.Ama ne yap\u0131p edip d\u00fcnyan\u0131n en \u015fa\u015f\u0131rt\u0131c\u0131, en acayip hayvan\u0131n\u0131 g\u00f6rmek zorundad\u0131r.Peki, \u00e7ad\u0131rdan \u00e7\u0131kanlar\u0131n anlata anlata bitiremedikleri bu hayvan\u0131n ne \u00f6zelli\u011fi olabilir acaba?\u201cG\u00f6rd\u00fcn m\u00fc?\u201d\u201cHayvan\u0131 m\u0131? Elbette g\u00f6rd\u00fcm!\u201d\u201cEee, nas\u0131ld\u0131? Anlatt\u0131klar\u0131 kadar acayip miydi?\u201dOctavia biraz d\u00fc\u015f\u00fcnd\u00fc. \u201cAh, evet! Acayipti! D\u00fcnyan\u0131n en acayip hayvan\u0131!\u201d <\/p>\n","protected":false},"excerpt":{"rendered":"<p>Aran\u0131zda d\u00fcnyan\u0131n en acayip hayvan\u0131n\u0131 g\u00f6ren var m\u0131?O sabah, meydanda sar\u0131 mavi \u00e7izgili koca bir \u00e7ad\u0131r kurulmu\u015ftur. \u015eehrin sakinleri aras\u0131nda merak uyand\u0131ran bu \u00e7ad\u0131rda \u201cd\u00fcnyan\u0131n en<span class=\"excerpt-hellip\"> [\u2026]<\/span><\/p>\n","protected":false},"featured_media":0,"template":"","meta":{"_monsterinsights_skip_tracking":false,"_monsterinsights_sitenote_active":false,"_monsterinsights_sitenote_note":"","_monsterinsights_sitenote_category":0},"product_brand":[],"product_cat":[12274,12284],"product_tag":[],"class_list":{"0":"post-705672","1":"product","2":"type-product","3":"status-publish","5":"product_cat-cocuk-ve-genclik-kitaplari","6":"product_cat-hikayeler","7":"pa_cilt-ciltsiz","8":"pa_tur-kitap","9":"pa_yayinevi-yapi-kredi-yayinlari","10":"pa_yazar-guido-sgardoli","12":"first","13":"instock","14":"sale","15":"shipping-taxable","16":"purchasable","17":"product-type-simple"},"_links":{"self":[{"href":"https:\/\/roveyayinevi.com.tr\/index.php\/wp-json\/wp\/v2\/product\/705672","targetHints":{"allow":["GET"]}}],"collection":[{"href":"https:\/\/roveyayinevi.com.tr\/index.php\/wp-json\/wp\/v2\/product"}],"about":[{"href":"https:\/\/roveyayinevi.com.tr\/index.php\/wp-json\/wp\/v2\/types\/product"}],"wp:attachment":[{"href":"https:\/\/roveyayinevi.com.tr\/index.php\/wp-json\/wp\/v2\/media?parent=705672"}],"wp:term":[{"taxonomy":"product_brand","embeddable":true,"href":"https:\/\/roveyayinevi.com.tr\/index.php\/wp-json\/wp\/v2\/product_brand?post=705672"},{"taxonomy":"product_cat","embeddable":true,"href":"https:\/\/roveyayinevi.com.tr\/index.php\/wp-json\/wp\/v2\/product_cat?post=705672"},{"taxonomy":"product_tag","embeddable":true,"href":"https:\/\/roveyayinevi.com.tr\/index.php\/wp-json\/wp\/v2\/product_tag?post=705672"}],"curies":[{"name":"wp","href":"https:\/\/api.w.org\/{rel}","templated":true}]}}