{"id":705671,"date":"2025-08-27T15:48:25","date_gmt":"2025-08-27T12:48:25","guid":{"rendered":"https:\/\/roveyayinevi.com.tr\/index.php\/urun\/binbirdirek-batakhanesi-cevahirli-hanimsultan\/"},"modified":"2026-04-16T02:14:27","modified_gmt":"2026-04-15T23:14:27","slug":"binbirdirek-batakhanesi-cevahirli-hanimsultan","status":"publish","type":"product","link":"https:\/\/roveyayinevi.com.tr\/index.php\/urun\/binbirdirek-batakhanesi-cevahirli-hanimsultan\/","title":{"rendered":"Binbirdirek Batakhanesi Cevahirli Han\u0131msultan"},"content":{"rendered":"<p>Re\u015fad Ekrem\u2019in dilinde tarih ger\u00e7ek hayattan daha canl\u0131, daha g\u00fczel, daha b\u00fcy\u00fcl\u00fc\u2026 Altm\u0131\u015f\u0131n\u0131 a\u015fm\u0131\u015f, \u201cbiri baba, \u00fc\u00e7\u00fc koca, d\u00f6rt vezirin miras\u0131na konmu\u015f\u201d Cevahirli Esma Han\u0131msultan\u2026 \u0130stanbul\u2019un zenginlerini tatl\u0131 dille ka\u00e7\u0131r\u0131p batakhaneye kapatan ve ailelerinden para s\u0131zd\u0131ran az\u0131l\u0131 bir \u00e7ete.  Padi\u015fah\u0131n saray\u0131ndan g\u00f6rkemli Fazl\u0131pa\u015fa Saray\u0131\u2026Her \u015feyin g\u00f6be\u011finde g\u00fczeller g\u00fczeli bir \u00c7erkez kad\u0131n\u0131\u2026 Re\u015fad Ekrem Ko\u00e7u Cevahirli Han\u0131msultan\u2019da bir macera roman\u0131 gibi heyecanla okunan, ho\u015f bir 17. y\u00fczy\u0131l hik\u00e2yesi anlat\u0131yor. <\/p>\n","protected":false},"excerpt":{"rendered":"<p>Re\u015fad Ekrem\u2019in dilinde tarih ger\u00e7ek hayattan daha canl\u0131, daha g\u00fczel, daha b\u00fcy\u00fcl\u00fc\u2026 Altm\u0131\u015f\u0131n\u0131 a\u015fm\u0131\u015f, \u201cbiri baba, \u00fc\u00e7\u00fc koca, d\u00f6rt vezirin miras\u0131na konmu\u015f\u201d Cevahirli Esma Han\u0131msultan\u2026 \u0130stanbul\u2019un<span class=\"excerpt-hellip\"> [\u2026]<\/span><\/p>\n","protected":false},"featured_media":0,"template":"","meta":{"_monsterinsights_skip_tracking":false,"_monsterinsights_sitenote_active":false,"_monsterinsights_sitenote_note":"","_monsterinsights_sitenote_category":0},"product_brand":[],"product_cat":[12370,12304],"product_tag":[],"class_list":{"0":"post-705671","1":"product","2":"type-product","3":"status-publish","5":"product_cat-arastirma-inceleme","6":"product_cat-tarih","7":"pa_tur-kitap","8":"pa_yayinevi-dogan-kitap","9":"pa_yazar-resad-ekrem-kocu","11":"first","12":"instock","13":"sale","14":"shipping-taxable","15":"purchasable","16":"product-type-simple"},"_links":{"self":[{"href":"https:\/\/roveyayinevi.com.tr\/index.php\/wp-json\/wp\/v2\/product\/705671","targetHints":{"allow":["GET"]}}],"collection":[{"href":"https:\/\/roveyayinevi.com.tr\/index.php\/wp-json\/wp\/v2\/product"}],"about":[{"href":"https:\/\/roveyayinevi.com.tr\/index.php\/wp-json\/wp\/v2\/types\/product"}],"wp:attachment":[{"href":"https:\/\/roveyayinevi.com.tr\/index.php\/wp-json\/wp\/v2\/media?parent=705671"}],"wp:term":[{"taxonomy":"product_brand","embeddable":true,"href":"https:\/\/roveyayinevi.com.tr\/index.php\/wp-json\/wp\/v2\/product_brand?post=705671"},{"taxonomy":"product_cat","embeddable":true,"href":"https:\/\/roveyayinevi.com.tr\/index.php\/wp-json\/wp\/v2\/product_cat?post=705671"},{"taxonomy":"product_tag","embeddable":true,"href":"https:\/\/roveyayinevi.com.tr\/index.php\/wp-json\/wp\/v2\/product_tag?post=705671"}],"curies":[{"name":"wp","href":"https:\/\/api.w.org\/{rel}","templated":true}]}}