{"id":705670,"date":"2025-08-27T15:48:25","date_gmt":"2025-08-27T12:48:25","guid":{"rendered":"https:\/\/roveyayinevi.com.tr\/index.php\/urun\/cemil-mericin-psikobiyografisi\/"},"modified":"2026-04-16T02:14:27","modified_gmt":"2026-04-15T23:14:27","slug":"cemil-mericin-psikobiyografisi","status":"publish","type":"product","link":"https:\/\/roveyayinevi.com.tr\/index.php\/urun\/cemil-mericin-psikobiyografisi\/","title":{"rendered":"Cemil Meri\u00e7&#8217;in Psikobiyografisi"},"content":{"rendered":"<p>Bir metnin ya da metinlerin psikanalitik okunmas\u0131, onlar\u0131 birer semptom olarak okumak demektir. Murat Beyazy\u00fcz, Cemil Meri\u00e7\u2019in metinlerinin analizini, onun psikobiyografisinin in\u015fas\u0131nda kullan\u0131yor. K\u0131saca, bu kitapta, kendi metinlerinden yola\u00e7\u0131k\u0131larak analiz edilen, bizzat Cemil Meri\u00e7\u2019in kendisidir.  Murat Beyazy\u00fcz, Cemil Meri\u00e7\u2019i de\u011fil, deyi\u015f yerindeyse onun metinlerini, psikanalistin \u2019Divan\u2019\u0131na yat\u0131rm\u0131\u015f ve metinlere, birer nesne [obje] olarak de\u011fil, ama kendileriyle diyaloga girilebilen birer \u00f6zne[s\u00fcje]olarak bakm\u0131\u015f. \u2018Divan\u2019daki metinler, T\u00fcrkiye\u2019de b\u00fcy\u00fck bir entelekt\u00fcelin, modernle\u015fme s\u00fcrecindeki medeniyet de\u011fi\u015fikli\u011fini ve k\u00fclt\u00fcr krizlerini ne kertede derinden ya\u015fad\u0131\u011f\u0131n\u0131 g\u00f6steriyor olmak bak\u0131m\u0131ndan \u00f6nemli: T\u00fcrk\u00e7\u00fc H\u00fcseyin Cemil, M\u00fcsl\u00fcman H\u00fcseyin Cemil, Materyalist H\u00fcseyin Cemil, Ateist H\u00fcseyin Cemil, Marksist H\u00fcseyin Cemil! Sonu\u00e7. \u2018Araf\u2019ta olmak! Tanp\u0131nar\u2019\u0131n deyi\u015fiyle, \u2018iki h\u00e2d aras\u0131nda\u2019 ve bu iki h\u00e2d\u2019den hangisinin Cennet, hangisinin Cehennem oldu\u011funa karar veremeden, ac\u0131 veren zihinsel kopu\u015flarla ya\u015fanan bir entelekt\u00fcel hayat\u0131n psikanalitik arkaplan\u0131: \u2018Cemil Meri\u00e7\u2019in Psikobiyografisi\u2019 <\/p>\n","protected":false},"excerpt":{"rendered":"<p>Bir metnin ya da metinlerin psikanalitik okunmas\u0131, onlar\u0131 birer semptom olarak okumak demektir. Murat Beyazy\u00fcz, Cemil Meri\u00e7\u2019in metinlerinin analizini, onun psikobiyografisinin in\u015fas\u0131nda kullan\u0131yor. K\u0131saca, bu kitapta,<span class=\"excerpt-hellip\"> [\u2026]<\/span><\/p>\n","protected":false},"featured_media":0,"template":"","meta":{"_monsterinsights_skip_tracking":false,"_monsterinsights_sitenote_active":false,"_monsterinsights_sitenote_note":"","_monsterinsights_sitenote_category":0},"product_brand":[],"product_cat":[12291,12292],"product_tag":[],"class_list":{"0":"post-705670","1":"product","2":"type-product","3":"status-publish","5":"product_cat-edebiyat","6":"product_cat-turk-edebiyati","7":"pa_tur-kitap","8":"pa_yayinevi-timas-yayinlari","9":"pa_yazar-murat-beyazyuz","11":"first","12":"instock","13":"sale","14":"shipping-taxable","15":"purchasable","16":"product-type-simple"},"_links":{"self":[{"href":"https:\/\/roveyayinevi.com.tr\/index.php\/wp-json\/wp\/v2\/product\/705670","targetHints":{"allow":["GET"]}}],"collection":[{"href":"https:\/\/roveyayinevi.com.tr\/index.php\/wp-json\/wp\/v2\/product"}],"about":[{"href":"https:\/\/roveyayinevi.com.tr\/index.php\/wp-json\/wp\/v2\/types\/product"}],"wp:attachment":[{"href":"https:\/\/roveyayinevi.com.tr\/index.php\/wp-json\/wp\/v2\/media?parent=705670"}],"wp:term":[{"taxonomy":"product_brand","embeddable":true,"href":"https:\/\/roveyayinevi.com.tr\/index.php\/wp-json\/wp\/v2\/product_brand?post=705670"},{"taxonomy":"product_cat","embeddable":true,"href":"https:\/\/roveyayinevi.com.tr\/index.php\/wp-json\/wp\/v2\/product_cat?post=705670"},{"taxonomy":"product_tag","embeddable":true,"href":"https:\/\/roveyayinevi.com.tr\/index.php\/wp-json\/wp\/v2\/product_tag?post=705670"}],"curies":[{"name":"wp","href":"https:\/\/api.w.org\/{rel}","templated":true}]}}