{"id":705669,"date":"2025-08-27T15:48:25","date_gmt":"2025-08-27T12:48:25","guid":{"rendered":"https:\/\/roveyayinevi.com.tr\/index.php\/urun\/jon-turklerin-filistini\/"},"modified":"2026-04-16T02:14:27","modified_gmt":"2026-04-15T23:14:27","slug":"jon-turklerin-filistini","status":"publish","type":"product","link":"https:\/\/roveyayinevi.com.tr\/index.php\/urun\/jon-turklerin-filistini\/","title":{"rendered":"J\u00f6n T\u00fcrklerin Filistin&#8217;i"},"content":{"rendered":"<p>1908 Devrimi do\u011furdu\u011fu de\u011fi\u015fim beklentisiyle pek \u00e7ok siyasi ve toplumsal s\u00fcreci tetiklemi\u015ftir. O d\u00f6nemde Osmanl\u0131 \u0130mparatorlu\u011fu s\u0131n\u0131rlar\u0131 i\u00e7inde yer alan Filistin de bu de\u011fi\u015fim dalgas\u0131ndan etkilenen b\u00f6lgelerdendir. D\u00f6nemin uzmanlar\u0131n\u0131 bir araya getiren bu derleme, J\u00f6n T\u00fcrk y\u00f6netiminin Filistin\u2019deki toplumsal ve siyasal hayata etkisini inceliyor. <\/p>\n","protected":false},"excerpt":{"rendered":"<p>1908 Devrimi do\u011furdu\u011fu de\u011fi\u015fim beklentisiyle pek \u00e7ok siyasi ve toplumsal s\u00fcreci tetiklemi\u015ftir. O d\u00f6nemde Osmanl\u0131 \u0130mparatorlu\u011fu s\u0131n\u0131rlar\u0131 i\u00e7inde yer alan Filistin de bu de\u011fi\u015fim dalgas\u0131ndan etkilenen<span class=\"excerpt-hellip\"> [\u2026]<\/span><\/p>\n","protected":false},"featured_media":0,"template":"","meta":{"_monsterinsights_skip_tracking":false,"_monsterinsights_sitenote_active":false,"_monsterinsights_sitenote_note":"","_monsterinsights_sitenote_category":0},"product_brand":[],"product_cat":[12312,12304],"product_tag":[],"class_list":{"0":"post-705669","1":"product","2":"type-product","3":"status-publish","5":"product_cat-diger","6":"product_cat-tarih","7":"pa_tur-kitap","8":"pa_yayinevi-koc-universitesi-yayinlari","9":"pa_yazar-yuval-ben-bassat","11":"first","12":"instock","13":"sale","14":"shipping-taxable","15":"purchasable","16":"product-type-simple"},"_links":{"self":[{"href":"https:\/\/roveyayinevi.com.tr\/index.php\/wp-json\/wp\/v2\/product\/705669","targetHints":{"allow":["GET"]}}],"collection":[{"href":"https:\/\/roveyayinevi.com.tr\/index.php\/wp-json\/wp\/v2\/product"}],"about":[{"href":"https:\/\/roveyayinevi.com.tr\/index.php\/wp-json\/wp\/v2\/types\/product"}],"wp:attachment":[{"href":"https:\/\/roveyayinevi.com.tr\/index.php\/wp-json\/wp\/v2\/media?parent=705669"}],"wp:term":[{"taxonomy":"product_brand","embeddable":true,"href":"https:\/\/roveyayinevi.com.tr\/index.php\/wp-json\/wp\/v2\/product_brand?post=705669"},{"taxonomy":"product_cat","embeddable":true,"href":"https:\/\/roveyayinevi.com.tr\/index.php\/wp-json\/wp\/v2\/product_cat?post=705669"},{"taxonomy":"product_tag","embeddable":true,"href":"https:\/\/roveyayinevi.com.tr\/index.php\/wp-json\/wp\/v2\/product_tag?post=705669"}],"curies":[{"name":"wp","href":"https:\/\/api.w.org\/{rel}","templated":true}]}}