{"id":705668,"date":"2025-08-27T15:48:24","date_gmt":"2025-08-27T12:48:24","guid":{"rendered":"https:\/\/roveyayinevi.com.tr\/index.php\/urun\/uzatilmis-yol\/"},"modified":"2026-04-16T02:14:27","modified_gmt":"2026-04-15T23:14:27","slug":"uzatilmis-yol","status":"publish","type":"product","link":"https:\/\/roveyayinevi.com.tr\/index.php\/urun\/uzatilmis-yol\/","title":{"rendered":"Uzat\u0131lm\u0131\u015f Yol"},"content":{"rendered":"<p>\u0130bn\u00fc\u2019l-Arab\u00ee, \u201cAllah\u2019a giden yol \u00e7ok k\u0131sad\u0131r, l\u00e2kin biz g\u00f6relim diye uzat\u0131lm\u0131\u015ft\u0131r.\u201d der. Yol k\u0131sad\u0131r, \u00e7\u00fcnk\u00fc O (c.c) bize \u015fah damar\u0131m\u0131zdan daha yak\u0131nd\u0131r. Uzat\u0131lm\u0131\u015ft\u0131r, \u00e7\u00fcnk\u00fc O\u2019na (c.c) ula\u015fabilmek ve insan olabilmek i\u00e7in bu yolda y\u00fcr\u00fcmemiz gerekmektedir. \u0130\u015fte \u201c\u015eems\u2019in Dili Mevl\u00e2n\u00e2\u2019dan \u0130bn\u00fc\u2019l-Arabi \u015earihesi Sitt\u00fc Acem\u2019e ve T\u00fcrkiye\u2019de Kad\u0131n Vel\u00eelere\u201d ithaf\u0131yla ba\u015flayan bu eserde; her d\u00f6nemde hak yolda y\u00fcr\u00fcy\u00fcp \u201cer\u201d makam\u0131na ula\u015fm\u0131\u015f kad\u0131n yahut erkek zatlar taraf\u0131ndan bu yolun bizim i\u00e7in ayd\u0131nlat\u0131lm\u0131\u015f oldu\u011funu g\u00f6rmekteyiz. <\/p>\n","protected":false},"excerpt":{"rendered":"<p>\u0130bn\u00fc\u2019l-Arab\u00ee, \u201cAllah\u2019a giden yol \u00e7ok k\u0131sad\u0131r, l\u00e2kin biz g\u00f6relim diye uzat\u0131lm\u0131\u015ft\u0131r.\u201d der. Yol k\u0131sad\u0131r, \u00e7\u00fcnk\u00fc O (c.c) bize \u015fah damar\u0131m\u0131zdan daha yak\u0131nd\u0131r. Uzat\u0131lm\u0131\u015ft\u0131r, \u00e7\u00fcnk\u00fc O\u2019na (c.c)<span class=\"excerpt-hellip\"> [\u2026]<\/span><\/p>\n","protected":false},"featured_media":0,"template":"","meta":{"_monsterinsights_skip_tracking":false,"_monsterinsights_sitenote_active":false,"_monsterinsights_sitenote_note":"","_monsterinsights_sitenote_category":0},"product_brand":[],"product_cat":[12718,12719,12720],"product_tag":[],"class_list":{"0":"post-705668","1":"product","2":"type-product","3":"status-publish","5":"product_cat-din","6":"product_cat-islam","7":"product_cat-tasavvuf-mezhepler-tarikatlar","8":"pa_tur-kitap","9":"pa_yayinevi-nefes-yayincilik","10":"pa_yazar-hulya-kucuk","12":"first","13":"instock","14":"sale","15":"shipping-taxable","16":"purchasable","17":"product-type-simple"},"_links":{"self":[{"href":"https:\/\/roveyayinevi.com.tr\/index.php\/wp-json\/wp\/v2\/product\/705668","targetHints":{"allow":["GET"]}}],"collection":[{"href":"https:\/\/roveyayinevi.com.tr\/index.php\/wp-json\/wp\/v2\/product"}],"about":[{"href":"https:\/\/roveyayinevi.com.tr\/index.php\/wp-json\/wp\/v2\/types\/product"}],"wp:attachment":[{"href":"https:\/\/roveyayinevi.com.tr\/index.php\/wp-json\/wp\/v2\/media?parent=705668"}],"wp:term":[{"taxonomy":"product_brand","embeddable":true,"href":"https:\/\/roveyayinevi.com.tr\/index.php\/wp-json\/wp\/v2\/product_brand?post=705668"},{"taxonomy":"product_cat","embeddable":true,"href":"https:\/\/roveyayinevi.com.tr\/index.php\/wp-json\/wp\/v2\/product_cat?post=705668"},{"taxonomy":"product_tag","embeddable":true,"href":"https:\/\/roveyayinevi.com.tr\/index.php\/wp-json\/wp\/v2\/product_tag?post=705668"}],"curies":[{"name":"wp","href":"https:\/\/api.w.org\/{rel}","templated":true}]}}