{"id":705667,"date":"2025-08-27T15:48:24","date_gmt":"2025-08-27T12:48:24","guid":{"rendered":"https:\/\/roveyayinevi.com.tr\/index.php\/urun\/baska-bir-uygarlik-icin-manifesto\/"},"modified":"2026-04-16T02:14:27","modified_gmt":"2026-04-15T23:14:27","slug":"baska-bir-uygarlik-icin-manifesto","status":"publish","type":"product","link":"https:\/\/roveyayinevi.com.tr\/index.php\/urun\/baska-bir-uygarlik-icin-manifesto\/","title":{"rendered":"Ba\u015fka Bir Uygarl\u0131k \u0130\u00e7in Manifesto"},"content":{"rendered":"<p>G\u00fcndelik hayat\u0131m\u0131za dokunan bir manifesto bu. \u0130\u00e7inde ya\u015fad\u0131\u011f\u0131m\u0131z sistemle birlikte ki\u015fisel tercihlerimizi de sorgulamam\u0131za yard\u0131mc\u0131 olan, \u00fcretimden t\u00fcketime, bireyden topluma, do\u011fadan teknolojiye geni\u015f bir \u00e7er\u00e7eveyi tart\u0131\u015fma olana\u011f\u0131 sunan&#8230; \ufffcTan\u0131t\u0131m Metni<\/p>\n","protected":false},"excerpt":{"rendered":"<p>G\u00fcndelik hayat\u0131m\u0131za dokunan bir manifesto bu. \u0130\u00e7inde ya\u015fad\u0131\u011f\u0131m\u0131z sistemle birlikte ki\u015fisel tercihlerimizi de sorgulamam\u0131za yard\u0131mc\u0131 olan, \u00fcretimden t\u00fcketime, bireyden topluma, do\u011fadan teknolojiye geni\u015f bir \u00e7er\u00e7eveyi tart\u0131\u015fma<span class=\"excerpt-hellip\"> [\u2026]<\/span><\/p>\n","protected":false},"featured_media":0,"template":"","meta":{"_monsterinsights_skip_tracking":false,"_monsterinsights_sitenote_active":false,"_monsterinsights_sitenote_note":"","_monsterinsights_sitenote_category":0},"product_brand":[],"product_cat":[31194,12337],"product_tag":[],"class_list":{"0":"post-705667","1":"product","2":"type-product","3":"status-publish","5":"product_cat-guncel-siyaset","6":"product_cat-politika-siyaset","7":"pa_cilt-ciltsiz","8":"pa_tur-kitap","9":"pa_yayinevi-yordam-kitap","10":"pa_yazar-fikret-baskaya","12":"first","13":"instock","14":"sale","15":"shipping-taxable","16":"purchasable","17":"product-type-simple"},"_links":{"self":[{"href":"https:\/\/roveyayinevi.com.tr\/index.php\/wp-json\/wp\/v2\/product\/705667","targetHints":{"allow":["GET"]}}],"collection":[{"href":"https:\/\/roveyayinevi.com.tr\/index.php\/wp-json\/wp\/v2\/product"}],"about":[{"href":"https:\/\/roveyayinevi.com.tr\/index.php\/wp-json\/wp\/v2\/types\/product"}],"wp:attachment":[{"href":"https:\/\/roveyayinevi.com.tr\/index.php\/wp-json\/wp\/v2\/media?parent=705667"}],"wp:term":[{"taxonomy":"product_brand","embeddable":true,"href":"https:\/\/roveyayinevi.com.tr\/index.php\/wp-json\/wp\/v2\/product_brand?post=705667"},{"taxonomy":"product_cat","embeddable":true,"href":"https:\/\/roveyayinevi.com.tr\/index.php\/wp-json\/wp\/v2\/product_cat?post=705667"},{"taxonomy":"product_tag","embeddable":true,"href":"https:\/\/roveyayinevi.com.tr\/index.php\/wp-json\/wp\/v2\/product_tag?post=705667"}],"curies":[{"name":"wp","href":"https:\/\/api.w.org\/{rel}","templated":true}]}}