{"id":705666,"date":"2025-08-27T15:48:24","date_gmt":"2025-08-27T12:48:24","guid":{"rendered":"https:\/\/roveyayinevi.com.tr\/index.php\/urun\/leopar-2\/"},"modified":"2026-03-16T12:01:52","modified_gmt":"2026-03-16T09:01:52","slug":"leopar-2","status":"publish","type":"product","link":"https:\/\/roveyayinevi.com.tr\/index.php\/urun\/leopar-2\/","title":{"rendered":"Leopar"},"content":{"rendered":"<p>\u201cLeopar\u2019\u0131n gerilimi hi\u00e7 d\u00fc\u015fmeyen hikayesi, nefes kesen s\u00fcrprizleri ve kestirilmesi g\u00fc\u00e7 ihanetlerle dolu \u00e7at\u0131\u015fmalar\u0131 tek kelimeyle&#8230; enfes.\u201d The IndependentOslo\u2019da iki kad\u0131n \u00f6l\u00fc bulunur; nas\u0131l a\u00e7\u0131ld\u0131\u011f\u0131 belirlenemeyen yirmi d\u00f6rt yarayla kendi kanlar\u0131nda bo\u011fulmu\u015flard\u0131r. Bir seri katilin i\u015fine benzeyen bu cinayetler k\u0131sa zamanda bas\u0131n\u0131n ilgi oda\u011f\u0131 olur. Ortada bir ipucu yoktur, polisin eli kolu ba\u011fl\u0131d\u0131r ve onlara yard\u0131m edebilecek tek ki\u015fi, Harry Hole Hong Kong\u2019da inzivaya \u00e7ekilmi\u015f, Kardan Adam vakas\u0131n\u0131n travmas\u0131ndan kurtulmaya \u00e7al\u0131\u015fmaktad\u0131r.Babas\u0131n\u0131n a\u011f\u0131r hasta oldu\u011funu duyan Harry g\u00f6n\u00fcls\u00fczce Oslo\u2019ya d\u00f6ner. Katil elini yeniden kana bulay\u0131nca soru\u015fturmaya dahil olmaktan kendini alamaz. Ve \u00e7ok ge\u00e7meden hem mesleki yeteneklerini, hem de ki\u015fili\u011fini s\u0131nayan bir psikopatla kar\u015f\u0131 kar\u015f\u0131ya oldu\u011funu anlar.<\/p>\n","protected":false},"excerpt":{"rendered":"<p>\u201cLeopar\u2019\u0131n gerilimi hi\u00e7 d\u00fc\u015fmeyen hikayesi, nefes kesen s\u00fcrprizleri ve kestirilmesi g\u00fc\u00e7 ihanetlerle dolu \u00e7at\u0131\u015fmalar\u0131 tek kelimeyle&#8230; enfes.\u201d The IndependentOslo\u2019da iki kad\u0131n \u00f6l\u00fc bulunur; nas\u0131l a\u00e7\u0131ld\u0131\u011f\u0131 belirlenemeyen<span class=\"excerpt-hellip\"> [\u2026]<\/span><\/p>\n","protected":false},"featured_media":0,"template":"","meta":{"_monsterinsights_skip_tracking":false,"_monsterinsights_sitenote_active":false,"_monsterinsights_sitenote_note":"","_monsterinsights_sitenote_category":0},"product_brand":[],"product_cat":[12291,12711],"product_tag":[],"class_list":{"0":"post-705666","1":"product","2":"type-product","3":"status-publish","5":"product_cat-edebiyat","6":"product_cat-roman-oyku","7":"pa_cilt-ciltsiz","8":"pa_tur-kitap","9":"pa_yayinevi-dogan-kitap","10":"pa_yazar-jo-nesbo","12":"first","13":"outofstock","14":"sale","15":"shipping-taxable","16":"purchasable","17":"product-type-simple"},"_links":{"self":[{"href":"https:\/\/roveyayinevi.com.tr\/index.php\/wp-json\/wp\/v2\/product\/705666","targetHints":{"allow":["GET"]}}],"collection":[{"href":"https:\/\/roveyayinevi.com.tr\/index.php\/wp-json\/wp\/v2\/product"}],"about":[{"href":"https:\/\/roveyayinevi.com.tr\/index.php\/wp-json\/wp\/v2\/types\/product"}],"wp:attachment":[{"href":"https:\/\/roveyayinevi.com.tr\/index.php\/wp-json\/wp\/v2\/media?parent=705666"}],"wp:term":[{"taxonomy":"product_brand","embeddable":true,"href":"https:\/\/roveyayinevi.com.tr\/index.php\/wp-json\/wp\/v2\/product_brand?post=705666"},{"taxonomy":"product_cat","embeddable":true,"href":"https:\/\/roveyayinevi.com.tr\/index.php\/wp-json\/wp\/v2\/product_cat?post=705666"},{"taxonomy":"product_tag","embeddable":true,"href":"https:\/\/roveyayinevi.com.tr\/index.php\/wp-json\/wp\/v2\/product_tag?post=705666"}],"curies":[{"name":"wp","href":"https:\/\/api.w.org\/{rel}","templated":true}]}}