{"id":705665,"date":"2025-08-27T15:48:23","date_gmt":"2025-08-27T12:48:23","guid":{"rendered":"https:\/\/roveyayinevi.com.tr\/index.php\/urun\/lazca-deyimler-ve-atasozleri-sozlugu\/"},"modified":"2026-04-16T02:14:27","modified_gmt":"2026-04-15T23:14:27","slug":"lazca-deyimler-ve-atasozleri-sozlugu","status":"publish","type":"product","link":"https:\/\/roveyayinevi.com.tr\/index.php\/urun\/lazca-deyimler-ve-atasozleri-sozlugu\/","title":{"rendered":"Lazca Deyimler ve Atas\u00f6zleri S\u00f6zl\u00fc\u011f\u00fc"},"content":{"rendered":"<p>Dil, d\u00fcnyayla kurdu\u011fumuz ba\u011flar\u0131 \u015fekillendiren belki de en \u00f6nemli insan yetisidir. Her dil, bir bak\u0131ma ba\u015fka bir d\u00fcnya, her s\u00f6zc\u00fck, yerine g\u00f6re bir e\u015fya, bir duygu, bir d\u00fc\u015f\u00fcnce, bir umut, bir \u00e7\u0131\u011fl\u0131k, her deyimse d\u00fcnyay\u0131 alg\u0131laman\u0131n ba\u015fka bir bi\u00e7imi olarak kar\u015f\u0131m\u0131za \u00e7\u0131kar. \u0130\u015fte bu nedenle bir dilin kayb\u0131 sadece o dili konu\u015fanlar i\u00e7in de\u011fil, t\u00fcm d\u00fcnya i\u00e7in bir kay\u0131pt\u0131r. <\/p>\n","protected":false},"excerpt":{"rendered":"<p>Dil, d\u00fcnyayla kurdu\u011fumuz ba\u011flar\u0131 \u015fekillendiren belki de en \u00f6nemli insan yetisidir. Her dil, bir bak\u0131ma ba\u015fka bir d\u00fcnya, her s\u00f6zc\u00fck, yerine g\u00f6re bir e\u015fya, bir duygu,<span class=\"excerpt-hellip\"> [\u2026]<\/span><\/p>\n","protected":false},"featured_media":0,"template":"","meta":{"_monsterinsights_skip_tracking":false,"_monsterinsights_sitenote_active":false,"_monsterinsights_sitenote_note":"","_monsterinsights_sitenote_category":0},"product_brand":[],"product_cat":[19532,12566,13611],"product_tag":[],"class_list":{"0":"post-705665","1":"product","2":"type-product","3":"status-publish","5":"product_cat-atasozleri-deyimler-ve-terimleri-sozlugu","6":"product_cat-egitim","7":"product_cat-sozlukler-ve-konusma-kilavuzlari","8":"pa_tur-kitap","9":"pa_yayinevi-phoenix-yayinevi","10":"pa_yazar-kamil-aksoylu","12":"first","13":"instock","14":"sale","15":"shipping-taxable","16":"purchasable","17":"product-type-simple"},"_links":{"self":[{"href":"https:\/\/roveyayinevi.com.tr\/index.php\/wp-json\/wp\/v2\/product\/705665","targetHints":{"allow":["GET"]}}],"collection":[{"href":"https:\/\/roveyayinevi.com.tr\/index.php\/wp-json\/wp\/v2\/product"}],"about":[{"href":"https:\/\/roveyayinevi.com.tr\/index.php\/wp-json\/wp\/v2\/types\/product"}],"wp:attachment":[{"href":"https:\/\/roveyayinevi.com.tr\/index.php\/wp-json\/wp\/v2\/media?parent=705665"}],"wp:term":[{"taxonomy":"product_brand","embeddable":true,"href":"https:\/\/roveyayinevi.com.tr\/index.php\/wp-json\/wp\/v2\/product_brand?post=705665"},{"taxonomy":"product_cat","embeddable":true,"href":"https:\/\/roveyayinevi.com.tr\/index.php\/wp-json\/wp\/v2\/product_cat?post=705665"},{"taxonomy":"product_tag","embeddable":true,"href":"https:\/\/roveyayinevi.com.tr\/index.php\/wp-json\/wp\/v2\/product_tag?post=705665"}],"curies":[{"name":"wp","href":"https:\/\/api.w.org\/{rel}","templated":true}]}}