{"id":705664,"date":"2025-08-27T15:48:23","date_gmt":"2025-08-27T12:48:23","guid":{"rendered":"https:\/\/roveyayinevi.com.tr\/index.php\/urun\/tibetin-yasam-ve-olum-kitabi\/"},"modified":"2026-04-16T02:14:27","modified_gmt":"2026-04-15T23:14:27","slug":"tibetin-yasam-ve-olum-kitabi","status":"publish","type":"product","link":"https:\/\/roveyayinevi.com.tr\/index.php\/urun\/tibetin-yasam-ve-olum-kitabi\/","title":{"rendered":"Tibet&#8217;in Ya\u015fam ve \u00d6l\u00fcm Kitab\u0131"},"content":{"rendered":"<p>Bu kitap pek \u00e7ok \u00e7evre taraf\u0131ndan Tibet Budizmi \u00fczerine yaz\u0131lm\u0131\u015f en eksiksiz ve yetkin metinlerden biri olarak kabul edilmektedir. Ya\u015fam ve \u00f6l\u00fcm \u00fczerine zengin bir bilgi birikimi sunmas\u0131n\u0131n yan\u0131 s\u0131ra Tibet gelene\u011finin y\u00fcre\u011finden kopup gelen bir bilgelik kayna\u011f\u0131d\u0131r. Meditasyon, karma ve reenkarnasyon gibi konulara giri\u015f niteli\u011findeki  eser, ayn\u0131 zamanda, son yolculuklar\u0131na \u00e7\u0131kmaya haz\u0131rlanan ki\u015filere \u015fefkatle yard\u0131m etmek isteyenlerin ba\u015fvurabilecekleri bir rehberdir. Budist meditasyon ustas\u0131 Sogyal Rinpoche bu kitab\u0131nda Tibet\u2019in kadim bilgeli\u011fiyle modern bilimsel ara\u015ft\u0131rmalar\u0131n bir sentezini sunuyor.   \u201cDo\u011fru bir zamanlamayla yay\u0131mlanan bu kitapta Sogyal Rinpoche, ya\u015fam\u0131n ger\u00e7ek anlam\u0131n\u0131n nas\u0131l kavran\u0131laca\u011f\u0131, \u00f6l\u00fcm\u00fcn nas\u0131l kabullenilece\u011fi ve \u00f6lmekte ya da \u00f6lm\u00fc\u015f olan ki\u015filere nas\u0131l yard\u0131m edilece\u011fi konular\u0131na odaklan\u0131yor.\u201d \u2014Dalai Lama <\/p>\n","protected":false},"excerpt":{"rendered":"<p>Bu kitap pek \u00e7ok \u00e7evre taraf\u0131ndan Tibet Budizmi \u00fczerine yaz\u0131lm\u0131\u015f en eksiksiz ve yetkin metinlerden biri olarak kabul edilmektedir. Ya\u015fam ve \u00f6l\u00fcm \u00fczerine zengin bir bilgi<span class=\"excerpt-hellip\"> [\u2026]<\/span><\/p>\n","protected":false},"featured_media":0,"template":"","meta":{"_monsterinsights_skip_tracking":false,"_monsterinsights_sitenote_active":false,"_monsterinsights_sitenote_note":"","_monsterinsights_sitenote_category":0},"product_brand":[],"product_cat":[12718,12858],"product_tag":[],"class_list":{"0":"post-705664","1":"product","2":"type-product","3":"status-publish","5":"product_cat-din","6":"product_cat-mitolojiler","7":"pa_cilt-ciltsiz","8":"pa_tur-kitap","9":"pa_yayinevi-omega","10":"pa_yazar-sogyal-rinpoche","12":"first","13":"instock","14":"sale","15":"shipping-taxable","16":"purchasable","17":"product-type-simple"},"_links":{"self":[{"href":"https:\/\/roveyayinevi.com.tr\/index.php\/wp-json\/wp\/v2\/product\/705664","targetHints":{"allow":["GET"]}}],"collection":[{"href":"https:\/\/roveyayinevi.com.tr\/index.php\/wp-json\/wp\/v2\/product"}],"about":[{"href":"https:\/\/roveyayinevi.com.tr\/index.php\/wp-json\/wp\/v2\/types\/product"}],"wp:attachment":[{"href":"https:\/\/roveyayinevi.com.tr\/index.php\/wp-json\/wp\/v2\/media?parent=705664"}],"wp:term":[{"taxonomy":"product_brand","embeddable":true,"href":"https:\/\/roveyayinevi.com.tr\/index.php\/wp-json\/wp\/v2\/product_brand?post=705664"},{"taxonomy":"product_cat","embeddable":true,"href":"https:\/\/roveyayinevi.com.tr\/index.php\/wp-json\/wp\/v2\/product_cat?post=705664"},{"taxonomy":"product_tag","embeddable":true,"href":"https:\/\/roveyayinevi.com.tr\/index.php\/wp-json\/wp\/v2\/product_tag?post=705664"}],"curies":[{"name":"wp","href":"https:\/\/api.w.org\/{rel}","templated":true}]}}