{"id":705657,"date":"2025-08-27T15:48:20","date_gmt":"2025-08-27T12:48:20","guid":{"rendered":"https:\/\/roveyayinevi.com.tr\/index.php\/urun\/guven\/"},"modified":"2026-04-07T02:21:05","modified_gmt":"2026-04-06T23:21:05","slug":"guven","status":"publish","type":"product","link":"https:\/\/roveyayinevi.com.tr\/index.php\/urun\/guven\/","title":{"rendered":"G\u00fcven"},"content":{"rendered":"<p>G\u00fcven nedir?G\u00fcven bir uyumdur. Basit\u00e7e t\u00fcm savunma tedbirlerini, z\u0131rh\u0131n\u0131 bir kenara b\u0131rak\u0131rs\u0131n; korunmas\u0131z duruma ge\u00e7ersin.G\u00fcvenen insan, dindar insan \u00f6l\u00fcm\u00fcn kap\u0131s\u0131nda bile heyecan duyar bir aslan gibi k\u00fckreyebilir. \u00d6l\u00fcrken bile \u00e7\u00fcnk\u00fc hi\u00e7bir \u015feyin \u00f6lmedi\u011fini bilir \u00f6l\u00fcm an\u0131nda bile, \u201c\u0130\u015fte bu!\u201d diyebilir. \u00c7\u00fcnk\u00fc her an, \u201ci\u015fte bu\u201ddur. Ya\u015fam olabilir, \u00f6l\u00fcm olabilir; ba\u015far\u0131 olabilir, ba\u015far\u0131s\u0131zl\u0131k olabilir; mutluluk olabilir, mutsuzluk olabilir. Her an\u2026 \u0130\u015fte bu!\u201cG\u00fcven, kesinlikle sevgiden daha y\u00fcce bir de\u011ferdir. G\u00fcvenin i\u00e7inde sevgi \u00f6rt\u00fckt\u00fcr; fakat sevginin i\u00e7inde g\u00fcven \u00f6rt\u00fck de\u011fildir.\u201d\u201cG\u00fcven, i\u00e7sel bir g\u00f6zd\u00fcr. T\u0131pk\u0131, evreni g\u00f6rmek i\u00e7in iki d\u0131\u015fsal g\u00f6z bulundu\u011fu gibi, i\u00e7inde ad\u0131 g\u00fcven olan \u00fc\u00e7\u00fcnc\u00fc bir g\u00f6z mevcuttur.\u201d\u201cG\u00fcven, ger\u00e7ek bir ya\u015fam\u0131n mutlak temelidir.\u201d <\/p>\n","protected":false},"excerpt":{"rendered":"<p>G\u00fcven nedir?G\u00fcven bir uyumdur. Basit\u00e7e t\u00fcm savunma tedbirlerini, z\u0131rh\u0131n\u0131 bir kenara b\u0131rak\u0131rs\u0131n; korunmas\u0131z duruma ge\u00e7ersin.G\u00fcvenen insan, dindar insan \u00f6l\u00fcm\u00fcn kap\u0131s\u0131nda bile heyecan duyar bir aslan gibi<span class=\"excerpt-hellip\"> [\u2026]<\/span><\/p>\n","protected":false},"featured_media":0,"template":"","meta":{"_monsterinsights_skip_tracking":false,"_monsterinsights_sitenote_active":false,"_monsterinsights_sitenote_note":"","_monsterinsights_sitenote_category":0},"product_brand":[],"product_cat":[12364,12376],"product_tag":[],"class_list":{"0":"post-705657","1":"product","2":"type-product","3":"status-publish","5":"product_cat-genel-konular","6":"product_cat-kisisel-gelisim","7":"pa_cilt-ciltsiz","8":"pa_tur-kitap","9":"pa_yayinevi-ganj-yayinevi","10":"pa_yazar-osho","12":"first","13":"instock","14":"sale","15":"shipping-taxable","16":"purchasable","17":"product-type-simple"},"_links":{"self":[{"href":"https:\/\/roveyayinevi.com.tr\/index.php\/wp-json\/wp\/v2\/product\/705657","targetHints":{"allow":["GET"]}}],"collection":[{"href":"https:\/\/roveyayinevi.com.tr\/index.php\/wp-json\/wp\/v2\/product"}],"about":[{"href":"https:\/\/roveyayinevi.com.tr\/index.php\/wp-json\/wp\/v2\/types\/product"}],"wp:attachment":[{"href":"https:\/\/roveyayinevi.com.tr\/index.php\/wp-json\/wp\/v2\/media?parent=705657"}],"wp:term":[{"taxonomy":"product_brand","embeddable":true,"href":"https:\/\/roveyayinevi.com.tr\/index.php\/wp-json\/wp\/v2\/product_brand?post=705657"},{"taxonomy":"product_cat","embeddable":true,"href":"https:\/\/roveyayinevi.com.tr\/index.php\/wp-json\/wp\/v2\/product_cat?post=705657"},{"taxonomy":"product_tag","embeddable":true,"href":"https:\/\/roveyayinevi.com.tr\/index.php\/wp-json\/wp\/v2\/product_tag?post=705657"}],"curies":[{"name":"wp","href":"https:\/\/api.w.org\/{rel}","templated":true}]}}