{"id":705655,"date":"2025-08-27T15:48:19","date_gmt":"2025-08-27T12:48:19","guid":{"rendered":"https:\/\/roveyayinevi.com.tr\/index.php\/urun\/turk-bilmecelerinden-secmeler-3\/"},"modified":"2026-04-16T02:14:27","modified_gmt":"2026-04-15T23:14:27","slug":"turk-bilmecelerinden-secmeler-3","status":"publish","type":"product","link":"https:\/\/roveyayinevi.com.tr\/index.php\/urun\/turk-bilmecelerinden-secmeler-3\/","title":{"rendered":"T\u00fcrk Bilmecelerinden Se\u00e7meler"},"content":{"rendered":"<p>Aptes al\u0131r Namaz k\u0131lmaz Cemaatten geri durmaz (cenaze) A\u011fa\u00e7ta g\u00f6rd\u00fcm Bir karga Vurdum d\u00fc\u015f\u00fcrd\u00fcm Bir arka (incir)<\/p>\n","protected":false},"excerpt":{"rendered":"<p>Aptes al\u0131r Namaz k\u0131lmaz Cemaatten geri durmaz (cenaze) A\u011fa\u00e7ta g\u00f6rd\u00fcm Bir karga Vurdum d\u00fc\u015f\u00fcrd\u00fcm Bir arka (incir)<\/p>\n","protected":false},"featured_media":0,"template":"","meta":{"_monsterinsights_skip_tracking":false,"_monsterinsights_sitenote_active":false,"_monsterinsights_sitenote_note":"","_monsterinsights_sitenote_category":0},"product_brand":[],"product_cat":[12492,12274],"product_tag":[],"class_list":{"0":"post-705655","1":"product","2":"type-product","3":"status-publish","5":"product_cat-bilmece-bulmaca","6":"product_cat-cocuk-ve-genclik-kitaplari","7":"pa_cilt-ciltsiz","8":"pa_tur-kitap","9":"pa_yayinevi-iskele-yayincilik","10":"pa_yazar-zeki-cakmak","12":"first","13":"instock","14":"sale","15":"shipping-taxable","16":"purchasable","17":"product-type-simple"},"_links":{"self":[{"href":"https:\/\/roveyayinevi.com.tr\/index.php\/wp-json\/wp\/v2\/product\/705655","targetHints":{"allow":["GET"]}}],"collection":[{"href":"https:\/\/roveyayinevi.com.tr\/index.php\/wp-json\/wp\/v2\/product"}],"about":[{"href":"https:\/\/roveyayinevi.com.tr\/index.php\/wp-json\/wp\/v2\/types\/product"}],"wp:attachment":[{"href":"https:\/\/roveyayinevi.com.tr\/index.php\/wp-json\/wp\/v2\/media?parent=705655"}],"wp:term":[{"taxonomy":"product_brand","embeddable":true,"href":"https:\/\/roveyayinevi.com.tr\/index.php\/wp-json\/wp\/v2\/product_brand?post=705655"},{"taxonomy":"product_cat","embeddable":true,"href":"https:\/\/roveyayinevi.com.tr\/index.php\/wp-json\/wp\/v2\/product_cat?post=705655"},{"taxonomy":"product_tag","embeddable":true,"href":"https:\/\/roveyayinevi.com.tr\/index.php\/wp-json\/wp\/v2\/product_tag?post=705655"}],"curies":[{"name":"wp","href":"https:\/\/api.w.org\/{rel}","templated":true}]}}