{"id":705654,"date":"2025-08-27T15:48:19","date_gmt":"2025-08-27T12:48:19","guid":{"rendered":"https:\/\/roveyayinevi.com.tr\/index.php\/urun\/kerime\/"},"modified":"2026-04-16T02:14:27","modified_gmt":"2026-04-15T23:14:27","slug":"kerime","status":"publish","type":"product","link":"https:\/\/roveyayinevi.com.tr\/index.php\/urun\/kerime\/","title":{"rendered":"Kerime"},"content":{"rendered":"<p>1932\u2026 Anadolu\u2019da bir kasaba\u2026Ezan\u0131n T\u00fcrk\u00e7e okunma karar\u0131n\u0131n al\u0131nd\u0131\u011f\u0131 y\u0131lda ba\u015fl\u0131yor Kerime\u2019nin hazin hikayesi.Kerime sessiz ve korkak\u2026A\u011fabey Mehmet\u2026 Y\u00fcre\u011fini kavuran gizli g\u00fcnahlar\u0131n\u0131n bedelini \u00f6deyemeyece\u011fi ger\u00e7e\u011finin alt\u0131nda eziliyor g\u00fcnbeg\u00fcn\u2026Ailenin k\u00fc\u00e7\u00fck k\u0131z\u0131 Nezihe\u2026 Umutsuz bir a\u015fk\u0131n pe\u015finde felaketine s\u00fcr\u00fcklenip gencecik hayat\u0131n\u0131 bir adam u\u011fruna karart\u0131yor\u2026Ve \u00e7evresine m\u00fc\u015ffik, ailesine hayat\u0131 zindan eden Kerime\u2019nin babas\u0131 Katip Efendi&#8230;Tek arzusu; mutlu olmak, ger\u00e7ek a\u015fk\u0131n varl\u0131\u011f\u0131na inanmakken, annesinin ve mahallenin bask\u0131s\u0131yla kendinden ya\u015f\u00e7a b\u00fcy\u00fck, dul bir adamla evlenen Kerime, hayat\u0131n girdab\u0131nda kayboluyor\u2026Kerime, yeni bir Yaprak D\u00f6k\u00fcm\u00fc\u2026 <\/p>\n","protected":false},"excerpt":{"rendered":"<p>1932\u2026 Anadolu\u2019da bir kasaba\u2026Ezan\u0131n T\u00fcrk\u00e7e okunma karar\u0131n\u0131n al\u0131nd\u0131\u011f\u0131 y\u0131lda ba\u015fl\u0131yor Kerime\u2019nin hazin hikayesi.Kerime sessiz ve korkak\u2026A\u011fabey Mehmet\u2026 Y\u00fcre\u011fini kavuran gizli g\u00fcnahlar\u0131n\u0131n bedelini \u00f6deyemeyece\u011fi ger\u00e7e\u011finin alt\u0131nda eziliyor<span class=\"excerpt-hellip\"> [\u2026]<\/span><\/p>\n","protected":false},"featured_media":0,"template":"","meta":{"_monsterinsights_skip_tracking":false,"_monsterinsights_sitenote_active":false,"_monsterinsights_sitenote_note":"","_monsterinsights_sitenote_category":0},"product_brand":[],"product_cat":[12291,12711],"product_tag":[],"class_list":{"0":"post-705654","1":"product","2":"type-product","3":"status-publish","5":"product_cat-edebiyat","6":"product_cat-roman-oyku","7":"pa_cilt-ciltsiz","8":"pa_tur-kitap","9":"pa_yayinevi-timas-yayinlari","10":"pa_yazar-bahadir-yenisehirlioglu","12":"first","13":"instock","14":"sale","15":"shipping-taxable","16":"purchasable","17":"product-type-simple"},"_links":{"self":[{"href":"https:\/\/roveyayinevi.com.tr\/index.php\/wp-json\/wp\/v2\/product\/705654","targetHints":{"allow":["GET"]}}],"collection":[{"href":"https:\/\/roveyayinevi.com.tr\/index.php\/wp-json\/wp\/v2\/product"}],"about":[{"href":"https:\/\/roveyayinevi.com.tr\/index.php\/wp-json\/wp\/v2\/types\/product"}],"wp:attachment":[{"href":"https:\/\/roveyayinevi.com.tr\/index.php\/wp-json\/wp\/v2\/media?parent=705654"}],"wp:term":[{"taxonomy":"product_brand","embeddable":true,"href":"https:\/\/roveyayinevi.com.tr\/index.php\/wp-json\/wp\/v2\/product_brand?post=705654"},{"taxonomy":"product_cat","embeddable":true,"href":"https:\/\/roveyayinevi.com.tr\/index.php\/wp-json\/wp\/v2\/product_cat?post=705654"},{"taxonomy":"product_tag","embeddable":true,"href":"https:\/\/roveyayinevi.com.tr\/index.php\/wp-json\/wp\/v2\/product_tag?post=705654"}],"curies":[{"name":"wp","href":"https:\/\/api.w.org\/{rel}","templated":true}]}}