{"id":705647,"date":"2025-08-27T15:48:16","date_gmt":"2025-08-27T12:48:16","guid":{"rendered":"https:\/\/roveyayinevi.com.tr\/index.php\/urun\/okul-oncesinde-kaynastirma\/"},"modified":"2026-04-16T02:14:27","modified_gmt":"2026-04-15T23:14:27","slug":"okul-oncesinde-kaynastirma","status":"publish","type":"product","link":"https:\/\/roveyayinevi.com.tr\/index.php\/urun\/okul-oncesinde-kaynastirma\/","title":{"rendered":"Okul \u00d6ncesinde Kayna\u015ft\u0131rma"},"content":{"rendered":"<p>T\u00fcbitak taraf\u0131ndan desteklenen Okul \u00d6ncesinde Kayna\u015ft\u0131rma &#8211; \u00d6\u011fretmen E\u011fitimi Program\u0131n\u0131n \u00d6\u011fretmen \u00c7\u0131kt\u0131lar\u0131 \u00dczerindeki Etkilerinin De\u011ferlendirilmesi projesi kapsam\u0131nda haz\u0131rlanan bu kitap, s\u0131n\u0131f\u0131nda \u00f6zel gereksinimli \u00e7ocuk bulunan okul \u00f6ncesi \u00f6\u011fretmenlerin \u00f6\u011fretim s\u00fcrecinde kar\u015f\u0131la\u015ft\u0131klar\u0131 g\u00fc\u00e7l\u00fcklerle ba\u015f etmelerine katk\u0131 sa\u011flamak amac\u0131n\u0131 ta\u015f\u0131maktad\u0131r. Kitapta \u00f6\u011fretmenlerin s\u0131n\u0131flar\u0131nda etkili \u00f6\u011fretim ortamlar\u0131 olu\u015fturabilmek amac\u0131yla kullanabilecekleri y\u00f6ntem, teknik ve stratejiler, \u00f6zel gereksinimli \u00e7ocuklar\u0131n \u00f6zellikleri, ailelerle i\u015fbirli\u011fi, etkili s\u0131n\u0131f y\u00f6netimi, \u00f6\u011fretimi bireyselle\u015ftirme gibi \u00e7e\u015fitli konular yer almaktad\u0131r. Her b\u00f6l\u00fcm, ilgili konunun uzman\u0131 olan akademisyenler taraf\u0131ndan yal\u0131n ve teknik olmayan bir dille yaz\u0131lm\u0131\u015f ve y\u00f6ntemler okul \u00f6ncesi m\u00fcfredata uygun \u00f6rneklerle desteklenmi\u015ftir. \ufffcTan\u0131t\u0131m Metni<\/p>\n","protected":false},"excerpt":{"rendered":"<p>T\u00fcbitak taraf\u0131ndan desteklenen Okul \u00d6ncesinde Kayna\u015ft\u0131rma &#8211; \u00d6\u011fretmen E\u011fitimi Program\u0131n\u0131n \u00d6\u011fretmen \u00c7\u0131kt\u0131lar\u0131 \u00dczerindeki Etkilerinin De\u011ferlendirilmesi projesi kapsam\u0131nda haz\u0131rlanan bu kitap, s\u0131n\u0131f\u0131nda \u00f6zel gereksinimli \u00e7ocuk bulunan okul<span class=\"excerpt-hellip\"> [\u2026]<\/span><\/p>\n","protected":false},"featured_media":0,"template":"","meta":{"_monsterinsights_skip_tracking":false,"_monsterinsights_sitenote_active":false,"_monsterinsights_sitenote_note":"","_monsterinsights_sitenote_category":0},"product_brand":[],"product_cat":[12679,12357],"product_tag":[],"class_list":{"0":"post-705647","1":"product","2":"type-product","3":"status-publish","5":"product_cat-cocuk-psikolojisi","6":"product_cat-psikoloji","7":"pa_cilt-ciltsiz","8":"pa_tur-kitap","9":"pa_yayinevi-kok-yayinevi","10":"pa_yazar-bulbin-sucuoglu","12":"first","13":"instock","14":"sale","15":"shipping-taxable","16":"purchasable","17":"product-type-simple"},"_links":{"self":[{"href":"https:\/\/roveyayinevi.com.tr\/index.php\/wp-json\/wp\/v2\/product\/705647","targetHints":{"allow":["GET"]}}],"collection":[{"href":"https:\/\/roveyayinevi.com.tr\/index.php\/wp-json\/wp\/v2\/product"}],"about":[{"href":"https:\/\/roveyayinevi.com.tr\/index.php\/wp-json\/wp\/v2\/types\/product"}],"wp:attachment":[{"href":"https:\/\/roveyayinevi.com.tr\/index.php\/wp-json\/wp\/v2\/media?parent=705647"}],"wp:term":[{"taxonomy":"product_brand","embeddable":true,"href":"https:\/\/roveyayinevi.com.tr\/index.php\/wp-json\/wp\/v2\/product_brand?post=705647"},{"taxonomy":"product_cat","embeddable":true,"href":"https:\/\/roveyayinevi.com.tr\/index.php\/wp-json\/wp\/v2\/product_cat?post=705647"},{"taxonomy":"product_tag","embeddable":true,"href":"https:\/\/roveyayinevi.com.tr\/index.php\/wp-json\/wp\/v2\/product_tag?post=705647"}],"curies":[{"name":"wp","href":"https:\/\/api.w.org\/{rel}","templated":true}]}}