{"id":705646,"date":"2025-08-27T15:48:16","date_gmt":"2025-08-27T12:48:16","guid":{"rendered":"https:\/\/roveyayinevi.com.tr\/index.php\/urun\/kadinlik-makaminin-en-yucesi\/"},"modified":"2026-04-16T02:14:27","modified_gmt":"2026-04-15T23:14:27","slug":"kadinlik-makaminin-en-yucesi","status":"publish","type":"product","link":"https:\/\/roveyayinevi.com.tr\/index.php\/urun\/kadinlik-makaminin-en-yucesi\/","title":{"rendered":"Kad\u0131nl\u0131k Makam\u0131n\u0131n En Y\u00fccesi"},"content":{"rendered":"<p>\u0130slam\u2019da Hz. Meryem, sadakat, samimiyet ve itaatin en y\u00fcce sembollerinden birisidir. Bunun nedeni; onun Rabb\u2019inin mucizelerine mutlak g\u00fcveni ve iman\u0131 ile ayr\u0131ca Cebrail (a.s) taraf\u0131ndan getirilen \u0130sa\u2019ya (a.s) hamile kalaca\u011f\u0131na ve \u0130sa\u2019n\u0131n y\u00fcce maksad\u0131 hakk\u0131ndaki mesaja iman\u0131d\u0131r. \u00dcstelik Meryem iman\u0131n\u0131 kendi kavmi taraf\u0131ndan ona y\u00f6neltilen k\u00f6t\u00fc muameleye ra\u011fmen korumu\u015f ve b\u00f6ylece insanl\u0131k i\u00e7in m\u00e2nev\u00ee bir misal olmu\u015ftur. <\/p>\n","protected":false},"excerpt":{"rendered":"<p>\u0130slam\u2019da Hz. Meryem, sadakat, samimiyet ve itaatin en y\u00fcce sembollerinden birisidir. Bunun nedeni; onun Rabb\u2019inin mucizelerine mutlak g\u00fcveni ve iman\u0131 ile ayr\u0131ca Cebrail (a.s) taraf\u0131ndan getirilen<span class=\"excerpt-hellip\"> [\u2026]<\/span><\/p>\n","protected":false},"featured_media":0,"template":"","meta":{"_monsterinsights_skip_tracking":false,"_monsterinsights_sitenote_active":false,"_monsterinsights_sitenote_note":"","_monsterinsights_sitenote_category":0},"product_brand":[],"product_cat":[16789,12718,12719],"product_tag":[],"class_list":{"0":"post-705646","1":"product","2":"type-product","3":"status-publish","5":"product_cat-diger-islam","6":"product_cat-din","7":"product_cat-islam","8":"pa_tur-kitap","9":"pa_yayinevi-nefes-yayincilik","10":"pa_yazar-cemalnur-sargut","12":"first","13":"instock","14":"sale","15":"shipping-taxable","16":"purchasable","17":"product-type-simple"},"_links":{"self":[{"href":"https:\/\/roveyayinevi.com.tr\/index.php\/wp-json\/wp\/v2\/product\/705646","targetHints":{"allow":["GET"]}}],"collection":[{"href":"https:\/\/roveyayinevi.com.tr\/index.php\/wp-json\/wp\/v2\/product"}],"about":[{"href":"https:\/\/roveyayinevi.com.tr\/index.php\/wp-json\/wp\/v2\/types\/product"}],"wp:attachment":[{"href":"https:\/\/roveyayinevi.com.tr\/index.php\/wp-json\/wp\/v2\/media?parent=705646"}],"wp:term":[{"taxonomy":"product_brand","embeddable":true,"href":"https:\/\/roveyayinevi.com.tr\/index.php\/wp-json\/wp\/v2\/product_brand?post=705646"},{"taxonomy":"product_cat","embeddable":true,"href":"https:\/\/roveyayinevi.com.tr\/index.php\/wp-json\/wp\/v2\/product_cat?post=705646"},{"taxonomy":"product_tag","embeddable":true,"href":"https:\/\/roveyayinevi.com.tr\/index.php\/wp-json\/wp\/v2\/product_tag?post=705646"}],"curies":[{"name":"wp","href":"https:\/\/api.w.org\/{rel}","templated":true}]}}