{"id":705638,"date":"2025-08-27T15:48:12","date_gmt":"2025-08-27T12:48:12","guid":{"rendered":"https:\/\/roveyayinevi.com.tr\/index.php\/urun\/canavarin-agzinda-cilt-1-kurulus-ve-cocukluk-donemi\/"},"modified":"2026-04-16T02:14:27","modified_gmt":"2026-04-15T23:14:27","slug":"canavarin-agzinda-cilt-1-kurulus-ve-cocukluk-donemi","status":"publish","type":"product","link":"https:\/\/roveyayinevi.com.tr\/index.php\/urun\/canavarin-agzinda-cilt-1-kurulus-ve-cocukluk-donemi\/","title":{"rendered":"Canavar\u0131n A\u011fz\u0131nda Cilt\u00a0: 1 Kurulu\u015f ve \u00c7ocukluk D\u00f6nemi"},"content":{"rendered":"<p>Bu kitap, d\u00fcnyan\u0131n en geli\u015fmi\u015f kapitalist \u00fclkesinde Kom\u00fcnist Partisi&#8217;nin kurulma ve geli\u015fme s\u00fcrecine odaklan\u0131yor. Haluk Gerger, y\u0131llarca s\u00fcren zahmetli ve titiz bir ara\u015ft\u0131rman\u0131n sonucunda ula\u015ft\u0131\u011f\u0131 bilgi ve belgeleri inceliyor, e\u015fine az rastlan\u0131r bir sadelikle sergileyip sonu\u00e7lar \u00e7\u0131kar\u0131yor. Emperyalizmin merkezinde, tam da canavar\u0131n a\u011fz\u0131nda, ABD Kom\u00fcnist Partisi&#8217;nin ola\u011fan\u00fcst\u00fc maceras\u0131n\u0131 anlatan bu \u00f6zg\u00fcn eserde T\u00fcrkiyeli okurun kendi hikayesini de bulaca\u011f\u0131, \u015fa\u015fk\u0131nl\u0131k ve heyecanla y\u00fczle\u015fece\u011fi \u00e7ok \u015fey var. \u0130llegal \u00f6rg\u00fctlenme ve legal parti, program ve strateji tart\u0131\u015fmalar\u0131, \u0130ttifak politikalar\u0131, \u0130\u00e7 \u00e7eki\u015fmeler, b\u00f6l\u00fcnmeler, ihanetler, parti genel sekreterli\u011finden CIA eleman\u0131 olmaya kadar uzanan tuhaf savrulmalar, bir gerilim roman\u0131n\u0131 aratmayacak inan\u0131lmaz hikayeler&#8230; Haluk Gerger&#8217;in ak\u0131l ve ser\u00fcven dolu incelemesi, prati\u011fin teorisini yapmak, yenilginin diyalekti\u011fini kavramak isteyenler i\u00e7in paha bi\u00e7ilmez bir kaynak. \ufffcTan\u0131t\u0131m Metni<\/p>\n","protected":false},"excerpt":{"rendered":"<p>Bu kitap, d\u00fcnyan\u0131n en geli\u015fmi\u015f kapitalist \u00fclkesinde Kom\u00fcnist Partisi&#8217;nin kurulma ve geli\u015fme s\u00fcrecine odaklan\u0131yor. Haluk Gerger, y\u0131llarca s\u00fcren zahmetli ve titiz bir ara\u015ft\u0131rman\u0131n sonucunda ula\u015ft\u0131\u011f\u0131 bilgi<span class=\"excerpt-hellip\"> [\u2026]<\/span><\/p>\n","protected":false},"featured_media":0,"template":"","meta":{"_monsterinsights_skip_tracking":false,"_monsterinsights_sitenote_active":false,"_monsterinsights_sitenote_note":"","_monsterinsights_sitenote_category":0},"product_brand":[],"product_cat":[12337,14706],"product_tag":[],"class_list":{"0":"post-705638","1":"product","2":"type-product","3":"status-publish","5":"product_cat-politika-siyaset","6":"product_cat-siyaset-bilimi","7":"pa_cilt-ciltsiz","8":"pa_tur-kitap","9":"pa_yayinevi-yordam-kitap","10":"pa_yazar-haluk-gerger","12":"first","13":"instock","14":"sale","15":"shipping-taxable","16":"purchasable","17":"product-type-simple"},"_links":{"self":[{"href":"https:\/\/roveyayinevi.com.tr\/index.php\/wp-json\/wp\/v2\/product\/705638","targetHints":{"allow":["GET"]}}],"collection":[{"href":"https:\/\/roveyayinevi.com.tr\/index.php\/wp-json\/wp\/v2\/product"}],"about":[{"href":"https:\/\/roveyayinevi.com.tr\/index.php\/wp-json\/wp\/v2\/types\/product"}],"wp:attachment":[{"href":"https:\/\/roveyayinevi.com.tr\/index.php\/wp-json\/wp\/v2\/media?parent=705638"}],"wp:term":[{"taxonomy":"product_brand","embeddable":true,"href":"https:\/\/roveyayinevi.com.tr\/index.php\/wp-json\/wp\/v2\/product_brand?post=705638"},{"taxonomy":"product_cat","embeddable":true,"href":"https:\/\/roveyayinevi.com.tr\/index.php\/wp-json\/wp\/v2\/product_cat?post=705638"},{"taxonomy":"product_tag","embeddable":true,"href":"https:\/\/roveyayinevi.com.tr\/index.php\/wp-json\/wp\/v2\/product_tag?post=705638"}],"curies":[{"name":"wp","href":"https:\/\/api.w.org\/{rel}","templated":true}]}}