{"id":705634,"date":"2025-08-27T15:47:27","date_gmt":"2025-08-27T12:47:27","guid":{"rendered":"https:\/\/roveyayinevi.com.tr\/index.php\/urun\/10-adimda-pozitif-psikoloji\/"},"modified":"2026-04-16T02:14:26","modified_gmt":"2026-04-15T23:14:26","slug":"10-adimda-pozitif-psikoloji","status":"publish","type":"product","link":"https:\/\/roveyayinevi.com.tr\/index.php\/urun\/10-adimda-pozitif-psikoloji\/","title":{"rendered":"10 Ad\u0131mda Pozitif Psikoloji"},"content":{"rendered":"<p>Nevzat Tarhan, 10 Ad\u0131mda Pozitif Psikoloji\u2019de her biri psikoloji ve psikiyatrinin farkl\u0131 sahalar\u0131nda uzman on dokuz ki\u015fiden olu\u015fan bir ekiple duygusal zeka becerilerini 10 ad\u0131mda geli\u015ftirme y\u00f6ntemlerini pratik uygulamalarla birlikte sunuyor. Kendini tan\u0131ma fark\u0131ndal\u0131k, ileti\u015fim becerileri, motivasyon, sebatkarl\u0131k, uzla\u015fmac\u0131l\u0131k gibi kavramlar\u0131n tek tek a\u00e7\u0131kland\u0131\u011f\u0131 kitapta anlat\u0131lan 10 ad\u0131m, psikodrama ve al\u0131\u015ft\u0131rmalarla peki\u015ftiriliyor. Hayat\u0131n her an\u0131nda kar\u015f\u0131n\u0131za \u00e7\u0131kabilecek krizleri birer avantaja \u00e7evirebilmenin inceliklerini anlamak ve \u00f6\u011frenmek isteyenler i\u00e7in 10 Ad\u0131mda Pozitif Psikoloji ka\u00e7\u0131r\u0131lmayacak bir imkan.<\/p>\n","protected":false},"excerpt":{"rendered":"<p>Nevzat Tarhan, 10 Ad\u0131mda Pozitif Psikoloji\u2019de her biri psikoloji ve psikiyatrinin farkl\u0131 sahalar\u0131nda uzman on dokuz ki\u015fiden olu\u015fan bir ekiple duygusal zeka becerilerini 10 ad\u0131mda geli\u015ftirme<span class=\"excerpt-hellip\"> [\u2026]<\/span><\/p>\n","protected":false},"featured_media":0,"template":"","meta":{"_monsterinsights_skip_tracking":false,"_monsterinsights_sitenote_active":false,"_monsterinsights_sitenote_note":"","_monsterinsights_sitenote_category":0},"product_brand":[],"product_cat":[12358,12357],"product_tag":[],"class_list":{"0":"post-705634","1":"product","2":"type-product","3":"status-publish","5":"product_cat-genel-psikoloji","6":"product_cat-psikoloji","7":"pa_cilt-ciltsiz","8":"pa_tur-kitap","9":"pa_yayinevi-timas-yayinlari","10":"pa_yazar-nevzat-tarhan","12":"first","13":"instock","14":"sale","15":"shipping-taxable","16":"purchasable","17":"product-type-simple"},"_links":{"self":[{"href":"https:\/\/roveyayinevi.com.tr\/index.php\/wp-json\/wp\/v2\/product\/705634","targetHints":{"allow":["GET"]}}],"collection":[{"href":"https:\/\/roveyayinevi.com.tr\/index.php\/wp-json\/wp\/v2\/product"}],"about":[{"href":"https:\/\/roveyayinevi.com.tr\/index.php\/wp-json\/wp\/v2\/types\/product"}],"wp:attachment":[{"href":"https:\/\/roveyayinevi.com.tr\/index.php\/wp-json\/wp\/v2\/media?parent=705634"}],"wp:term":[{"taxonomy":"product_brand","embeddable":true,"href":"https:\/\/roveyayinevi.com.tr\/index.php\/wp-json\/wp\/v2\/product_brand?post=705634"},{"taxonomy":"product_cat","embeddable":true,"href":"https:\/\/roveyayinevi.com.tr\/index.php\/wp-json\/wp\/v2\/product_cat?post=705634"},{"taxonomy":"product_tag","embeddable":true,"href":"https:\/\/roveyayinevi.com.tr\/index.php\/wp-json\/wp\/v2\/product_tag?post=705634"}],"curies":[{"name":"wp","href":"https:\/\/api.w.org\/{rel}","templated":true}]}}