{"id":705633,"date":"2025-08-27T15:47:27","date_gmt":"2025-08-27T12:47:27","guid":{"rendered":"https:\/\/roveyayinevi.com.tr\/index.php\/urun\/gercek-zenginligin-ruhsal-temeli\/"},"modified":"2026-04-16T02:14:26","modified_gmt":"2026-04-15T23:14:26","slug":"gercek-zenginligin-ruhsal-temeli","status":"publish","type":"product","link":"https:\/\/roveyayinevi.com.tr\/index.php\/urun\/gercek-zenginligin-ruhsal-temeli\/","title":{"rendered":"Ger\u00e7ek Zenginli\u011fin Ruhsal Temeli"},"content":{"rendered":"<p>1.B\u00f6l\u00fcm : Ger\u00e7ek Zenginli\u011fin Ruhsal Temeli2.B\u00f6l\u00fcm : Zenginlik Ki\u015fisel Bir Se\u00e7imdir3.B\u00f6l\u00fcm : Ya\u015fam\u0131n B\u00fct\u00fcn Ama\u00e7lar\u0131n\u0131n Ger\u00e7ekle\u015fmesini M\u00fcmk\u00fcn K\u0131lan Sekiz Ba\u015far\u0131 \u0130lkesi4.B\u00f6l\u00fcm : Zihni ve Ruhu Yenileyen Derin Sessizlik5.B\u00f6l\u00fcm : Berrak Bir Bi\u00e7imde \u0130mgeleyebildi\u011finiz ve \u0130nanabildi\u011finiz \u015eeyi Deneyimleyebilirsiniz6.B\u00f6l\u00fcm : Onaylamalar Nas\u0131l Etkili Bir Bi\u00e7imde Kullan\u0131l\u0131r ?7.B\u00f6l\u00fcm : Para : Nedir ne Nas\u0131l \u0130dare Edilir ?8.B\u00f6l\u00fcm : Bolluk Bilincine Yerle\u015fmi\u015f Bi\u00e7imde, Kaderinizi Ger\u00e7ekle\u015ftirinTerimler S\u00f6zl\u00fc\u011f\u00fc <\/p>\n","protected":false},"excerpt":{"rendered":"<p>1.B\u00f6l\u00fcm : Ger\u00e7ek Zenginli\u011fin Ruhsal Temeli2.B\u00f6l\u00fcm : Zenginlik Ki\u015fisel Bir Se\u00e7imdir3.B\u00f6l\u00fcm : Ya\u015fam\u0131n B\u00fct\u00fcn Ama\u00e7lar\u0131n\u0131n Ger\u00e7ekle\u015fmesini M\u00fcmk\u00fcn K\u0131lan Sekiz Ba\u015far\u0131 \u0130lkesi4.B\u00f6l\u00fcm : Zihni ve Ruhu Yenileyen<span class=\"excerpt-hellip\"> [\u2026]<\/span><\/p>\n","protected":false},"featured_media":0,"template":"","meta":{"_monsterinsights_skip_tracking":false,"_monsterinsights_sitenote_active":false,"_monsterinsights_sitenote_note":"","_monsterinsights_sitenote_category":0},"product_brand":[],"product_cat":[13365,19822],"product_tag":[],"class_list":{"0":"post-705633","1":"product","2":"type-product","3":"status-publish","5":"product_cat-saglik","6":"product_cat-yoga-meditasyon","7":"pa_cilt-ciltsiz","8":"pa_tur-kitap","9":"pa_yayinevi-gazi-kitabevi","10":"pa_yazar-roy-eugene-davis","12":"first","13":"instock","14":"sale","15":"shipping-taxable","16":"purchasable","17":"product-type-simple"},"_links":{"self":[{"href":"https:\/\/roveyayinevi.com.tr\/index.php\/wp-json\/wp\/v2\/product\/705633","targetHints":{"allow":["GET"]}}],"collection":[{"href":"https:\/\/roveyayinevi.com.tr\/index.php\/wp-json\/wp\/v2\/product"}],"about":[{"href":"https:\/\/roveyayinevi.com.tr\/index.php\/wp-json\/wp\/v2\/types\/product"}],"wp:attachment":[{"href":"https:\/\/roveyayinevi.com.tr\/index.php\/wp-json\/wp\/v2\/media?parent=705633"}],"wp:term":[{"taxonomy":"product_brand","embeddable":true,"href":"https:\/\/roveyayinevi.com.tr\/index.php\/wp-json\/wp\/v2\/product_brand?post=705633"},{"taxonomy":"product_cat","embeddable":true,"href":"https:\/\/roveyayinevi.com.tr\/index.php\/wp-json\/wp\/v2\/product_cat?post=705633"},{"taxonomy":"product_tag","embeddable":true,"href":"https:\/\/roveyayinevi.com.tr\/index.php\/wp-json\/wp\/v2\/product_tag?post=705633"}],"curies":[{"name":"wp","href":"https:\/\/api.w.org\/{rel}","templated":true}]}}