{"id":705629,"date":"2025-08-27T15:47:25","date_gmt":"2025-08-27T12:47:25","guid":{"rendered":"https:\/\/roveyayinevi.com.tr\/index.php\/urun\/juju-beni-unutma\/"},"modified":"2026-04-16T02:14:26","modified_gmt":"2026-04-15T23:14:26","slug":"juju-beni-unutma","status":"publish","type":"product","link":"https:\/\/roveyayinevi.com.tr\/index.php\/urun\/juju-beni-unutma\/","title":{"rendered":"Juju Beni Unutma"},"content":{"rendered":"<p>Eviniz, aileniz, okulunuz, arkada\u015flar\u0131n\u0131z varken birdenbire hepsi elinizden al\u0131nsa, ne yapard\u0131n\u0131z? Juju, hemen her k\u00f6\u015fe ba\u015f\u0131nda kar\u015f\u0131m\u0131za \u00e7\u0131kan milyonlarca m\u00fclteci \u00e7ocuktan yaln\u0131zca biri; onun \u00f6yk\u00fcs\u00fcn\u00fc okurken, yery\u00fcz\u00fcn\u00fcn b\u00fct\u00fcn \u00e7ocuklar\u0131n\u0131n \u00f6yk\u00fcs\u00fcn\u00fc de okuyorsunuz asl\u0131nda. Bir yanda ola\u011fan ya\u015famlar\u0131n\u0131 s\u00fcrd\u00fcren insanlar, \u00f6te yanda yerini yurdunu terk etmek zorunda kalan m\u00fclteciler.Sava\u015f\u0131n en a\u011f\u0131r bedelini onlar \u00f6derken, yeti\u015fkinler &#8220;\u00c7ocuktur, anlamaz&#8221; deyip kestirip atarsa bir \u00e7ocuk ne yapmal\u0131? B\u00fct\u00fcn sustuklar\u0131n\u0131 anlat\u0131p sesini duyurabilmeli belki de. Juju da bunu yap\u0131yor. Konu\u015fmas\u0131n\u0131n yasak oldu\u011fu her \u015feyi anlat\u0131yor ve kendi \u00f6yk\u00fcs\u00fcn\u00fc duyuruyor. \u00d6yk\u00fcs\u00fcn\u00fc anlat\u0131rken, sava\u015f\u0131n neden oldu\u011fu b\u00fct\u00fcn k\u00f6t\u00fcl\u00fckleri bir kez daha hat\u0131rlat\u0131yor bize. Juju&#8217;nun dili, vicdan\u0131m\u0131z\u0131n, kalbimizin dili oluyor.Yazar, b\u00fct\u00fcn bunlar\u0131 Juju&#8217;nun a\u011fz\u0131ndan aktar\u0131rken umudu diri tutmay\u0131 da ba\u015far\u0131yor. Her \u015feye ra\u011fmen ya\u015fat\u0131lan dostluklar\u0131, dayan\u0131\u015fmay\u0131 hat\u0131rlat\u0131yor okura. Ya\u015fam boyu elimizden tutacak olan arkada\u015flar, payla\u015f\u0131lan g\u00fczel zamanlar, en b\u00fcy\u00fck hazine olarak hep bizimle gelecek olan hat\u0131ralar\u2026 &#8220;Ama d\u00fcnya televizyon mu ki d\u00fc\u011fmesini \u00e7evirip kapatal\u0131m!&#8221; der, Juju, \u00f6yk\u00fcs\u00fcn\u00fcn bir yerinde. D\u00fcnyan\u0131n d\u00fc\u011fmesini kapatamazsak da, ona g\u00fczel g\u00f6r\u00fcnt\u00fcler eklemek biraz da bizim elimizde de\u011fil mi? Kim bilir?<\/p>\n","protected":false},"excerpt":{"rendered":"<p>Eviniz, aileniz, okulunuz, arkada\u015flar\u0131n\u0131z varken birdenbire hepsi elinizden al\u0131nsa, ne yapard\u0131n\u0131z? Juju, hemen her k\u00f6\u015fe ba\u015f\u0131nda kar\u015f\u0131m\u0131za \u00e7\u0131kan milyonlarca m\u00fclteci \u00e7ocuktan yaln\u0131zca biri; onun \u00f6yk\u00fcs\u00fcn\u00fc okurken,<span class=\"excerpt-hellip\"> [\u2026]<\/span><\/p>\n","protected":false},"featured_media":0,"template":"","meta":{"_monsterinsights_skip_tracking":false,"_monsterinsights_sitenote_active":false,"_monsterinsights_sitenote_note":"","_monsterinsights_sitenote_category":0},"product_brand":[],"product_cat":[12275,12274],"product_tag":[],"class_list":{"0":"post-705629","1":"product","2":"type-product","3":"status-publish","5":"product_cat-6-12-yas-kitaplari","6":"product_cat-cocuk-ve-genclik-kitaplari","7":"pa_cilt-ciltsiz","8":"pa_tur-kitap","9":"pa_yayinevi-bilgi-yayinevi-cocuk","10":"pa_yazar-cigdem-sezer","12":"first","13":"instock","14":"sale","15":"shipping-taxable","16":"purchasable","17":"product-type-simple"},"_links":{"self":[{"href":"https:\/\/roveyayinevi.com.tr\/index.php\/wp-json\/wp\/v2\/product\/705629","targetHints":{"allow":["GET"]}}],"collection":[{"href":"https:\/\/roveyayinevi.com.tr\/index.php\/wp-json\/wp\/v2\/product"}],"about":[{"href":"https:\/\/roveyayinevi.com.tr\/index.php\/wp-json\/wp\/v2\/types\/product"}],"wp:attachment":[{"href":"https:\/\/roveyayinevi.com.tr\/index.php\/wp-json\/wp\/v2\/media?parent=705629"}],"wp:term":[{"taxonomy":"product_brand","embeddable":true,"href":"https:\/\/roveyayinevi.com.tr\/index.php\/wp-json\/wp\/v2\/product_brand?post=705629"},{"taxonomy":"product_cat","embeddable":true,"href":"https:\/\/roveyayinevi.com.tr\/index.php\/wp-json\/wp\/v2\/product_cat?post=705629"},{"taxonomy":"product_tag","embeddable":true,"href":"https:\/\/roveyayinevi.com.tr\/index.php\/wp-json\/wp\/v2\/product_tag?post=705629"}],"curies":[{"name":"wp","href":"https:\/\/api.w.org\/{rel}","templated":true}]}}