{"id":705626,"date":"2025-08-27T15:47:23","date_gmt":"2025-08-27T12:47:23","guid":{"rendered":"https:\/\/roveyayinevi.com.tr\/index.php\/urun\/delikli-kitaplar-serisi-ot-yemeye-bayilirim\/"},"modified":"2026-04-16T02:14:26","modified_gmt":"2026-04-15T23:14:26","slug":"delikli-kitaplar-serisi-ot-yemeye-bayilirim","status":"publish","type":"product","link":"https:\/\/roveyayinevi.com.tr\/index.php\/urun\/delikli-kitaplar-serisi-ot-yemeye-bayilirim\/","title":{"rendered":"Delikli Kitaplar Serisi &#8211; Ot Yemeye Bay\u0131l\u0131r\u0131m!"},"content":{"rendered":"<p>K\u00fc\u00e7\u00fck ya da b\u00fcy\u00fck, \u00fcrkek ya da korkutucu, yava\u015f ya da h\u0131zl\u0131 hayvanlar ge\u00e7idi&#8230; Hepsinin bir ortak tutkusu var: \u00c7ay\u0131rdaki taze otlar! Delikli kitaplar, parlak renkli resimleri ile \u00e7ocuklar\u0131 e\u011flendirecek hik\u00e2yeler anlat\u0131rken merakl\u0131 parmaklar ve g\u00f6zler i\u00e7in hik\u00e2ye keyfine \u00fc\u00e7\u00fcnc\u00fc bir boyut ekliyor. <\/p>\n","protected":false},"excerpt":{"rendered":"<p>K\u00fc\u00e7\u00fck ya da b\u00fcy\u00fck, \u00fcrkek ya da korkutucu, yava\u015f ya da h\u0131zl\u0131 hayvanlar ge\u00e7idi&#8230; Hepsinin bir ortak tutkusu var: \u00c7ay\u0131rdaki taze otlar! Delikli kitaplar, parlak renkli<span class=\"excerpt-hellip\"> [\u2026]<\/span><\/p>\n","protected":false},"featured_media":0,"template":"","meta":{"_monsterinsights_skip_tracking":false,"_monsterinsights_sitenote_active":false,"_monsterinsights_sitenote_note":"","_monsterinsights_sitenote_category":0},"product_brand":[],"product_cat":[12275,12274],"product_tag":[],"class_list":{"0":"post-705626","1":"product","2":"type-product","3":"status-publish","5":"product_cat-6-12-yas-kitaplari","6":"product_cat-cocuk-ve-genclik-kitaplari","7":"pa_cilt-ciltsiz","8":"pa_tur-kitap","9":"pa_yayinevi-potikare-yayincilik","10":"pa_yazar-kolektif","12":"first","13":"instock","14":"sale","15":"shipping-taxable","16":"purchasable","17":"product-type-simple"},"_links":{"self":[{"href":"https:\/\/roveyayinevi.com.tr\/index.php\/wp-json\/wp\/v2\/product\/705626","targetHints":{"allow":["GET"]}}],"collection":[{"href":"https:\/\/roveyayinevi.com.tr\/index.php\/wp-json\/wp\/v2\/product"}],"about":[{"href":"https:\/\/roveyayinevi.com.tr\/index.php\/wp-json\/wp\/v2\/types\/product"}],"wp:attachment":[{"href":"https:\/\/roveyayinevi.com.tr\/index.php\/wp-json\/wp\/v2\/media?parent=705626"}],"wp:term":[{"taxonomy":"product_brand","embeddable":true,"href":"https:\/\/roveyayinevi.com.tr\/index.php\/wp-json\/wp\/v2\/product_brand?post=705626"},{"taxonomy":"product_cat","embeddable":true,"href":"https:\/\/roveyayinevi.com.tr\/index.php\/wp-json\/wp\/v2\/product_cat?post=705626"},{"taxonomy":"product_tag","embeddable":true,"href":"https:\/\/roveyayinevi.com.tr\/index.php\/wp-json\/wp\/v2\/product_tag?post=705626"}],"curies":[{"name":"wp","href":"https:\/\/api.w.org\/{rel}","templated":true}]}}